{"id":338,"date":"2021-02-10T15:36:38","date_gmt":"2021-02-10T15:36:38","guid":{"rendered":"http:\/\/rama-ayana.ru\/?page_id=338"},"modified":"2021-02-10T16:47:45","modified_gmt":"2021-02-10T16:47:45","slug":"338-2","status":"publish","type":"page","link":"https:\/\/rama-ayana.ru\/?page_id=338","title":{"rendered":"04-Ki\u1e63kindh\u0101k\u0101\u1e47\u1e0da-\u0938\u0930\u094d\u0917\u0903 \u0967\u0966"},"content":{"rendered":"\n<p>|| \u0935\u093e\u0932\u094d\u092e\u0940\u0915\u093f \u0930\u093e\u092e\u093e\u092f\u0923 \u2013 \u0915\u093f\u0937\u094d\u0915\u093f\u0928\u094d\u0927\u093e\u0915\u093e\u0923\u094d\u0921 ||<br>|| v\u0101lm\u012bki r\u0101m\u0101ya\u1e47a \u2013 ki\u1e63kindh\u0101k\u0101\u1e47\u1e0da ||<\/p>\n\n\n\n<p>|| \u0938\u0930\u094d\u0917 \u0967\u0966||<br>|| sarga 10||<\/p>\n\n\n\n<p>\u0924\u0924\u0903 \u0915\u094d\u0930\u094b\u0927\u0938\u092e\u093e\u0935\u093f\u0937\u094d\u091f\u0902 \u0938\u0902\u0930\u092c\u094d\u0927\u0902 \u0924\u092e\u0941\u092a\u093e\u0917\u0924\u092e\u094d |<br>\u0905\u0939\u0902 \u092a\u094d\u0930\u0938\u093e\u0926\u092f\u093e\u0902 \u091a\u0915\u094d\u0930\u0947 \u092d\u094d\u0930\u093e\u0924\u0930\u0902 \u092a\u094d\u0930\u093f\u092f\u0915\u093e\u092e\u094d\u092f\u092f\u093e ||\u0967||<br>tata\u1e25 krodhasam\u0101vi\u1e63\u1e6da\u1e43 sa\u1e43rabdha\u1e43 tamup\u0101gatam |<br>aha\u1e43 pras\u0101day\u0101\u1e43 cakre bhr\u0101tara\u1e43 priyak\u0101myay\u0101 ||1||<\/p>\n\n\n\n<p>\u0926\u093f\u0937\u094d\u091f\u094d\u092f\u093e\u0938\u093f \u0915\u0941\u0936\u0932\u0940 \u092a\u094d\u0930\u093e\u092a\u094d\u0924\u094b \u0928\u093f\u0939\u0924\u0936\u094d\u091a \u0924\u094d\u0935\u092f\u093e \u0930\u093f\u092a\u0941\u0903 |<br>\u0905\u0928\u093e\u0925\u0938\u094d\u092f \u0939\u093f \u092e\u0947 \u0928\u093e\u0925\u0938\u094d\u0924\u094d\u0935\u092e\u0947\u0915\u094b\u093d\u0928\u093e\u0925\u0928\u0928\u094d\u0926\u0928\u0903 ||\u0968||<br>di\u1e63\u1e6dy\u0101si ku\u015bal\u012b pr\u0101pto nihata\u015bca tvay\u0101 ripu\u1e25 |<br>an\u0101thasya hi me n\u0101thastvameko&#8217;n\u0101thanandana\u1e25 ||2||<\/p>\n\n\n\n<p>\u0907\u0926\u0902 \u092c\u0939\u0941\u0936\u0932\u093e\u0915\u0902 \u0924\u0947 \u092a\u0942\u0930\u094d\u0923\u091a\u0928\u094d\u0926\u094d\u0930\u092e\u093f\u0935\u094b\u0926\u093f\u0924\u092e\u094d |<br>\u091b\u0924\u094d\u0930\u0902 \u0938\u0935\u093e\u0932\u0935\u094d\u092f\u091c\u0928\u0902 \u092a\u094d\u0930\u0924\u0940\u091a\u094d\u091b\u0938\u094d\u0935 \u092e\u092f\u094b\u0926\u094d\u092f\u0924\u092e\u094d ||\u0969||<br>ida\u1e43 bahu\u015bal\u0101ka\u1e43 te p\u016br\u1e47acandramivoditam |<br>chatra\u1e43 sav\u0101lavyajana\u1e43 prat\u012bcchasva mayodyatam ||3||<\/p>\n\n\n\n<p>\u0924\u094d\u0935\u092e\u0947\u0935 \u0930\u093e\u091c\u093e \u092e\u093e\u0928\u093e\u0930\u094d\u0939\u0903 \u0938\u0926\u093e \u091a\u093e\u0939\u0902 \u092f\u0925\u093e\u092a\u0941\u0930\u093e |<br>\u0928\u094d\u092f\u093e\u0938\u092d\u0942\u0924\u092e\u093f\u0926\u0902 \u0930\u093e\u091c\u094d\u092f\u0902 \u0924\u0935 \u0928\u093f\u0930\u094d\u092f\u093e\u0924\u092f\u093e\u092e\u094d\u092f\u0939\u092e\u094d ||\u096a||<br>tvameva r\u0101j\u0101 m\u0101n\u0101rha\u1e25 sad\u0101 c\u0101ha\u1e43 yath\u0101pur\u0101 |<br>ny\u0101sabh\u016btamida\u1e43 r\u0101jya\u1e43 tava niry\u0101tay\u0101myaham ||4||<\/p>\n\n\n\n<p>\u092e\u093e \u091a \u0930\u094b\u0937\u0902 \u0915\u0943\u0925\u093e\u0903 \u0938\u094c\u092e\u094d\u092f \u092e\u092f\u093f \u0936\u0924\u094d\u0930\u0941\u0928\u093f\u092c\u0930\u094d\u0939\u0923 |<br>\u092f\u093e\u091a\u0947 \u0924\u094d\u0935\u093e\u0902 \u0936\u093f\u0930\u0938\u093e \u0930\u093e\u091c\u0928\u094d\u092e\u092f\u093e \u092c\u0926\u094d\u0927\u094b\u093d\u092f\u092e\u091e\u094d\u091c\u0932\u093f\u0903 ||\u096b||<br>m\u0101 ca ro\u1e63a\u1e43 k\u1e5bth\u0101\u1e25 saumya mayi \u015batrunibarha\u1e47a |<br>y\u0101ce tv\u0101\u1e43 \u015biras\u0101 r\u0101janmay\u0101 baddho&#8217;yama\u00f1jali\u1e25 ||5||<\/p>\n\n\n\n<p>\u092c\u0932\u093e\u0926\u0938\u094d\u092e\u093f \u0938\u092e\u093e\u0917\u092e\u094d\u092f \u092e\u0928\u094d\u0924\u094d\u0930\u093f\u092d\u093f\u0903 \u092a\u0941\u0930\u0935\u093e\u0938\u093f\u092d\u093f\u0903 |<br>\u0930\u093e\u091c\u092d\u093e\u0935\u0947 \u0928\u093f\u092f\u0941\u0915\u094d\u0924\u094b\u093d\u0939\u0902 \u0936\u0942\u0928\u094d\u092f\u0926\u0947\u0936\u091c\u093f\u0917\u0940\u0937\u092f\u093e ||\u096c||<br>bal\u0101dasmi sam\u0101gamya mantribhi\u1e25 purav\u0101sibhi\u1e25 |<br>r\u0101jabh\u0101ve niyukto&#8217;ha\u1e43 \u015b\u016bnyade\u015bajig\u012b\u1e63ay\u0101 ||6||<\/p>\n\n\n\n<p>\u0938\u094d\u0928\u093f\u0917\u094d\u0927\u092e\u0947\u0935\u0902 \u092c\u094d\u0930\u0941\u0935\u093e\u0923\u0902 \u092e\u093e\u0902 \u0938 \u0924\u0941 \u0928\u093f\u0930\u094d\u092d\u0930\u094d\u0924\u094d\u0938\u094d\u092f \u0935\u093e\u0928\u0930\u0903 |<br>\u0927\u093f\u0915\u094d\u0924\u094d\u0935\u093e\u092e\u093f\u0924\u093f \u091a \u092e\u093e\u092e\u0941\u0915\u094d\u0924\u094d\u0935\u093e \u092c\u0939\u0941 \u0924\u0924\u094d\u0924\u0926\u0941\u0935\u093e\u091a \u0939 ||\u096d||<br>snigdhameva\u1e43 bruv\u0101\u1e47a\u1e43 m\u0101\u1e43 sa tu nirbhartsya v\u0101nara\u1e25 |<br>dhiktv\u0101miti ca m\u0101muktv\u0101 bahu tattaduv\u0101ca ha ||7||<\/p>\n\n\n\n<p>\u092a\u094d\u0930\u0915\u0943\u0924\u0940\u0936\u094d\u091a \u0938\u092e\u093e\u0928\u0940\u092f \u092e\u0928\u094d\u0924\u094d\u0930\u093f\u0923\u0936\u094d\u091a\u0948\u0935 \u0938\u0902\u092e\u0924\u093e\u0928\u094d |<br>\u092e\u093e\u092e\u093e\u0939 \u0938\u0941\u0939\u0943\u0926\u093e\u0902 \u092e\u0927\u094d\u092f\u0947 \u0935\u093e\u0915\u094d\u092f\u0902 \u092a\u0930\u092e\u0917\u0930\u094d\u0939\u093f\u0924\u092e\u094d ||\u096e||<br>prak\u1e5bt\u012b\u015bca sam\u0101n\u012bya mantri\u1e47a\u015bcaiva sa\u1e43mat\u0101n |<br>m\u0101m\u0101ha suh\u1e5bd\u0101\u1e43 madhye v\u0101kya\u1e43 paramagarhitam ||8||<\/p>\n\n\n\n<p>\u0935\u093f\u0926\u093f\u0924\u0902 \u0935\u094b \u092f\u0925\u093e \u0930\u093e\u0924\u094d\u0930\u094c \u092e\u093e\u092f\u093e\u0935\u0940 \u0938 \u092e\u0939\u093e\u0938\u0941\u0930\u0903 |<br>\u092e\u093e\u0902 \u0938\u092e\u093e\u0939\u094d\u0935\u092f\u0924 \u0915\u094d\u0930\u0942\u0930\u094b \u092f\u0941\u0926\u094d\u0927\u093e\u0915\u093e\u0919\u094d\u0915\u094d\u0937\u0940 \u0938\u0941\u0926\u0941\u0930\u094d\u092e\u0924\u093f\u0903 ||\u096f||<br>vidita\u1e43 vo yath\u0101 r\u0101trau m\u0101y\u0101v\u012b sa mah\u0101sura\u1e25 |<br>m\u0101\u1e43 sam\u0101hvayata kr\u016bro yuddh\u0101k\u0101\u1e45k\u1e63\u012b sudurmati\u1e25 ||9||<\/p>\n\n\n\n<p>\u0924\u0938\u094d\u092f \u0924\u0926\u094d\u0917\u0930\u094d\u091c\u093f\u0924\u0902 \u0936\u094d\u0930\u0941\u0924\u094d\u0935\u093e \u0928\u093f\u0903\u0938\u0943\u0924\u094b\u093d\u0939\u0902 \u0928\u0943\u092a\u093e\u0932\u092f\u093e\u0924\u094d |<br>\u0905\u0928\u0941\u092f\u093e\u0924\u0936\u094d\u091a \u092e\u093e\u0902 \u0924\u0942\u0930\u094d\u0923\u092e\u092f\u0902 \u092d\u094d\u0930\u093e\u0924\u093e \u0938\u0941\u0926\u093e\u0930\u0941\u0923\u0903 ||\u0967\u0966||<br>tasya tadgarjita\u1e43 \u015brutv\u0101 ni\u1e25s\u1e5bto&#8217;ha\u1e43 n\u1e5bp\u0101lay\u0101t |<br>anuy\u0101ta\u015bca m\u0101\u1e43 t\u016br\u1e47amaya\u1e43 bhr\u0101t\u0101 sud\u0101ru\u1e47a\u1e25 ||10||<\/p>\n\n\n\n<p>\u0938 \u0924\u0941 \u0926\u0943\u0937\u094d\u091f\u094d\u0935\u0948\u0935 \u092e\u093e\u0902 \u0930\u093e\u0924\u094d\u0930\u094c \u0938\u0926\u094d\u0935\u093f\u0924\u0940\u092f\u0902 \u092e\u0939\u093e\u092c\u0932\u0903 |<br>\u092a\u094d\u0930\u093e\u0926\u094d\u0930\u0935\u0926\u094d\u092d\u092f\u0938\u0928\u094d\u0924\u094d\u0930\u0938\u094d\u0924\u094b \u0935\u0940\u0915\u094d\u0937\u094d\u092f\u093e\u0935\u093e\u0902 \u0924\u092e\u0928\u0941\u0926\u094d\u0930\u0941\u0924\u094c |<br>\u0905\u0928\u0941\u0926\u094d\u0930\u0941\u0924\u0938\u094d\u0924\u0941 \u0935\u0947\u0917\u0947\u0928 \u092a\u094d\u0930\u0935\u093f\u0935\u0947\u0936 \u092e\u0939\u093e\u092c\u093f\u0932\u092e\u094d ||\u0967\u0967||<br>sa tu d\u1e5b\u1e63\u1e6dvaiva m\u0101\u1e43 r\u0101trau sadvit\u012bya\u1e43 mah\u0101bala\u1e25 |<br>pr\u0101dravadbhayasantrasto v\u012bk\u1e63y\u0101v\u0101\u1e43 tamanudrutau |<br>anudrutastu vegena pravive\u015ba mah\u0101bilam ||11||<\/p>\n\n\n\n<p>\u0924\u0902 \u092a\u094d\u0930\u0935\u093f\u0937\u094d\u091f\u0902 \u0935\u093f\u0926\u093f\u0924\u094d\u0935\u093e \u0924\u0941 \u0938\u0941\u0918\u094b\u0930\u0902 \u0938\u0941\u092e\u0939\u0926\u094d\u092c\u093f\u0932\u092e\u094d |<br>\u0905\u092f\u092e\u0941\u0915\u094d\u0924\u094b\u093d\u0925 \u092e\u0947 \u092d\u094d\u0930\u093e\u0924\u093e \u092e\u092f\u093e \u0924\u0941 \u0915\u094d\u0930\u0942\u0930\u0926\u0930\u094d\u0936\u0928\u0903 ||\u0967\u0968||<br>ta\u1e43 pravi\u1e63\u1e6da\u1e43 viditv\u0101 tu sughora\u1e43 sumahadbilam |<br>ayamukto&#8217;tha me bhr\u0101t\u0101 may\u0101 tu kr\u016bradar\u015bana\u1e25 ||12||<\/p>\n\n\n\n<p>\u0905\u0939\u0924\u094d\u0935\u093e \u0928\u093e\u0938\u094d\u0924\u093f \u092e\u0947 \u0936\u0915\u094d\u0924\u093f\u0903 \u092a\u094d\u0930\u0924\u093f\u0917\u0928\u094d\u0924\u0941\u092e\u093f\u0924\u0903 \u092a\u0941\u0930\u0940\u092e\u094d |<br>\u092c\u093f\u0932\u0926\u094d\u0935\u093e\u0930\u093f \u092a\u094d\u0930\u0924\u0940\u0915\u094d\u0937 \u0924\u094d\u0935\u0902 \u092f\u093e\u0935\u0926\u0947\u0928\u0902 \u0928\u093f\u0939\u0928\u094d\u092e\u094d\u092f\u0939\u092e\u094d ||\u0967\u0969||<br>ahatv\u0101 n\u0101sti me \u015bakti\u1e25 pratigantumita\u1e25 pur\u012bm |<br>biladv\u0101ri prat\u012bk\u1e63a tva\u1e43 y\u0101vadena\u1e43 nihanmyaham ||13||<\/p>\n\n\n\n<p>\u0938\u094d\u0925\u093f\u0924\u094b\u093d\u092f\u092e\u093f\u0924\u093f \u092e\u0924\u094d\u0935\u093e \u0924\u0941 \u092a\u094d\u0930\u0935\u093f\u0937\u094d\u091f\u094b\u093d\u0939\u0902 \u0926\u0941\u0930\u093e\u0938\u0926\u092e\u094d |<br>\u0924\u0902 \u091a \u092e\u0947 \u092e\u093e\u0930\u094d\u0917\u092e\u093e\u0923\u0938\u094d\u092f \u0917\u0924\u0903 \u0938\u0902\u0935\u0924\u094d\u0938\u0930\u0938\u094d\u0924\u0926\u093e ||\u0967\u096a||<br>sthito&#8217;yamiti matv\u0101 tu pravi\u1e63\u1e6do&#8217;ha\u1e43 dur\u0101sadam |<br>ta\u1e43 ca me m\u0101rgam\u0101\u1e47asya gata\u1e25 sa\u1e43vatsarastad\u0101 ||14||<\/p>\n\n\n\n<p>\u0938 \u0924\u0941 \u0926\u0943\u0937\u094d\u091f\u094b \u092e\u092f\u093e \u0936\u0924\u094d\u0930\u0941\u0930\u0928\u093f\u0930\u094d\u0935\u0947\u0926\u093e\u0926\u094d\u092d\u092f\u093e\u0935\u0939\u0903 |<br>\u0928\u093f\u0939\u0924\u0936\u094d\u091a \u092e\u092f\u093e \u0924\u0924\u094d\u0930 \u0938\u094b\u093d\u0938\u0941\u0930\u094b \u092c\u0928\u094d\u0927\u0941\u092d\u093f\u0903 \u0938\u0939 ||\u0967\u096b||<br>sa tu d\u1e5b\u1e63\u1e6do may\u0101 \u015batruranirved\u0101dbhay\u0101vaha\u1e25 |<br>nihata\u015bca may\u0101 tatra so&#8217;suro bandhubhi\u1e25 saha ||15||<\/p>\n\n\n\n<p>\u0924\u0938\u094d\u092f\u093e\u0938\u094d\u092f\u093e\u0924\u094d\u0924\u0941 \u092a\u094d\u0930\u0935\u0943\u0924\u094d\u0924\u0947\u0928 \u0930\u0941\u0927\u093f\u0930\u094c\u0918\u0947\u0923 \u0924\u0926\u094d\u092c\u093f\u0932\u092e\u094d |<br>\u092a\u0942\u0930\u094d\u0923\u092e\u093e\u0938\u0940\u0926\u094d\u0926\u0941\u0930\u093e\u0915\u094d\u0930\u093e\u092e\u0902 \u0938\u094d\u0924\u0928\u0924\u0938\u094d\u0924\u0938\u094d\u092f \u092d\u0942\u0924\u0932\u0947 ||\u0967\u096c||<br>tasy\u0101sy\u0101ttu prav\u1e5bttena rudhiraughe\u1e47a tadbilam |<br>p\u016br\u1e47am\u0101s\u012bddur\u0101kr\u0101ma\u1e43 stanatastasya bh\u016btale ||16||<\/p>\n\n\n\n<p>\u0938\u0942\u0926\u092f\u093f\u0924\u094d\u0935\u093e \u0924\u0941 \u0924\u0902 \u0936\u0924\u094d\u0930\u0941\u0902 \u0935\u093f\u0915\u094d\u0930\u093e\u0928\u094d\u0924\u0902 \u0926\u0941\u0928\u094d\u0926\u0941\u092d\u0947\u0903 \u0938\u0941\u0924\u092e\u094d |<br>\u0928\u093f\u0937\u094d\u0915\u094d\u0930\u093e\u092e\u0928\u094d\u0928\u0947\u0935 \u092a\u0936\u094d\u092f\u093e\u092e\u093f \u092c\u093f\u0932\u0938\u094d\u092f \u092a\u093f\u0939\u093f\u0924\u0902 \u092e\u0941\u0916\u092e\u094d ||\u0967\u096d||<br>s\u016bdayitv\u0101 tu ta\u1e43 \u015batru\u1e43 vikr\u0101nta\u1e43 dundubhe\u1e25 sutam |<br>ni\u1e63kr\u0101manneva pa\u015by\u0101mi bilasya pihita\u1e43 mukham ||17||<\/p>\n\n\n\n<p>\u0935\u093f\u0915\u094d\u0930\u094b\u0936\u092e\u093e\u0928\u0938\u094d\u092f \u0924\u0941 \u092e\u0947 \u0938\u0941\u0917\u094d\u0930\u0940\u0935\u0947\u0924\u093f \u092a\u0941\u0928\u0903 \u092a\u0941\u0928\u0903 |<br>\u092f\u0926\u093e \u092a\u094d\u0930\u0924\u093f\u0935\u091a\u094b \u0928\u093e\u0938\u094d\u0924\u093f \u0924\u0924\u094b\u093d\u0939\u0902 \u092d\u0943\u0936\u0926\u0941\u0903\u0916\u093f\u0924\u0903 ||\u0967\u096e||<br>vikro\u015bam\u0101nasya tu me sugr\u012bveti puna\u1e25 puna\u1e25 |<br>yad\u0101 prativaco n\u0101sti tato&#8217;ha\u1e43 bh\u1e5b\u015badu\u1e25khita\u1e25 ||18||<\/p>\n\n\n\n<p>\u092a\u093e\u0926\u092a\u094d\u0930\u0939\u093e\u0930\u0948\u0938\u094d\u0924\u0941 \u092e\u092f\u093e \u092c\u0939\u0941\u0936\u0938\u094d\u0924\u0926\u094d\u0935\u093f\u0926\u093e\u0930\u093f\u0924\u092e\u094d |<br>\u0924\u0924\u094b\u093d\u0939\u0902 \u0924\u0947\u0928 \u0928\u093f\u0937\u094d\u0915\u094d\u0930\u092e\u094d\u092f \u092f\u0925\u093e \u092a\u0941\u0928\u0930\u0941\u092a\u093e\u0917\u0924\u0903 ||\u0967\u096f||<br>p\u0101daprah\u0101raistu may\u0101 bahu\u015bastadvid\u0101ritam |<br>tato&#8217;ha\u1e43 tena ni\u1e63kramya yath\u0101 punarup\u0101gata\u1e25 ||19||<\/p>\n\n\n\n<p>\u0924\u0924\u094d\u0930\u093e\u0928\u0947\u0928\u093e\u0938\u094d\u092e\u093f \u0938\u0902\u0930\u0941\u0926\u094d\u0927\u094b \u0930\u093e\u091c\u094d\u092f\u0902 \u092e\u093e\u0930\u094d\u0917\u092f\u0924\u093e\u0924\u094d\u092e\u0928\u0903 |<br>\u0938\u0941\u0917\u094d\u0930\u0940\u0935\u0947\u0923 \u0928\u0943\u0936\u0902\u0938\u0947\u0928 \u0935\u093f\u0938\u094d\u092e\u0943\u0924\u094d\u092f \u092d\u094d\u0930\u093e\u0924\u0943\u0938\u094c\u0939\u0943\u0926\u092e\u094d ||\u0968\u0966||<br>tatr\u0101nen\u0101smi sa\u1e43ruddho r\u0101jya\u1e43 m\u0101rgayat\u0101tmana\u1e25 |<br>sugr\u012bve\u1e47a n\u1e5b\u015ba\u1e43sena vism\u1e5btya bhr\u0101t\u1e5bsauh\u1e5bdam ||20||<\/p>\n\n\n\n<p>\u090f\u0935\u092e\u0941\u0915\u094d\u0924\u094d\u0935\u093e \u0924\u0941 \u092e\u093e\u0902 \u0924\u0924\u094d\u0930 \u0935\u0938\u094d\u0924\u094d\u0930\u0947\u0923\u0948\u0915\u0947\u0928 \u0935\u093e\u0928\u0930\u0903 |<br>\u0924\u0926\u093e \u0928\u093f\u0930\u094d\u0935\u093e\u0938\u092f\u093e\u092e\u093e\u0938 \u0935\u093e\u0932\u0940 \u0935\u093f\u0917\u0924\u0938\u093e\u0927\u094d\u0935\u0938\u0903 ||\u0968\u0967||<br>evamuktv\u0101 tu m\u0101\u1e43 tatra vastre\u1e47aikena v\u0101nara\u1e25 |<br>tad\u0101 nirv\u0101say\u0101m\u0101sa v\u0101l\u012b vigatas\u0101dhvasa\u1e25 ||21||<\/p>\n\n\n\n<p>\u0924\u0947\u0928\u093e\u0939\u092e\u092a\u0935\u093f\u0926\u094d\u0927\u0936\u094d\u091a \u0939\u0943\u0924\u0926\u093e\u0930\u0936\u094d\u091a \u0930\u093e\u0918\u0935 |<br>\u0924\u0926\u094d\u092d\u092f\u093e\u091a\u094d\u091a \u092e\u0939\u0940\u0915\u0943\u0924\u094d\u0938\u094d\u0928\u093e \u0915\u094d\u0930\u093e\u0928\u094d\u0924\u0947\u092f\u0902 \u0938\u0935\u0928\u093e\u0930\u094d\u0923\u0935\u093e ||\u0968\u0968||<br>ten\u0101hamapaviddha\u015bca h\u1e5btad\u0101ra\u015bca r\u0101ghava |<br>tadbhay\u0101cca mah\u012bk\u1e5btsn\u0101 kr\u0101nteya\u1e43 savan\u0101r\u1e47av\u0101 ||22||<\/p>\n\n\n\n<p>\u090b\u0936\u094d\u092f\u092e\u0942\u0915\u0902 \u0917\u093f\u0930\u093f\u0935\u0930\u0902 \u092d\u093e\u0930\u094d\u092f\u093e\u0939\u0930\u0923\u0926\u0941\u0903\u0916\u093f\u0924\u0903 |<br>\u092a\u094d\u0930\u0935\u093f\u0937\u094d\u091f\u094b\u093d\u0938\u094d\u092e\u093f \u0926\u0941\u0930\u093e\u0927\u0930\u094d\u0937\u0902 \u0935\u093e\u0932\u093f\u0928\u0903 \u0915\u093e\u0930\u0923\u093e\u0928\u094d\u0924\u0930\u0947 ||\u0968\u0969||<br>\u1e5b\u015byam\u016bka\u1e43 girivara\u1e43 bh\u0101ry\u0101hara\u1e47adu\u1e25khita\u1e25 |<br>pravi\u1e63\u1e6do&#8217;smi dur\u0101dhar\u1e63a\u1e43 v\u0101lina\u1e25 k\u0101ra\u1e47\u0101ntare ||23||<\/p>\n\n\n\n<p>\u090f\u0924\u0924\u094d\u0924\u0947 \u0938\u0930\u094d\u0935\u092e\u093e\u0916\u094d\u092f\u093e\u0924\u0902 \u0935\u0948\u0930\u093e\u0928\u0941\u0915\u0925\u0928\u0902 \u092e\u0939\u0924\u094d |<br>\u0905\u0928\u093e\u0917\u0938\u093e \u092e\u092f\u093e \u092a\u094d\u0930\u093e\u092a\u094d\u0924\u0902 \u0935\u094d\u092f\u0938\u0928\u0902 \u092a\u0936\u094d\u092f \u0930\u093e\u0918\u0935 ||\u0968\u096a||<br>etatte sarvam\u0101khy\u0101ta\u1e43 vair\u0101nukathana\u1e43 mahat |<br>an\u0101gas\u0101 may\u0101 pr\u0101pta\u1e43 vyasana\u1e43 pa\u015bya r\u0101ghava ||24||<\/p>\n\n\n\n<p>\u0935\u093e\u0932\u093f\u0928\u0938\u094d\u0924\u0941 \u092d\u092f\u093e\u0930\u094d\u0924\u0938\u094d\u092f \u0938\u0930\u094d\u0935\u0932\u094b\u0915\u093e\u092d\u092f\u0919\u094d\u0915\u0930 |<br>\u0915\u0930\u094d\u0924\u0941\u092e\u0930\u094d\u0939\u0938\u093f \u092e\u0947 \u0935\u0940\u0930 \u092a\u094d\u0930\u0938\u093e\u0926\u0902 \u0924\u0938\u094d\u092f \u0928\u093f\u0917\u094d\u0930\u0939\u093e\u0924\u094d ||\u0968\u096b||<br>v\u0101linastu bhay\u0101rtasya sarvalok\u0101bhaya\u1e45kara |<br>kartumarhasi me v\u012bra pras\u0101da\u1e43 tasya nigrah\u0101t ||25||<\/p>\n\n\n\n<p>\u090f\u0935\u092e\u0941\u0915\u094d\u0924\u0903 \u0938 \u0924\u0947\u091c\u0938\u094d\u0935\u0940 \u0927\u0930\u094d\u092e\u091c\u094d\u091e\u094b \u0927\u0930\u094d\u092e\u0938\u0902\u0939\u093f\u0924\u092e\u094d |<br>\u0935\u091a\u0928\u0902 \u0935\u0915\u094d\u0924\u0941\u092e\u093e\u0930\u0947\u092d\u0947 \u0938\u0941\u0917\u094d\u0930\u0940\u0935\u0902 \u092a\u094d\u0930\u0939\u0938\u0928\u094d\u0928\u093f\u0935 ||\u0968\u096c||<br>evamukta\u1e25 sa tejasv\u012b dharmaj\u00f1o dharmasa\u1e43hitam |<br>vacana\u1e43 vaktum\u0101rebhe sugr\u012bva\u1e43 prahasanniva ||26||<\/p>\n\n\n\n<p>\u0905\u092e\u094b\u0918\u093e\u0903 \u0938\u0942\u0930\u094d\u092f\u0938\u0919\u094d\u0915\u093e\u0936\u093e \u092e\u092e\u0947\u092e\u0947 \u0928\u093f\u0936\u093f\u0924\u093e\u0903 \u0936\u0930\u093e\u0903 |<br>\u0924\u0938\u094d\u092e\u093f\u0928\u094d\u0935\u093e\u0932\u093f\u0928\u093f \u0926\u0941\u0930\u094d\u0935\u0943\u0924\u094d\u0924\u0947 \u092a\u0924\u093f\u0937\u094d\u092f\u0928\u094d\u0924\u093f \u0930\u0941\u0937\u093e\u0928\u094d\u0935\u093f\u0924\u093e\u0903 ||\u0968\u096d||<br>amogh\u0101\u1e25 s\u016bryasa\u1e45k\u0101\u015b\u0101 mameme ni\u015bit\u0101\u1e25 \u015bar\u0101\u1e25 |<br>tasminv\u0101lini durv\u1e5btte pati\u1e63yanti ru\u1e63\u0101nvit\u0101\u1e25 ||27||<\/p>\n\n\n\n<p>\u092f\u093e\u0935\u0924\u094d\u0924\u0902 \u0928 \u0939\u093f \u092a\u0936\u094d\u092f\u0947\u092f\u0902 \u0924\u0935 \u092d\u093e\u0930\u094d\u092f\u093e\u092a\u0939\u093e\u0930\u093f\u0923\u092e\u094d |<br>\u0924\u093e\u0935\u0924\u094d\u0938 \u091c\u0940\u0935\u0947\u0924\u094d\u092a\u093e\u092a\u093e\u0924\u094d\u092e\u093e \u0935\u093e\u0932\u0940 \u091a\u093e\u0930\u093f\u0924\u094d\u0930\u0926\u0942\u0937\u0915\u0903 ||\u0968\u096e||<br>y\u0101vatta\u1e43 na hi pa\u015byeya\u1e43 tava bh\u0101ry\u0101pah\u0101ri\u1e47am |<br>t\u0101vatsa j\u012bvetp\u0101p\u0101tm\u0101 v\u0101l\u012b c\u0101ritrad\u016b\u1e63aka\u1e25 ||28||<\/p>\n\n\n\n<p>\u0906\u0924\u094d\u092e\u093e\u0928\u0941\u092e\u093e\u0928\u093e\u0924\u094d\u092a\u0936\u094d\u092f\u093e\u092e\u093f \u092e\u0917\u094d\u0928\u0902 \u0924\u094d\u0935\u093e\u0902 \u0936\u094b\u0915\u0938\u093e\u0917\u0930\u0947 |<br>\u0924\u094d\u0935\u093e\u092e\u0939\u0902 \u0924\u093e\u0930\u092f\u093f\u0937\u094d\u092f\u093e\u092e\u093f \u0915\u093e\u092e\u0902 \u092a\u094d\u0930\u093e\u092a\u094d\u0938\u094d\u092f\u0938\u093f \u092a\u0941\u0937\u094d\u0915\u0932\u092e\u094d ||\u0968\u096f||<br>\u0101tm\u0101num\u0101n\u0101tpa\u015by\u0101mi magna\u1e43 tv\u0101\u1e43 \u015bokas\u0101gare |<br>tv\u0101maha\u1e43 t\u0101rayi\u1e63y\u0101mi k\u0101ma\u1e43 pr\u0101psyasi pu\u1e63kalam ||29||<\/p>\n","protected":false},"excerpt":{"rendered":"<p>|| \u0935\u093e\u0932\u094d\u092e\u0940\u0915\u093f \u0930\u093e\u092e\u093e\u092f\u0923 \u2013 \u0915\u093f\u0937\u094d\u0915\u093f\u0928\u094d\u0927\u093e\u0915\u093e\u0923\u094d\u0921 |||| v\u0101lm\u012bki r\u0101m\u0101ya\u1e47a \u2013 ki\u1e63kindh\u0101k\u0101\u1e47\u1e0da || || \u0938\u0930\u094d\u0917 \u0967\u0966|||| sarga 10|| \u0924\u0924\u0903 \u0915\u094d\u0930\u094b\u0927\u0938\u092e\u093e\u0935\u093f\u0937\u094d\u091f\u0902 \u0938\u0902\u0930\u092c\u094d\u0927\u0902 \u0924\u092e\u0941\u092a\u093e\u0917\u0924\u092e\u094d&hellip;<\/p>\n","protected":false},"author":1,"featured_media":0,"parent":0,"menu_order":0,"comment_status":"closed","ping_status":"closed","template":"","meta":{"footnotes":""},"class_list":["post-338","page","type-page","status-publish","hentry"],"_links":{"self":[{"href":"https:\/\/rama-ayana.ru\/index.php?rest_route=\/wp\/v2\/pages\/338","targetHints":{"allow":["GET"]}}],"collection":[{"href":"https:\/\/rama-ayana.ru\/index.php?rest_route=\/wp\/v2\/pages"}],"about":[{"href":"https:\/\/rama-ayana.ru\/index.php?rest_route=\/wp\/v2\/types\/page"}],"author":[{"embeddable":true,"href":"https:\/\/rama-ayana.ru\/index.php?rest_route=\/wp\/v2\/users\/1"}],"replies":[{"embeddable":true,"href":"https:\/\/rama-ayana.ru\/index.php?rest_route=%2Fwp%2Fv2%2Fcomments&post=338"}],"version-history":[{"count":9,"href":"https:\/\/rama-ayana.ru\/index.php?rest_route=\/wp\/v2\/pages\/338\/revisions"}],"predecessor-version":[{"id":354,"href":"https:\/\/rama-ayana.ru\/index.php?rest_route=\/wp\/v2\/pages\/338\/revisions\/354"}],"wp:attachment":[{"href":"https:\/\/rama-ayana.ru\/index.php?rest_route=%2Fwp%2Fv2%2Fmedia&parent=338"}],"curies":[{"name":"wp","href":"https:\/\/api.w.org\/{rel}","templated":true}]}}