{"id":1719,"date":"2025-10-10T12:09:46","date_gmt":"2025-10-10T10:09:46","guid":{"rendered":"https:\/\/rama-ayana.ru\/?page_id=1719"},"modified":"2025-11-29T14:11:48","modified_gmt":"2025-11-29T13:11:48","slug":"04-ki%e1%b9%a3kindhaka%e1%b9%87%e1%b8%8da-%e0%a4%b8%e0%a4%b0%e0%a5%8d%e0%a4%97%e0%a4%83-%e0%a5%ac%e0%a5%a8","status":"publish","type":"page","link":"https:\/\/rama-ayana.ru\/?page_id=1719","title":{"rendered":"04-Ki\u1e63kindh\u0101k\u0101\u1e47\u1e0da-\u0938\u0930\u094d\u0917\u0903 \u096c\u0968"},"content":{"rendered":"\n<p>\u0965 \u0935\u093e\u0932\u094d\u092e\u0940\u0915\u093f \u0930\u093e\u092e\u093e\u092f\u0923 \u2013 \u0915\u093f\u0937\u094d\u0915\u093f\u0928\u094d\u0927\u093e\u0915\u093e\u0923\u094d\u0921 \u0965<br>\u0965 v\u0101lm\u012bki r\u0101m\u0101ya\u1e47a \u2013 ki\u1e63kindh\u0101k\u0101\u1e47\u1e0da \u0965<\/p>\n\n\n\n<p>\u0965 \u0938\u0930\u094d\u0917-\u096c\u0968\u0965<br>\u0965 sarga-62\u0965<\/p>\n\n\n\n<p>\u041f\u0435\u0440\u0435\u0432\u043e\u0434 \u0441 \u0441\u0430\u043d\u0441\u043a\u0440\u0438\u0442\u0430: \u0410\u043d\u043d\u0430 \u0423\u0441\u0442\u044e\u0433\u043e\u0432\u0430<\/p>\n\n\n\n<figure class=\"wp-block-image size-full is-resized\"><img loading=\"lazy\" decoding=\"async\" width=\"1024\" height=\"1024\" src=\"https:\/\/rama-ayana.ru\/wp-content\/uploads\/2025\/11\/62.jpg\" alt=\"\" class=\"wp-image-1758\" style=\"width:311px;height:auto\" srcset=\"https:\/\/rama-ayana.ru\/wp-content\/uploads\/2025\/11\/62.jpg 1024w, https:\/\/rama-ayana.ru\/wp-content\/uploads\/2025\/11\/62-300x300.jpg 300w, https:\/\/rama-ayana.ru\/wp-content\/uploads\/2025\/11\/62-150x150.jpg 150w, https:\/\/rama-ayana.ru\/wp-content\/uploads\/2025\/11\/62-768x768.jpg 768w\" sizes=\"auto, (max-width: 1024px) 100vw, 1024px\" \/><\/figure>\n\n\n\n<p>\u090f\u0924\u0948\u0930\u0928\u094d\u092f\u0948\u0936\u094d\u091a \u092c\u0939\u0941\u092d\u093f\u0930\u094d\u0935\u093e\u0915\u094d\u092f\u0948\u0930\u094d\u0935\u093e\u0915\u094d\u092f\u0935\u093f\u0936\u093e\u0930\u0926\u0903 \u0964<br>\u092e\u093e\u0902 \u092a\u094d\u0930\u0936\u0938\u094d\u092f\u093e\u092d\u094d\u092f\u0928\u0941\u091c\u094d\u091e\u093e\u092a\u094d\u092f \u092a\u094d\u0930\u0935\u093f\u0937\u094d\u091f\u0903 \u0938 \u0938\u094d\u0935\u092e\u093e\u0936\u094d\u0930\u092e\u092e\u094d \u0965\u0967\u0965<br>etairanyai\u015bca bahubhirv\u0101kyairv\u0101kyavi\u015b\u0101rada\u1e25<br>m\u0101\u1e43 pra\u015basy\u0101bhyanuj\u00f1\u0101pya pravi\u1e63\u1e6da\u1e25 sa svam\u0101\u015bramam<br>\u042d\u0442\u0438\u043c\u0438 \u0438 \u0434\u0440\u0443\u0433\u0438\u043c\u0438 \u043c\u043d\u043e\u0433\u043e\u0447\u0438\u0441\u043b\u0435\u043d\u043d\u044b\u043c\u0438 \u0440\u0435\u0447\u0430\u043c\u0438 \u043e\u043d, \u0443\u043c\u0443\u0434\u0440\u0451\u043d\u043d\u044b\u0439 \u0432 \u0440\u0435\u0447\u0430\u0445, \u043c\u0435\u043d\u044f \u0432\u043e\u0441\u0445\u0432\u0430\u043b\u0438\u0432, \u043f\u043e\u043f\u0440\u043e\u0449\u0430\u0432\u0448\u0438\u0441\u044c, \u0432\u043e\u0448\u0435\u043b \u0432 \u0441\u0432\u043e\u0439 \u0430\u0448\u0440\u0430\u043c.<\/p>\n\n\n\n<p>\u0915\u0928\u094d\u0926\u0930\u093e\u0924\u094d\u0924\u0941 \u0935\u093f\u0938\u0930\u094d\u092a\u093f\u0924\u094d\u0935\u093e \u092a\u0930\u094d\u0935\u0924\u0938\u094d\u092f \u0936\u0928\u0948\u0903 \u0936\u0928\u0948\u0903 \u0964<br>\u0905\u0939\u0902 \u0935\u093f\u0928\u094d\u0927\u094d\u092f\u0902 \u0938\u092e\u093e\u0930\u0941\u0939\u094d\u092f \u092d\u0935\u0924\u0903 \u092a\u094d\u0930\u0924\u093f\u092a\u093e\u0932\u092f\u0947 \u0965\u0968\u0965<br>kandar\u0101ttu visarpitv\u0101 parvatasya \u015banai\u1e25 \u015banai\u1e25<br>aha\u1e43 vindhya\u1e43 sam\u0101ruhya bhavata\u1e25 pratip\u0101laye<br>\u041e\u0442 \u043f\u0435\u0449\u0435\u0440\u044b \u0433\u043e\u0440\u044b \u043e\u0442\u043f\u043e\u043b\u0437\u0448\u0438\u0439 \u043c\u0435\u0434\u043b\u0435\u043d\u043d\u043e, \u044f, \u043d\u0430 \u0412\u0438\u043d\u0434\u0445\u044c\u044e \u043f\u043e\u0434\u043d\u044f\u0432\u0448\u0438\u0441\u044c, \u0442\u0435\u0431\u044f \u0436\u0434\u0443.<\/p>\n\n\n\n<p>\u0905\u0926\u094d\u092f \u0924\u094d\u0935\u0947\u0924\u0938\u094d\u092f \u0915\u093e\u0932\u0938\u094d\u092f \u0938\u093e\u0917\u094d\u0930\u0902 \u0935\u0930\u094d\u0937\u0936\u0924\u0902 \u0917\u0924\u092e\u094d \u0964<br>\u0926\u0947\u0936\u0915\u093e\u0932\u092a\u094d\u0930\u0924\u0940\u0915\u094d\u0937\u094b\u093d\u0938\u094d\u092e\u093f \u0939\u0943\u0926\u093f \u0915\u0943\u0924\u094d\u0935\u093e \u092e\u0941\u0928\u0947\u0930\u094d\u0935\u091a\u0903 \u0965\u0969\u0965<br>adya tvetasya k\u0101lasya s\u0101gra\u1e43 var\u1e63a\u015bata\u1e43 gatam<br>de\u015bak\u0101laprat\u012bk\u1e63o&#8217;smi h\u1e5bdi k\u1e5btv\u0101 munervaca\u1e25<br>\u0421\u0435\u0433\u043e\u0434\u043d\u044f \u043e\u0442 \u044d\u0442\u043e\u0433\u043e \u0441\u0440\u043e\u043a\u0430 \u043f\u043e\u043b\u043d\u043e\u0441\u0442\u044c\u044e 100 \u043b\u0435\u0442 \u043f\u0440\u043e\u0448\u043b\u043e, \u044f \u0435\u0441\u0442\u044c \u043e\u0436\u0438\u0434\u0430\u044e\u0449\u0438\u0439 \u043c\u0435\u0441\u0442\u043e \u0438 \u0432\u0440\u0435\u043c\u044f, \u0443\u0434\u0435\u0440\u0436\u0438\u0432\u0430\u044f \u0432 \u0441\u0435\u0440\u0434\u0446\u0435 \u0440\u0435\u0447\u044c \u043c\u0443\u0434\u0440\u0435\u0446\u0430.<\/p>\n\n\n\n<p>\u092e\u0939\u093e\u092a\u094d\u0930\u0938\u094d\u0925\u093e\u0928\u092e\u093e\u0938\u093e\u0926\u094d\u092f \u0938\u094d\u0935\u0930\u094d\u0917\u0924\u0947 \u0924\u0941 \u0928\u093f\u0936\u093e\u0915\u0930\u0947 \u0964<br>\u092e\u093e\u0902 \u0928\u093f\u0930\u094d\u0926\u0939\u0924\u093f \u0938\u0928\u094d\u0924\u093e\u092a\u094b \u0935\u093f\u0924\u0930\u094d\u0915\u0948\u0930\u094d\u092c\u0939\u0941\u092d\u093f\u0930\u094d\u0935\u0943\u0924\u092e\u094d \u0965\u096a\u0965<br>mah\u0101prasth\u0101nam\u0101s\u0101dya svargate tu ni\u015b\u0101kare<br>m\u0101\u1e43 nirdahati sant\u0101po vitarkairbahubhirv\u1e5btam<br>\u0414\u043e\u0441\u0442\u0438\u0433\u043d\u0443\u0432 \u0432\u0435\u043b\u0438\u043a\u043e\u0435 \u0432 \u0438\u043d\u043e\u0439 \u043c\u0438\u0440 \u043e\u0442\u0431\u044b\u0442\u0438\u0435, \u043f\u0440\u0438 \u0443\u043c\u0435\u0440\u0448\u0435\u043c \u041d\u0438\u0448\u0430\u043a\u0430\u0440\u0435 \u043c\u0435\u043d\u044f \u0441\u0436\u0438\u0433\u0430\u0435\u0442 \u043f\u0435\u0447\u0430\u043b\u044c, \u043d\u0430\u043f\u043e\u043b\u043d\u0435\u043d\u043d\u043e\u0433\u043e \u043c\u043d\u043e\u0433\u043e\u0447\u0438\u0441\u043b\u0435\u043d\u043d\u044b\u043c\u0438 \u0441\u043e\u043c\u043d\u0435\u043d\u0438\u044f\u043c\u0438.<\/p>\n\n\n\n<p>\u0909\u0924\u094d\u0925\u093f\u0924\u093e\u0902 \u092e\u0930\u0923\u0947 \u092c\u0941\u0926\u094d\u0927\u093f\u0902 \u092e\u0941\u0928\u093f\u0935\u093e\u0915\u094d\u092f\u0948\u0930\u094d\u0928\u093f\u0935\u0930\u094d\u0924\u092f\u0947 \u0964<br>\u092c\u0941\u0926\u094d\u0927\u093f\u0930\u094d\u092f\u093e \u0924\u0947\u0928 \u092e\u0947 \u0926\u0924\u094d\u0924\u093e \u092a\u094d\u0930\u093e\u0923\u0938\u0902\u0930\u0915\u094d\u0937\u0923\u093e\u092f \u0924\u0941 \u0964<br>\u0938\u093e \u092e\u0947\u093d\u092a\u0928\u092f\u0924\u0947 \u0926\u0941\u0903\u0916\u0902 \u0926\u0940\u092a\u094d\u0924\u0947\u0935\u093e\u0917\u094d\u0928\u093f\u0936\u093f\u0916\u093e \u0924\u092e\u0903 \u0965\u096b\u0965<br>utthit\u0101\u1e43 mara\u1e47e buddhi\u1e43 muniv\u0101kyairnivartaye<br>buddhiry\u0101 tena me datt\u0101 pr\u0101\u1e47asa\u1e43rak\u1e63a\u1e47\u0101ya tu<br>s\u0101 me&#8217;panayate du\u1e25kha\u1e43 d\u012bptev\u0101gni\u015bikh\u0101 tama\u1e25<br>\u0412\u043e\u0437\u0432\u0440\u0430\u0449\u0443\u0441\u044c \u043a \u043c\u044b\u0441\u043b\u0438, \u0432\u043e\u0437\u043d\u0438\u043a\u0448\u0435\u0439 \u0438\u0437 \u0440\u0435\u0447\u0438 \u043c\u0443\u0434\u0440\u0435\u0446\u0430 \u043f\u0440\u0438 \u0441\u043c\u0435\u0440\u0442\u0438. \u041c\u0443\u0434\u0440\u043e\u0441\u0442\u044c, \u043a\u043e\u0442\u043e\u0440\u0430\u044f \u0438\u043c \u043c\u043d\u0435 \u0434\u0430\u043d\u0430 \u0434\u043b\u044f \u0441\u043e\u0445\u0440\u0430\u043d\u0435\u043d\u0438\u044f \u0436\u0438\u0437\u043d\u0438, \u043e\u043d\u0430 \u0443\u043d\u043e\u0441\u0438\u0442 \u043c\u043e\u044e \u043f\u0435\u0447\u0430\u043b\u044c, \u043a\u0430\u043a \u0432\u0441\u043f\u044b\u0445\u043d\u0443\u0432\u0448\u0435\u0435 \u043f\u043b\u0430\u043c\u044f \u043e\u0433\u043d\u044f \u0442\u044c\u043c\u0443.<\/p>\n\n\n\n<p>\u092c\u0941\u0927\u094d\u092f\u0924\u093e \u091a \u092e\u092f\u093e \u0935\u0940\u0930\u094d\u092f\u0902 \u0930\u093e\u0935\u0923\u0938\u094d\u092f \u0926\u0941\u0930\u093e\u0924\u094d\u092e\u0928\u0903 \u0964<br>\u092a\u0941\u0924\u094d\u0930\u0903 \u0938\u0928\u094d\u0924\u0930\u094d\u091c\u093f\u0924\u094b \u0935\u093e\u0917\u094d\u092d\u093f\u0930\u094d\u0928 \u0924\u094d\u0930\u093e\u0924\u093e \u092e\u0948\u0925\u093f\u0932\u0940 \u0915\u0925\u092e\u094d \u0965\u096c\u0965<br>budhyat\u0101 ca may\u0101 v\u012brya\u1e43 r\u0101va\u1e47asya dur\u0101tmana\u1e25<br>putra\u1e25 santarjito v\u0101gbhirna tr\u0101t\u0101 maithil\u012b katham<br>\u0418 \u043c\u043d\u043e\u044e, \u043e\u0441\u043e\u0437\u043d\u0430\u044e\u0449\u0438\u043c \u0441\u0438\u043b\u0443 \u0420\u0430\u0432\u0430\u043d\u044b \u0437\u043b\u043e\u0433\u043e, \u0441\u044b\u043d \u043e\u0442\u0440\u0443\u0433\u0430\u043d \u0440\u0435\u0447\u0430\u043c\u0438: \u201c\u041f\u043e\u0447\u0435\u043c\u0443 \u041c\u0438\u0442\u0445\u0438\u043b\u0438\u0439\u043a\u0430 \u043d\u0435 \u0437\u0430\u0449\u0438\u0449\u0435\u043d\u0430?\u201d<\/p>\n\n\n\n<p>\u0924\u0938\u094d\u092f\u093e \u0935\u093f\u0932\u092a\u093f\u0924\u0902 \u0936\u094d\u0930\u0941\u0924\u094d\u0935\u093e \u0924\u094c \u091a \u0938\u0940\u0924\u093e\u0935\u093f\u0928\u093e\u0915\u0943\u0924\u094c \u0964<br>\u0928 \u092e\u0947 \u0926\u0936\u0930\u0925\u0938\u094d\u0928\u0947\u0939\u093e\u0924\u094d\u092a\u0941\u0924\u094d\u0930\u0947\u0923\u094b\u0924\u094d\u092a\u093e\u0926\u093f\u0924\u0902 \u092a\u094d\u0930\u093f\u092f\u092e\u094d \u0965\u096d\u0965<br>tasy\u0101 vilapita\u1e43 \u015brutv\u0101 tau ca s\u012bt\u0101vin\u0101k\u1e5btau<br>na me da\u015barathasneh\u0101tputre\u1e47otp\u0101dita\u1e43 priyam<br>\u041f\u0440\u043e \u0435\u0451 \u043f\u043b\u0430\u0447 \u0443\u0441\u043b\u044b\u0448\u0430\u0432 \u0438 \u043f\u0440\u043e \u0442\u0435\u0445 \u043e\u0431\u043e\u0438\u0445 \u043b\u0438\u0448\u0451\u043d\u043d\u044b\u0445 \u0421\u0438\u0442\u044b, \u043c\u043e\u0438\u043c \u0441\u044b\u043d\u043e\u043c \u043d\u0435 \u0431\u044b\u043b\u043e \u0441\u0434\u0435\u043b\u0430\u043d\u0430 \u043b\u044e\u0431\u0435\u0437\u043d\u043e\u0441\u0442\u044c \u043e\u0442 \u043b\u044e\u0431\u0432\u0438 \u043a \u0414\u0430\u0448\u0430\u0440\u0430\u0442\u0445\u0435.<\/p>\n\n\n\n<p>\u0924\u0938\u094d\u092f \u0924\u094d\u0935\u0947\u0935\u0902 \u092c\u094d\u0930\u0941\u0935\u093e\u0923\u0938\u094d\u092f \u0938\u092e\u094d\u092a\u093e\u0924\u0947\u0930\u094d\u0935\u093e\u0928\u0930\u0948\u0903 \u0938\u0939 \u0964<br>\u0909\u0924\u094d\u092a\u0947\u0924\u0924\u0941\u0938\u094d\u0924\u0926\u093e \u092a\u0915\u094d\u0937\u094c \u0938\u092e\u0915\u094d\u0937\u0902 \u0935\u0928\u091a\u093e\u0930\u093f\u0923\u093e\u092e\u094d \u0965\u096e\u0965<br>tasya tveva\u1e43 bruv\u0101\u1e47asya samp\u0101terv\u0101narai\u1e25 saha<br>utpetatustad\u0101 pak\u1e63au samak\u1e63a\u1e43 vanac\u0101ri\u1e47\u0101m<br>\u0423 \u0442\u043e\u0433\u043e \u0436\u0435 \u0442\u0430\u043a \u0433\u043e\u0432\u043e\u0440\u044f\u0449\u0435\u0433\u043e \u0421\u0430\u043c\u043f\u0430\u0442\u0438 \u0432\u043c\u0435\u0441\u0442\u0435 \u0441 \u043e\u0431\u0435\u0437\u044c\u044f\u043d\u0430\u043c\u0438 \u0432\u0437\u043c\u0435\u0442\u043d\u0443\u043b\u0438\u0441\u044c \u0442\u043e\u0433\u0434\u0430 \u043a\u0440\u044b\u043b\u044c\u044f \u043f\u0435\u0440\u0435\u0434 \u0433\u043b\u0430\u0437\u0430\u043c\u0438 \u0436\u0438\u0442\u0435\u043b\u0435\u0439 \u043b\u0435\u0441\u0430.<\/p>\n\n\n\n<p>\u0938 \u0926\u0943\u0937\u094d\u091f\u094d\u0935\u093e \u0938\u094d\u0935\u093e\u0902 \u0924\u0928\u0941\u0902 \u092a\u0915\u094d\u0937\u0948\u0930\u0941\u0926\u094d\u0917\u0924\u0948\u0930\u0930\u0941\u0923\u091a\u094d\u091b\u0926\u0948\u0903 \u0964<br>\u092a\u094d\u0930\u0939\u0930\u094d\u0937\u092e\u0924\u0941\u0932\u0902 \u0932\u0947\u092d\u0947 \u0935\u093e\u0928\u0930\u093e\u0902\u0936\u094d\u091a\u0947\u0926\u092e\u092c\u094d\u0930\u0935\u0940\u0924\u094d \u0965\u096f\u0965<br>sa d\u1e5b\u1e63\u1e6dv\u0101 sv\u0101\u1e43 tanu\u1e43 pak\u1e63airudgatairaru\u1e47acchadai\u1e25<br>prahar\u1e63amatula\u1e43 lebhe v\u0101nar\u0101\u1e43\u015bcedamabrav\u012bt<br>\u041e\u043d, \u0443\u0432\u0438\u0434\u0435\u0432 \u0441\u0432\u043e\u0451 \u0442\u0435\u043b\u043e \u0441 \u043f\u043e\u0434\u043d\u044f\u0432\u0448\u0438\u043c\u0438\u0441\u044f \u043a\u0440\u044b\u043b\u044c\u044f\u043c\u0438 \u0441 \u043a\u0440\u0430\u0441\u043d\u044b\u043c\u0438 \u043f\u0435\u0440\u044c\u044f\u043c\u0438, \u043f\u043e\u043b\u0443\u0447\u0438\u043b \u0431\u043e\u043b\u044c\u0448\u0443\u044e \u0440\u0430\u0434\u043e\u0441\u0442\u044c \u043d\u0435\u0441\u0440\u0430\u0432\u043d\u0435\u043d\u043d\u0443\u044e \u0438 \u043e\u0431\u0435\u0437\u044c\u044f\u043d\u0430\u043c \u0441\u043a\u0430\u0437\u0430\u043b \u044d\u0442\u043e.<\/p>\n\n\n\n<p>\u0928\u093f\u0936\u093e\u0915\u0930\u0938\u094d\u092f \u092e\u0939\u0930\u094d\u0937\u0947\u0903 \u092a\u094d\u0930\u092d\u093e\u0935\u093e\u0926\u092e\u093f\u0924\u093e\u0924\u094d\u092e\u0928\u0903 \u0964<br>\u0906\u0926\u093f\u0924\u094d\u092f\u0930\u0936\u094d\u092e\u093f\u0928\u093f\u0930\u094d\u0926\u0917\u094d\u0927\u094c \u092a\u0915\u094d\u0937\u094c \u092e\u0947 \u092a\u0941\u0928\u0930\u0941\u0924\u094d\u0925\u093f\u0924\u094c \u0965\u0967\u0966\u0965<br>ni\u015b\u0101karasya mahar\u1e63e\u1e25 prabh\u0101v\u0101damit\u0101tmana\u1e25<br>\u0101dityara\u015bminirdagdhau pak\u1e63au me punarutthitau<br>\u201c\u0421\u0438\u043b\u043e\u0439 \u041d\u0438\u0448\u0430\u043a\u0430\u0440\u044b, \u0412\u0435\u043b\u0438\u043a\u043e\u0433\u043e \u0421\u0432\u044f\u0442\u043e\u0433\u043e \u0441 \u043e\u0433\u0440\u043e\u043c\u043d\u044b\u043c \u0440\u0430\u0437\u0443\u043c\u043e\u043c, \u043a\u0440\u044b\u043b\u044c\u044f, \u0441\u0433\u043e\u0440\u0435\u0432\u0448\u0438\u0435 \u0432 \u043b\u0443\u0447\u0430\u0445 \u0441\u043e\u043b\u043d\u0446\u0430, \u0443 \u043c\u0435\u043d\u044f \u0441\u043d\u043e\u0432\u0430 \u043f\u043e\u044f\u0432\u0438\u043b\u0438\u0441\u044c.<\/p>\n\n\n\n<p>\u092f\u094c\u0935\u0928\u0947 \u0935\u0930\u094d\u0924\u092e\u093e\u0928\u0938\u094d\u092f \u092e\u092e\u093e\u0938\u0940\u0926\u094d\u092f\u0903 \u092a\u0930\u093e\u0915\u094d\u0930\u092e\u0903 \u0964<br>\u0924\u092e\u0947\u0935\u093e\u0926\u094d\u092f\u093e\u0935\u0917\u091a\u094d\u091b\u093e\u092e\u093f \u092c\u0932\u0902 \u092a\u094c\u0930\u0941\u0937\u092e\u0947\u0935 \u091a \u0965\u0967\u0967\u0965<br>yauvane vartam\u0101nasya mam\u0101s\u012bdya\u1e25 par\u0101krama\u1e25<br>tamev\u0101dy\u0101vagacch\u0101mi bala\u1e43 pauru\u1e63ameva ca<br>\u0423 \u043c\u0435\u043d\u044f \u0434\u0435\u0439\u0441\u0442\u0432\u0443\u044e\u0449\u0435\u0433\u043e \u0432 \u044e\u043d\u043e\u0441\u0442\u0438 \u043a\u0430\u043a\u0430\u044f \u0431\u044b\u043b\u0430 \u0441\u0438\u043b\u0430, \u0438 \u0438\u043c\u0435\u043d\u043d\u043e \u0442\u0443 \u0441\u0435\u0439\u0447\u0430\u0441 \u044f \u043e\u0449\u0443\u0449\u0430\u044e \u043c\u043e\u043b\u043e\u0436\u0430\u0432\u0443\u044e \u0441\u0438\u043b\u0443.<\/p>\n\n\n\n<p>\u0938\u0930\u094d\u0935\u0925\u093e \u0915\u094d\u0930\u093f\u092f\u0924\u093e\u0902 \u092f\u0924\u094d\u0928\u0903 \u0938\u0940\u0924\u093e\u092e\u0927\u093f\u0917\u092e\u093f\u0937\u094d\u092f\u0925 \u0964<br>\u092a\u0915\u094d\u0937\u0932\u093e\u092d\u094b \u092e\u092e\u093e\u092f\u0902 \u0935\u0903 \u0938\u093f\u0926\u094d\u0927\u093f\u092a\u094d\u0930\u0924\u094d\u092f\u092f\u0915\u093e\u0930\u0915\u0903 \u0965\u0967\u0968\u0965<br>sarvath\u0101 kriyat\u0101\u1e43 yatna\u1e25 s\u012bt\u0101madhigami\u1e63yatha<br>pak\u1e63al\u0101bho mam\u0101ya\u1e43 va\u1e25 siddhipratyayak\u0101raka\u1e25<br>\u0412\u0441\u044f\u0447\u0435\u0441\u043a\u0438 \u043f\u0443\u0441\u0442\u044c \u0431\u0443\u0434\u0435\u0442 \u0441\u0434\u0435\u043b\u0430\u043d\u043e \u0443\u0441\u0438\u043b\u0438\u0435 &#8211; \u043d\u0430\u0439\u0434\u0451\u0442\u0435 \u0421\u0438\u0442\u0443! \u042d\u0442\u043e \u043c\u043e\u0451 \u043f\u0440\u0438\u043e\u0431\u0440\u0435\u0442\u0435\u043d\u0438\u0435 \u043a\u0440\u044b\u043b\u044c\u0435\u0432 &#8211; \u0442\u043e, \u0447\u0442\u043e \u0434\u0435\u043b\u0430\u0435\u0442 \u0434\u043e\u043a\u0430\u0437\u0430\u0442\u0435\u043b\u044c\u0441\u0442\u0432\u0430 \u0432\u0430\u0448\u0435\u0433\u043e \u0443\u0441\u043f\u0435\u0445\u0430.\u201d<\/p>\n\n\n\n<p>\u0907\u0924\u094d\u092f\u0941\u0915\u094d\u0924\u094d\u0935\u093e \u0924\u093e\u0928\u094d\u0939\u0930\u0940\u0928\u094d\u0938\u0930\u094d\u0935\u093e\u0928\u094d\u0938\u092e\u094d\u092a\u093e\u0924\u093f\u0903 \u092a\u0924\u0924\u093e\u0902 \u0935\u0930\u0903 \u0964<br>\u0909\u0924\u094d\u092a\u092a\u093e\u0924 \u0917\u093f\u0930\u0947\u0903 \u0936\u0943\u0919\u094d\u0917\u093e\u091c\u094d\u091c\u093f\u091c\u094d\u091e\u093e\u0938\u0941\u0903 \u0916\u0917\u092e\u094b \u0917\u0924\u093f\u092e\u094d \u0965\u0967\u0969\u0965<br>ityuktv\u0101 t\u0101nhar\u012bnsarv\u0101nsamp\u0101ti\u1e25 patat\u0101\u1e43 vara\u1e25<br>utpap\u0101ta gire\u1e25 \u015b\u1e5b\u1e45g\u0101jjij\u00f1\u0101su\u1e25 khagamo gatim<br>\u0422\u0430\u043a \u0441\u043a\u0430\u0437\u0430\u0432 \u0432\u0441\u0435\u043c \u0442\u0435\u043c \u043e\u0431\u0435\u0437\u044c\u044f\u043d\u0430\u043c \u0421\u0430\u043c\u043f\u0430\u0442\u0438, \u043b\u0443\u0447\u0448\u0438\u0439 \u0441\u0440\u0435\u0434\u0438 \u043b\u0435\u0442\u0430\u044e\u0449\u0438\u0445, \u0432\u0437\u043b\u0435\u0442\u0435\u043b \u0441 \u0432\u0435\u0440\u0448\u0438\u043d\u044b \u0433\u043e\u0440\u044b. \u041f\u0442\u0438\u0446\u0430, \u0438\u0437\u0443\u0447\u0430\u044e\u0449\u0430\u044f \u043f\u043e\u043b\u0451\u0442.<\/p>\n\n\n\n<p>\u0924\u0938\u094d\u092f \u0924\u0926\u094d\u0935\u091a\u0928\u0902 \u0936\u094d\u0930\u0941\u0924\u094d\u0935\u093e \u092a\u094d\u0930\u0940\u0924\u093f\u0938\u0902\u0939\u0943\u0937\u094d\u091f\u092e\u093e\u0928\u0938\u093e\u0903 \u0964<br>\u092c\u092d\u0942\u0935\u0941\u0930\u094d\u0939\u0930\u093f\u0936\u093e\u0930\u094d\u0926\u0942\u0932\u093e \u0935\u093f\u0915\u094d\u0930\u092e\u093e\u092d\u094d\u092f\u0941\u0926\u092f\u094b\u0928\u094d\u092e\u0941\u0916\u093e\u0903 \u0965\u0967\u096a\u0965<br>tasya tadvacana\u1e43 \u015brutv\u0101 pr\u012btisa\u1e43h\u1e5b\u1e63\u1e6dam\u0101nas\u0101\u1e25<br>babh\u016bvurhari\u015b\u0101rd\u016bl\u0101 vikram\u0101bhyudayonmukh\u0101\u1e25<br>\u0415\u0433\u043e \u0442\u0443 \u0440\u0435\u0447\u044c \u0443\u0441\u043b\u044b\u0448\u0430\u0432, \u0442\u0435, \u0443 \u043a\u043e\u0433\u043e \u0443\u043c \u0442\u0440\u0435\u043f\u0435\u0442\u0430\u043b \u043e\u0442 \u0440\u0430\u0434\u043e\u0441\u0442\u0438, \u0441\u0442\u0430\u043b\u0438 \u043b\u0443\u0447\u0448\u0438\u0435 \u0438\u0437 \u043e\u0431\u0435\u0437\u044c\u044f\u043d \u0442\u0435\u043c\u0438, \u043b\u0438\u0446\u0430 \u043a\u043e\u0442\u043e\u0440\u044b\u0445 \u043e\u0437\u0430\u0440\u0438\u043b \u0433\u0435\u0440\u043e\u0438\u0437\u043c.<\/p>\n\n\n\n<p>\u0905\u0925 \u092a\u0935\u0928\u0938\u092e\u093e\u0928\u0935\u093f\u0915\u094d\u0930\u092e\u093e\u0903 \u092a\u094d\u0932\u0935\u0917\u0935\u0930\u093e\u0903 \u092a\u094d\u0930\u0924\u093f\u0932\u092c\u094d\u0927\u092a\u094c\u0930\u0941\u0937\u093e\u0903 \u0964<br>\u0905\u092d\u093f\u091c\u093f\u0926\u092d\u093f\u092e\u0941\u0916\u093e\u0902 \u0926\u093f\u0936\u0902 \u092f\u092f\u0941\u0930\u094d\u091c\u0928\u0915\u0938\u0941\u0924\u093e\u092a\u0930\u093f\u092e\u093e\u0930\u094d\u0917\u0923\u094b\u0928\u094d\u092e\u0941\u0916\u093e\u0903 \u0965\u0967\u096b\u0965<br>atha pavanasam\u0101navikram\u0101\u1e25 plavagavar\u0101\u1e25 pratilabdhapauru\u1e63\u0101\u1e25<br>abhijidabhimukh\u0101\u1e43 di\u015ba\u1e43 yayurjanakasut\u0101parim\u0101rga\u1e47onmukh\u0101\u1e25<br>\u0422\u0430\u043a, \u0440\u0430\u0432\u043d\u044b\u0435 \u043f\u043e \u0441\u0438\u043b\u0435 \u0432\u0435\u0442\u0440\u0443, \u043b\u0443\u0447\u0448\u0438\u0435 \u0438\u0437 \u043e\u0431\u0435\u0437\u044c\u044f\u043d, \u043a\u043e\u0442\u043e\u0440\u044b\u043c \u0432\u0435\u0440\u043d\u0443\u043b\u043e\u0441\u044c \u043c\u0443\u0436\u0435\u0441\u0442\u0432\u043e, \u043f\u043e\u0448\u043b\u0438 \u0432 \u043d\u0430\u043f\u0440\u0430\u0432\u043b\u0435\u043d\u0438\u0438 \u043a \u0441\u043e\u0437\u0432\u0435\u0437\u0434\u0438\u044e \u0430\u0431\u0445\u0438\u0434\u0436\u0438\u0442, \u043d\u0430\u0446\u0435\u043b\u0438\u0432\u0448\u0438\u0435\u0441\u044f \u043d\u0430 \u043f\u043e\u0438\u0441\u043a \u0434\u043e\u0447\u0435\u0440\u0438 \u0414\u0436\u0430\u043d\u0430\u043a\u0438.<\/p>\n","protected":false},"excerpt":{"rendered":"<p>\u0965 \u0935\u093e\u0932\u094d\u092e\u0940\u0915\u093f \u0930\u093e\u092e\u093e\u092f\u0923 \u2013 \u0915\u093f\u0937\u094d\u0915\u093f\u0928\u094d\u0927\u093e\u0915\u093e\u0923\u094d\u0921 \u0965\u0965 v\u0101lm\u012bki r\u0101m\u0101ya\u1e47a \u2013 ki\u1e63kindh\u0101k\u0101\u1e47\u1e0da \u0965 \u0965 \u0938\u0930\u094d\u0917-\u096c\u0968\u0965\u0965 sarga-62\u0965 \u041f\u0435\u0440\u0435\u0432\u043e\u0434 \u0441 \u0441\u0430\u043d\u0441\u043a\u0440\u0438\u0442\u0430: \u0410\u043d\u043d\u0430 \u0423\u0441\u0442\u044e\u0433\u043e\u0432\u0430 \u090f\u0924\u0948\u0930\u0928\u094d\u092f\u0948\u0936\u094d\u091a&hellip;<\/p>\n","protected":false},"author":1,"featured_media":1758,"parent":0,"menu_order":0,"comment_status":"closed","ping_status":"closed","template":"","meta":{"footnotes":""},"class_list":["post-1719","page","type-page","status-publish","has-post-thumbnail","hentry"],"_links":{"self":[{"href":"https:\/\/rama-ayana.ru\/index.php?rest_route=\/wp\/v2\/pages\/1719","targetHints":{"allow":["GET"]}}],"collection":[{"href":"https:\/\/rama-ayana.ru\/index.php?rest_route=\/wp\/v2\/pages"}],"about":[{"href":"https:\/\/rama-ayana.ru\/index.php?rest_route=\/wp\/v2\/types\/page"}],"author":[{"embeddable":true,"href":"https:\/\/rama-ayana.ru\/index.php?rest_route=\/wp\/v2\/users\/1"}],"replies":[{"embeddable":true,"href":"https:\/\/rama-ayana.ru\/index.php?rest_route=%2Fwp%2Fv2%2Fcomments&post=1719"}],"version-history":[{"count":8,"href":"https:\/\/rama-ayana.ru\/index.php?rest_route=\/wp\/v2\/pages\/1719\/revisions"}],"predecessor-version":[{"id":1759,"href":"https:\/\/rama-ayana.ru\/index.php?rest_route=\/wp\/v2\/pages\/1719\/revisions\/1759"}],"wp:featuredmedia":[{"embeddable":true,"href":"https:\/\/rama-ayana.ru\/index.php?rest_route=\/wp\/v2\/media\/1758"}],"wp:attachment":[{"href":"https:\/\/rama-ayana.ru\/index.php?rest_route=%2Fwp%2Fv2%2Fmedia&parent=1719"}],"curies":[{"name":"wp","href":"https:\/\/api.w.org\/{rel}","templated":true}]}}