{"id":1700,"date":"2025-09-27T12:43:54","date_gmt":"2025-09-27T10:43:54","guid":{"rendered":"https:\/\/rama-ayana.ru\/?page_id=1700"},"modified":"2025-10-24T11:53:08","modified_gmt":"2025-10-24T09:53:08","slug":"04-ki%e1%b9%a3kindhaka%e1%b9%87%e1%b8%8da-%e0%a4%b8%e0%a4%b0%e0%a5%8d%e0%a4%97%e0%a4%83-%e0%a5%ac%e0%a5%a6","status":"publish","type":"page","link":"https:\/\/rama-ayana.ru\/?page_id=1700","title":{"rendered":"04-Ki\u1e63kindh\u0101k\u0101\u1e47\u1e0da-\u0938\u0930\u094d\u0917\u0903 \u096c\u0966"},"content":{"rendered":"\n<p>\u0965 \u0935\u093e\u0932\u094d\u092e\u0940\u0915\u093f \u0930\u093e\u092e\u093e\u092f\u0923 \u2013 \u0915\u093f\u0937\u094d\u0915\u093f\u0928\u094d\u0927\u093e\u0915\u093e\u0923\u094d\u0921 \u0965<br>\u0965 v\u0101lm\u012bki r\u0101m\u0101ya\u1e47a \u2013 ki\u1e63kindh\u0101k\u0101\u1e47\u1e0da \u0965<\/p>\n\n\n\n<p>\u0965 \u0938\u0930\u094d\u0917-\u096c\u0966\u0965<br>\u0965 sarga-60\u0965<\/p>\n\n\n\n<figure class=\"wp-block-image size-full is-resized\"><img loading=\"lazy\" decoding=\"async\" width=\"699\" height=\"708\" src=\"https:\/\/rama-ayana.ru\/wp-content\/uploads\/2025\/10\/60-Jatayu-and-Sampati.jpg\" alt=\"\" class=\"wp-image-1733\" style=\"width:195px;height:auto\" srcset=\"https:\/\/rama-ayana.ru\/wp-content\/uploads\/2025\/10\/60-Jatayu-and-Sampati.jpg 699w, https:\/\/rama-ayana.ru\/wp-content\/uploads\/2025\/10\/60-Jatayu-and-Sampati-296x300.jpg 296w\" sizes=\"auto, (max-width: 699px) 100vw, 699px\" \/><\/figure>\n\n\n\n<p>\u041f\u0435\u0440\u0435\u0432\u043e\u0434 \u0441 \u0441\u0430\u043d\u0441\u043a\u0440\u0438\u0442\u0430: \u0410\u043d\u043d\u0430 \u0423\u0441\u0442\u044e\u0433\u043e\u0432\u0430<\/p>\n\n\n\n<p>\u0924\u0924\u0938\u094d\u0924\u0926\u094d\u0926\u093e\u0930\u0941\u0923\u0902 \u0915\u0930\u094d\u092e \u0926\u0941\u0937\u094d\u0915\u0930\u0902 \u0938\u093e\u0939\u0938\u093e\u0924\u094d\u0915\u0943\u0924\u092e\u094d \u0964<br>\u0906\u091a\u091a\u0915\u094d\u0937\u0947 \u092e\u0941\u0928\u0947\u0903 \u0938\u0930\u094d\u0935\u0902 \u0938\u0942\u0930\u094d\u092f\u093e\u0928\u0941\u0917\u092e\u0928\u0902 \u0924\u0925\u093e \u0965\u0967\u0965<br>tatastadd\u0101ru\u1e47a\u1e43 karma du\u1e63kara\u1e43 s\u0101has\u0101tk\u1e5btam \u0964<br>\u0101cacak\u1e63e mune\u1e25 sarva\u1e43 s\u016bry\u0101nugamana\u1e43 tath\u0101 \u09651\u0965<br>\u0417\u0430\u0442\u0435\u043c \u0442\u043e \u0441\u0442\u0440\u0430\u0448\u043d\u043e\u0435, \u0434\u0443\u0440\u043d\u043e\u0435, \u0441\u0434\u0435\u043b\u0430\u043d\u043d\u043e\u0435 \u043e\u0442 \u043e\u043f\u0440\u043e\u043c\u0435\u0442\u0447\u0438\u0432\u043e\u0441\u0442\u0438 \u0434\u0435\u043b\u043e \u0440\u0430\u0441\u0441\u043a\u0430\u0437\u0430\u043b \u0442\u0430\u043a \u043c\u0443\u0434\u0440\u0435\u0446\u0443 \u0432\u0441\u0451 \u0441\u043b\u0435\u0434\u043e\u0432\u0430\u043d\u0438\u0435 \u0437\u0430 \u0441\u043e\u043b\u043d\u0446\u0435\u043c.<\/p>\n\n\n\n<p>\u092d\u0917\u0935\u0928\u094d\u0935\u094d\u0930\u0923\u092f\u0941\u0915\u094d\u0924\u0924\u094d\u0935\u093e\u0932\u094d\u0932\u091c\u094d\u091c\u092f\u093e \u091a\u093e\u0915\u0941\u0932\u0947\u0928\u094d\u0926\u094d\u0930\u093f\u092f\u0903 \u0964<br>\u092a\u0930\u093f\u0936\u094d\u0930\u093e\u0928\u094d\u0924\u094b \u0928 \u0936\u0915\u094d\u0928\u094b\u092e\u093f \u0935\u091a\u0928\u0902 \u092a\u0930\u093f\u092d\u093e\u0937\u093f\u0924\u0941\u092e\u094d \u0965\u0968\u0965<br>bhagavanvra\u1e47ayuktatv\u0101llajjay\u0101 c\u0101kulendriya\u1e25 \u0964<br>pari\u015br\u0101nto na \u015baknomi vacana\u1e43 paribh\u0101\u1e63itum \u09652\u0965<br>\u201c\u0413\u043e\u0441\u043f\u043e\u0434\u0438\u043d, \u043e\u0442 \u0438\u0437\u0440\u0430\u043d\u0435\u043d\u043d\u043e\u0441\u0442\u0438, \u0441\u043e \u0441\u043c\u0443\u0449\u0451\u043d\u043d\u044b\u043c\u0438 \u0447\u0443\u0432\u0441\u0442\u0432\u0430\u043c\u0438 \u043e\u0442 \u0441\u0442\u044b\u0434\u0430, \u0432 \u0438\u0441\u0442\u043e\u0449\u0451\u043d\u043d\u043e\u043c \u044f \u043d\u0435 \u043c\u043e\u0433\u0443 \u0433\u043e\u0432\u043e\u0440\u0438\u0442\u044c \u0440\u0435\u0447\u044c.<\/p>\n\n\n\n<p>\u0905\u0939\u0902 \u091a\u0948\u0935 \u091c\u091f\u093e\u092f\u0941\u0936\u094d\u091a \u0938\u0919\u094d\u0918\u0930\u094d\u0937\u093e\u0926\u094d\u0926\u0930\u094d\u092a\u092e\u094b\u0939\u093f\u0924\u094c \u0964<br>\u0906\u0915\u093e\u0936\u0902 \u092a\u0924\u093f\u0924\u094c \u0935\u0940\u0930\u094c \u091c\u093f\u091c\u094d\u091e\u093e\u0938\u0928\u094d\u0924\u094c \u092a\u0930\u093e\u0915\u094d\u0930\u092e\u092e\u094d \u0965\u0969\u0965<br>aha\u1e43 caiva ja\u1e6d\u0101yu\u015bca sa\u1e45ghar\u1e63\u0101ddarpamohitau \u0964<br>\u0101k\u0101\u015ba\u1e43 patitau v\u012brau jij\u00f1\u0101santau par\u0101kramam \u09653\u0965<br>\u0418 \u0432\u0435\u0434\u044c \u044f, \u0438 \u0414\u0436\u0430\u0442\u0430\u044e \u043e\u0442 \u0441\u043e\u0441\u0442\u044f\u0437\u0430\u043d\u0438\u044f \u0433\u043e\u0440\u0434\u043e\u0441\u0442\u044c\u044e \u043e\u0434\u0443\u0440\u043c\u0430\u043d\u0435\u043d\u043d\u044b\u0435, \u0432 \u043f\u0440\u043e\u0441\u0442\u0440\u0430\u043d\u0441\u0442\u0432\u0435 \u043b\u0435\u0442\u0430\u0432\u0448\u0438\u0435 \u0433\u0435\u0440\u043e\u0438, \u0436\u0435\u043b\u0430\u044e\u0449\u0438\u0435 \u0443\u0437\u043d\u0430\u0442\u044c \u0441\u0438\u043b\u0443.<\/p>\n\n\n\n<p>\u0915\u0948\u0932\u093e\u0938\u0936\u093f\u0916\u0930\u0947 \u092c\u0926\u094d\u0927\u094d\u0935\u093e \u092e\u0941\u0928\u0940\u0928\u093e\u092e\u0917\u094d\u0930\u0924\u0903 \u092a\u0923\u092e\u094d \u0964<br>\u0930\u0935\u093f\u0903 \u0938\u094d\u092f\u093e\u0926\u0928\u0941\u092f\u093e\u0924\u0935\u094d\u092f\u094b \u092f\u093e\u0935\u0926\u0938\u094d\u0924\u0902 \u092e\u0939\u093e\u0917\u093f\u0930\u093f\u092e\u094d \u0965\u096a\u0965<br>kail\u0101sa\u015bikhare baddhv\u0101 mun\u012bn\u0101magrata\u1e25 pa\u1e47am \u0964<br>ravi\u1e25 sy\u0101danuy\u0101tavyo y\u0101vadasta\u1e43 mah\u0101girim \u09654\u0965<br>\u041d\u0430 \u0432\u0435\u0440\u0448\u0438\u043d\u0435 \u041a\u0430\u0439\u043b\u0430\u0441\u0430 \u0437\u0430\u043a\u043b\u044e\u0447\u0438\u0432 \u041f\u0430\u0440\u0438 \u043f\u0435\u0440\u0435\u0434 \u043c\u0443\u0434\u0440\u0435\u0446\u0430\u043c\u0438: \u201c\u041f\u0443\u0441\u0442\u044c \u0441\u043e\u043b\u043d\u0446\u0435 \u0431\u0443\u0434\u0435\u0442 \u043f\u0440\u0435\u0441\u043b\u0435\u0434\u0443\u0435\u043c\u043e \u0434\u043e \u0437\u0430\u0445\u043e\u0434\u0430 \u0443 \u0412\u0435\u043b\u0438\u043a\u043e\u0439 \u0433\u043e\u0440\u044b\u201d.<\/p>\n\n\n\n<p>\u0905\u0925\u093e\u0935\u093e\u0902 \u092f\u0941\u0917\u092a\u0924\u094d\u092a\u094d\u0930\u093e\u092a\u094d\u0924\u093e\u0935\u092a\u0936\u094d\u092f\u093e\u0935 \u092e\u0939\u0940\u0924\u0932\u0947 \u0964<br>\u0930\u0925\u091a\u0915\u094d\u0930\u092a\u094d\u0930\u092e\u093e\u0923\u093e\u0928\u093f \u0928\u0917\u0930\u093e\u0923\u093f \u092a\u0943\u0925\u0915\u094d\u092a\u0943\u0925\u0915\u094d \u0965\u096b\u0965<br>ath\u0101v\u0101\u1e43 yugapatpr\u0101pt\u0101vapa\u015by\u0101va mah\u012btale \u0964<br>rathacakrapram\u0101\u1e47\u0101ni nagar\u0101\u1e47i p\u1e5bthakp\u1e5bthak \u09655\u0965<br>\u0417\u0430\u0442\u0435\u043c \u043c\u044b (\u043e\u0431\u0430) \u043e\u0434\u043d\u043e\u0432\u0440\u0435\u043c\u0435\u043d\u043d\u043e \u0434\u043e\u0441\u0442\u0438\u0433\u0448\u0438\u0435 \u0443\u0432\u0438\u0434\u0435\u043b\u0438 \u043d\u0430 \u043f\u043e\u0432\u0435\u0440\u0445\u043d\u043e\u0441\u0442\u0438 \u0417\u0435\u043c\u043b\u0438 \u0433\u043e\u0440\u043e\u0434\u0430 \u0440\u0430\u0437\u043c\u0435\u0440\u043e\u043c \u0441 \u043a\u043e\u043b\u0435\u0441\u043e \u043f\u043e\u0432\u043e\u0437\u043a\u0438, \u043f\u043e \u043e\u0442\u0434\u0435\u043b\u044c\u043d\u043e\u0441\u0442\u0438.<\/p>\n\n\n\n<p>\u0915\u094d\u0935\u091a\u093f\u0926\u094d\u0935\u093e\u0926\u093f\u0924\u094d\u0930\u0918\u094b\u0937\u093e\u0902\u0936\u094d\u091a \u092c\u094d\u0930\u0939\u094d\u092e\u0918\u094b\u0937\u093e\u0902\u0936\u094d\u091a \u0936\u0941\u0936\u094d\u0930\u0941\u0935 \u0964<br>\u0917\u093e\u092f\u0928\u094d\u0924\u0940\u0936\u094d\u091a\u093e\u0919\u094d\u0917\u0928\u093e \u092c\u0939\u094d\u0935\u0940\u0903 \u092a\u0936\u094d\u092f\u093e\u0935\u094b \u0930\u0915\u094d\u0924\u0935\u093e\u0938\u0938\u0903 \u0965\u096c\u0965<br>kvacidv\u0101ditragho\u1e63\u0101\u1e43\u015bca brahmagho\u1e63\u0101\u1e43\u015bca \u015bu\u015bruva \u0964<br>g\u0101yant\u012b\u015bc\u0101\u1e45gan\u0101 bahv\u012b\u1e25 pa\u015by\u0101vo raktav\u0101sasa\u1e25 \u09656\u0965<br>\u0413\u0434\u0435-\u0442\u043e \u0438 \u0437\u0432\u0443\u043a\u0438 \u043c\u0443\u0437\u044b\u043a\u0430\u043b\u044c\u043d\u044b\u0445 \u0438\u043d\u0441\u0442\u0440\u0443\u043c\u0435\u043d\u0442\u043e\u0432, \u0437\u0432\u0443\u043a\u0438 \u0431\u0440\u0430\u0445\u043c\u0430\u043d\u043e\u0432 \u0441\u043b\u044b\u0448\u0430\u043b\u0438, \u0438 \u043f\u043e\u044e\u0449\u0438\u0445 \u0436\u0435\u043d\u0449\u0438\u043d \u043c\u043d\u043e\u0433\u043e\u0447\u0438\u0441\u043b\u0435\u043d\u043d\u044b\u0445, \u043e\u0434\u0435\u0442\u044b\u0445 \u043a\u0440\u0430\u0441\u043d\u0443\u044e \u043e\u0434\u0435\u0436\u0434\u0443, \u0432\u0438\u0434\u0438\u043c.<\/p>\n\n\n\n<p>\u0924\u0942\u0930\u094d\u0923\u092e\u0941\u0924\u094d\u092a\u0924\u094d\u092f \u091a\u093e\u0915\u093e\u0936\u092e\u093e\u0926\u093f\u0924\u094d\u092f\u092a\u0925\u092e\u093e\u0938\u094d\u0925\u093f\u0924\u094c \u0964<br>\u0906\u0935\u093e\u092e\u093e\u0932\u094b\u0915\u092f\u093e\u0935\u0938\u094d\u0924\u0926\u094d\u0935\u0928\u0902 \u0936\u093e\u0926\u094d\u0935\u0932\u0938\u0902\u0938\u094d\u0925\u093f\u0924\u092e\u094d \u0965\u096d\u0965<br>t\u016br\u1e47amutpatya c\u0101k\u0101\u015bam\u0101dityapatham\u0101sthitau \u0964<br>\u0101v\u0101m\u0101lokay\u0101vastadvana\u1e43 \u015b\u0101dvalasa\u1e43sthitam \u09657\u0965<br>\u0418, \u0431\u044b\u0441\u0442\u0440\u043e \u0432\u0437\u043b\u0435\u0442\u0435\u0432 \u0432 \u043d\u0435\u0431\u043e, \u0432\u0441\u0442\u0443\u043f\u0438\u043b\u0438 \u043d\u0430 \u043f\u0443\u0442\u044c \u0441\u043e\u043b\u043d\u0446\u0430. \u041c\u044b \u043f\u0440\u043e\u0441\u043c\u0430\u0442\u0440\u0438\u0432\u0430\u0435\u043c \u0442\u043e\u0442 \u043b\u0435\u0441, \u0441\u0442\u0430\u0432\u0448\u0438\u0439 \u043f\u043e\u043b\u044f\u043d\u043e\u0439 (\u043f\u043e\u043a\u0440\u044b\u0442\u044b\u0439 \u0442\u0440\u0430\u0432\u043e\u0439).<\/p>\n\n\n\n<p>\u0909\u092a\u0932\u0948\u0930\u093f\u0935 \u0938\u091e\u094d\u091b\u0928\u094d\u0928\u093e \u0926\u0943\u0936\u094d\u092f\u0924\u0947 \u092d\u0942\u0903 \u0936\u093f\u0932\u094b\u091a\u094d\u091a\u092f\u0948\u0903 \u0964<br>\u0906\u092a\u0917\u093e\u092d\u093f\u0936\u094d\u091a \u0938\u0902\u0935\u0940\u0924\u093e \u0938\u0942\u0924\u094d\u0930\u0948\u0930\u093f\u0935 \u0935\u0938\u0941\u0928\u094d\u0927\u0930\u093e \u0965\u096e\u0965<br>upalairiva sa\u00f1chann\u0101 d\u1e5b\u015byate bh\u016b\u1e25 \u015biloccayai\u1e25 \u0964<br>\u0101pag\u0101bhi\u015bca sa\u1e43v\u012bt\u0101 s\u016btrairiva vasundhar\u0101 \u09658\u0965<br>\u041a\u0430\u043a \u043a\u0430\u043c\u043d\u044f\u043c\u0438, \u0417\u0435\u043c\u043b\u044f \u0432\u0438\u0434\u0438\u0442\u0441\u044f, \u043f\u043e\u043a\u0440\u044b\u0442\u0430\u044f \u0433\u043e\u0440\u0430\u043c\u0438, \u0438 \u0440\u0435\u043a\u0430\u043c\u0438, \u043e\u0434\u0435\u0442\u0430\u044f, \u0441\u043b\u043e\u0432\u043d\u043e \u043d\u0438\u0442\u044f\u043c\u0438, \u0417\u0435\u043c\u043b\u044f.<\/p>\n\n\n\n<p>\u0939\u093f\u092e\u0935\u093e\u0902\u0936\u094d\u091a\u0948\u0935 \u0935\u093f\u0928\u094d\u0927\u094d\u092f\u0936\u094d\u091a \u092e\u0947\u0930\u0941\u0936\u094d\u091a \u0938\u0941\u092e\u0939\u093e\u0928\u094d\u0928\u0917\u0903 \u0964<br>\u092d\u0942\u0924\u0932\u0947 \u0938\u092e\u094d\u092a\u094d\u0930\u0915\u093e\u0936\u0928\u094d\u0924\u0947 \u0928\u093e\u0917\u093e \u0907\u0935 \u091c\u0932\u093e\u0936\u092f\u0947 \u0965\u096f\u0965<br>himav\u0101\u1e43\u015bcaiva vindhya\u015bca meru\u015bca sumah\u0101nnaga\u1e25 \u0964<br>bh\u016btale samprak\u0101\u015bante n\u0101g\u0101 iva jal\u0101\u015baye \u09659\u0965<br>\u0418 \u0425\u0438\u043c\u043e\u0432\u0430\u043d, \u0438 \u0412\u0438\u043d\u0434\u0445\u044c\u044f, \u0438 \u041c\u0435\u0440\u0443, \u043e\u0447\u0435\u043d\u044c \u0431\u043e\u043b\u044c\u0448\u0430\u044f \u0433\u043e\u0440\u0430, \u043d\u0430 \u043f\u043e\u0432\u0435\u0440\u0445\u043d\u043e\u0441\u0442\u0438 \u0417\u0435\u043c\u043b\u0438 \u0441\u0438\u044f\u044e\u0442, \u0441\u043b\u043e\u0432\u043d\u043e \u0441\u043b\u043e\u043d\u044b \u0432 \u0432\u043e\u0434\u0435.<\/p>\n\n\n\n<p>\u0924\u0940\u0935\u094d\u0930\u0938\u094d\u0935\u0947\u0926\u0936\u094d\u091a \u0916\u0947\u0926\u0936\u094d\u091a \u092d\u092f\u0902 \u091a\u093e\u0938\u0940\u0924\u094d\u0924\u0926\u093e\u0935\u092f\u094b\u0903 \u0964<br>\u0938\u092e\u093e\u0935\u093f\u0936\u0924 \u092e\u094b\u0939\u0936\u094d\u091a \u092e\u094b\u0939\u093e\u0928\u094d\u092e\u0942\u0930\u094d\u091b\u093e \u091a \u0926\u093e\u0930\u0941\u0923\u093e \u0965\u0967\u0966\u0965<br>t\u012bvrasveda\u015bca kheda\u015bca bhaya\u1e43 c\u0101s\u012bttad\u0101vayo\u1e25 \u0964<br>sam\u0101vi\u015bata moha\u015bca moh\u0101nm\u016brch\u0101 ca d\u0101ru\u1e47\u0101 \u096510\u0965<br>\u0418 \u0438\u043d\u0442\u0435\u043d\u0441\u0438\u0432\u043d\u044b\u0439 \u043f\u043e\u0442, \u0438 \u0443\u0441\u0442\u0430\u043b\u043e\u0441\u0442\u044c, \u0438 \u0441\u0442\u0440\u0430\u0445 \u0431\u044b\u043b \u0442\u043e\u0433\u0434\u0430 \u0443 \u043d\u0430\u0441 \u043e\u0431\u043e\u0438\u0445. \u0412\u043e\u0448\u043b\u043e \u043e\u0446\u0435\u043f\u0435\u043d\u0435\u043d\u0438\u0435 \u043e\u0442 \u0437\u0430\u043c\u0435\u0448\u0430\u0442\u0435\u043b\u044c\u0441\u0442\u0432\u0430 \u0438 \u0441\u0438\u043b\u044c\u043d\u043e\u0435 \u043e\u0431\u043c\u043e\u0440\u043e\u0447\u043d\u043e\u0435 \u0441\u043e\u0441\u0442\u043e\u044f\u043d\u0438\u0435.<\/p>\n\n\n\n<p>\u0928 \u0926\u093f\u0917\u094d\u0935\u093f\u091c\u094d\u091e\u093e\u092f\u0924\u0947 \u092f\u093e\u092e\u094d\u092f\u093e \u0928\u093e\u0917\u094d\u0928\u0947\u092f\u093e \u0928 \u091a \u0935\u093e\u0930\u0941\u0923\u0940 \u0964<br>\u092f\u0941\u0917\u093e\u0928\u094d\u0924\u0947 \u0928\u093f\u092f\u0924\u094b \u0932\u094b\u0915\u094b \u0939\u0924\u094b \u0926\u0917\u094d\u0927 \u0907\u0935\u093e\u0917\u094d\u0928\u093f\u0928\u093e \u0965\u0967\u0967\u0965<br>na digvij\u00f1\u0101yate y\u0101my\u0101 n\u0101gney\u0101 na ca v\u0101ru\u1e47\u012b \u0964<br>yug\u0101nte niyato loko hato dagdha iv\u0101gnin\u0101 \u096511\u0965<br>\u041d\u0435 \u0443\u0437\u043d\u0430\u0451\u0442\u0441\u044f \u0441\u0442\u043e\u0440\u043e\u043d\u0430 \u043f\u0440\u0438\u043d\u0430\u0434\u043b\u0435\u0436\u0430\u0449\u0430\u044f \u042f\u043c\u0435 (\u044e\u0433), \u043d\u0435 \u0443\u0437\u043d\u0430\u0451\u0442\u0441\u044f \u043f\u0440\u0438\u043d\u0430\u0434\u043b\u0435\u0436\u0430\u0449\u0430\u044f \u043e\u0433\u043d\u044e (\u044e\u0433\u043e-\u0432\u043e\u0441\u0442\u043e\u043a), \u043d\u0435 \u0443\u0437\u043d\u0430\u0451\u0442\u0441\u044f \u043f\u0440\u0438\u043d\u0430\u0434\u043b\u0435\u0436\u0430\u0449\u0430\u044f \u0412\u0430\u0440\u0443\u043d\u0435 (\u0437\u0430\u043f\u0430\u0434), \u0441\u043b\u043e\u0432\u043d\u043e \u0441\u043e\u0436\u0436\u0451\u043d\u043d\u044b\u0439 \u043e\u0433\u043d\u0451\u043c, \u0443\u0441\u0442\u0430\u043d\u043e\u0432\u043b\u0435\u043d\u043d\u044b\u0439 \u043c\u0438\u0440 \u0443\u0431\u0438\u0442 \u0432 \u043a\u043e\u043d\u0446\u0435 \u044e\u0433\u0438.<\/p>\n\n\n\n<p>\u092f\u0924\u094d\u0928\u0947\u0928 \u092e\u0939\u0924\u093e \u092d\u0942\u092f\u094b \u0930\u0935\u093f\u0903 \u0938\u092e\u0935\u0932\u094b\u0915\u093f\u0924\u0903 \u0964<br>\u0924\u0941\u0932\u094d\u092f\u0903 \u092a\u0943\u0925\u094d\u0935\u0940\u092a\u094d\u0930\u092e\u093e\u0923\u0947\u0928 \u092d\u093e\u0938\u094d\u0915\u0930\u0903 \u092a\u094d\u0930\u0924\u093f\u092d\u093e\u0924\u093f \u0928\u094c \u0965\u0967\u0968\u0965<br>yatnena mahat\u0101 bh\u016byo ravi\u1e25 samavalokita\u1e25 \u0964<br>tulya\u1e25 p\u1e5bthv\u012bpram\u0101\u1e47ena bh\u0101skara\u1e25 pratibh\u0101ti nau \u096512\u0965<br>\u0411\u043b\u0430\u0433\u043e\u0434\u0430\u0440\u044f \u0441\u0438\u043b\u044c\u043d\u043e\u043c\u0443 \u0441\u0442\u0430\u0440\u0430\u043d\u0438\u044e \u0441\u043e\u043b\u043d\u0446\u0435 \u043d\u0430\u0431\u043b\u044e\u0434\u0430\u043b\u043e\u0441\u044c \u0435\u0449\u0451 \u0441\u0438\u043b\u044c\u043d\u0435\u0435. \u0421\u043e\u043b\u043d\u0446\u0435 \u0441\u0442\u0430\u043b\u043e \u0441\u043e\u043e\u0442\u0432\u0435\u0442\u0441\u0442\u0432\u0443\u044e\u0449\u0438\u043c \u0440\u0430\u0437\u043c\u0435\u0440\u0443 \u0417\u0435\u043c\u043b\u0438 \u0434\u043b\u044f \u043d\u0430\u0441.<\/p>\n\n\n\n<p>\u091c\u091f\u093e\u092f\u0941\u0930\u094d\u092e\u093e\u092e\u0928\u093e\u092a\u0943\u091a\u094d\u091b\u094d\u092f \u0928\u093f\u092a\u092a\u093e\u0924 \u092e\u0939\u0940\u0902 \u0924\u0924\u0903 \u0964<br>\u0924\u0902 \u0926\u0943\u0937\u094d\u091f\u094d\u0935\u093e \u0924\u0942\u0930\u094d\u0923\u092e\u093e\u0915\u093e\u0936\u093e\u0926\u093e\u0924\u094d\u092e\u093e\u0928\u0902 \u092e\u0941\u0915\u094d\u0924\u0935\u093e\u0928\u0939\u092e\u094d \u0965\u0967\u0969\u0965<br>ja\u1e6d\u0101yurm\u0101man\u0101p\u1e5bcchya nipap\u0101ta mah\u012b\u1e43 tata\u1e25 \u0964<br>ta\u1e43 d\u1e5b\u1e63\u1e6dv\u0101 t\u016br\u1e47am\u0101k\u0101\u015b\u0101d\u0101tm\u0101na\u1e43 muktav\u0101naham \u096513\u0965<br>\u0414\u0436\u0430\u0442\u0430\u044e, \u0441\u043e \u043c\u043d\u043e\u0439 \u043d\u0435 \u043f\u043e\u043f\u0440\u043e\u0449\u0430\u0432\u0448\u0438\u0441\u044c, \u0437\u0430\u0442\u0435\u043c \u0443\u043f\u0430\u043b \u043d\u0430 \u0437\u0435\u043c\u043b\u044e, \u0443\u0432\u0438\u0434\u0435\u0432 \u0435\u0433\u043e, \u0431\u044b\u0441\u0442\u0440\u043e \u044f \u0441\u0435\u0431\u044f \u043e\u0441\u0432\u043e\u0431\u043e\u0434\u0438\u043b \u043e\u0442 \u043d\u0435\u0431\u0430.<\/p>\n\n\n\n<p>\u092a\u0915\u094d\u0937\u093e\u092d\u094d\u092f\u093e\u0902 \u091a \u092e\u092f\u093e \u0917\u0941\u092a\u094d\u0924\u094b \u091c\u091f\u093e\u092f\u0941\u0930\u094d\u0928 \u092a\u094d\u0930\u0926\u0939\u094d\u092f\u0924 \u0964<br>\u092a\u094d\u0930\u092e\u093e\u0926\u093e\u0924\u094d\u0924\u0924\u094d\u0930 \u0928\u093f\u0930\u094d\u0926\u0917\u094d\u0927\u0903 \u092a\u0924\u0928\u094d\u0935\u093e\u092f\u0941\u092a\u0925\u093e\u0926\u0939\u092e\u094d \u0965\u0967\u096a\u0965<br>pak\u1e63\u0101bhy\u0101\u1e43 ca may\u0101 gupto ja\u1e6d\u0101yurna pradahyata \u0964<br>pram\u0101d\u0101ttatra nirdagdha\u1e25 patanv\u0101yupath\u0101daham \u096514\u0965<br>\u0418 \u043e\u0431\u043e\u0438\u043c\u0438 \u043a\u0440\u044b\u043b\u044c\u044f\u043c\u0438 \u043c\u043d\u043e\u0439 \u0437\u0430\u0449\u0438\u0449\u0451\u043d\u043d\u044b\u0439 \u0414\u0436\u0430\u0442\u0430\u044e \u043d\u0435 \u0441\u0436\u0451\u0433\u0441\u044f. \u041e\u0442 \u043d\u0435\u0431\u0440\u0435\u0436\u043d\u043e\u0441\u0442\u0438 \u0442\u0430\u043c \u0441\u0433\u043e\u0440\u0435\u0432\u0448\u0438\u0439 \u044f \u043f\u0430\u0434\u0430\u044e \u0441 \u043f\u0443\u0442\u0438 \u0432\u0435\u0442\u0440\u0430.<\/p>\n\n\n\n<p>\u0906\u0936\u0919\u094d\u0915\u0947 \u0924\u0902 \u0928\u093f\u092a\u0924\u093f\u0924\u0902 \u091c\u0928\u0938\u094d\u0925\u093e\u0928\u0947 \u091c\u091f\u093e\u092f\u0941\u0937\u092e\u094d \u0964<br>\u0905\u0939\u0902 \u0924\u0941 \u092a\u0924\u093f\u0924\u094b \u0935\u093f\u0928\u094d\u0927\u094d\u092f\u0947 \u0926\u0917\u094d\u0927\u092a\u0915\u094d\u0937\u094b \u091c\u0921\u0940\u0915\u0943\u0924\u0903 \u0965\u0967\u096b\u0965<br>\u0101\u015ba\u1e45ke ta\u1e43 nipatita\u1e43 janasth\u0101ne ja\u1e6d\u0101yu\u1e63am \u0964<br>aha\u1e43 tu patito vindhye dagdhapak\u1e63o ja\u1e0d\u012bk\u1e5bta\u1e25 \u096515\u0965<br>\u042f \u043e\u0436\u0438\u0434\u0430\u043b, \u0447\u0442\u043e \u0414\u0436\u0430\u0442\u0430\u044e \u0443\u043f\u0430\u043b \u0432 \u0414\u0445\u0430\u043d\u0430\u0441\u0442\u0445\u0430\u043d\u0435. \u042f \u0443\u043f\u0430\u043b \u0436\u0435 \u043d\u0430 \u0412\u0438\u043d\u0434\u0445\u044c\u044e, \u043e\u0431\u043e\u0436\u0436\u0451\u043d\u043d\u043e \u043a\u0440\u044b\u043b\u044c\u043d\u044b\u0439, \u043e\u0446\u0435\u043f\u0435\u043d\u0435\u0432\u0448\u0438\u0439.<\/p>\n\n\n\n<p>\u0930\u093e\u091c\u094d\u092f\u0947\u0928 \u0939\u0940\u0928\u094b \u092d\u094d\u0930\u093e\u0924\u094d\u0930\u093e \u091a \u092a\u0915\u094d\u0937\u093e\u092d\u094d\u092f\u093e\u0902 \u0935\u093f\u0915\u094d\u0930\u092e\u0947\u0923 \u091a \u0964<br>\u0938\u0930\u094d\u0935\u0925\u093e \u092e\u0930\u094d\u0924\u0941\u092e\u0947\u0935\u0947\u091a\u094d\u091b\u0928\u094d\u092a\u0924\u093f\u0937\u094d\u092f\u0947 \u0936\u093f\u0916\u0930\u093e\u0926\u094d\u0917\u093f\u0930\u0947\u0903 \u0965\u0967\u096c\u0965<br>r\u0101jyena h\u012bno bhr\u0101tr\u0101 ca pak\u1e63\u0101bhy\u0101\u1e43 vikrame\u1e47a ca \u0964<br>sarvath\u0101 martumevecchanpati\u1e63ye \u015bikhar\u0101dgire\u1e25 \u096516\u0965<br>\u041b\u0438\u0448\u0451\u043d\u043d\u044b\u0439 \u0446\u0430\u0440\u0441\u0442\u0432\u0430, \u0438 \u0431\u0440\u0430\u0442\u0430, \u0438 \u043a\u0440\u044b\u043b\u044c\u0435\u0432, \u0438 \u0441\u0438\u043b\u044b. \u0412\u0441\u044f\u0447\u0435\u0441\u043a\u0438 \u0442\u0430\u043a \u0436\u0435\u043b\u0430\u044e\u0449\u0438\u0439 \u0443\u043c\u0435\u0440\u0435\u0442\u044c: \u0423\u043f\u0430\u0434\u0443 \u0441 \u0432\u0435\u0440\u0448\u0438\u043d\u044b \u0433\u043e\u0440\u044b\u201d.<\/p>\n","protected":false},"excerpt":{"rendered":"<p>\u0965 \u0935\u093e\u0932\u094d\u092e\u0940\u0915\u093f \u0930\u093e\u092e\u093e\u092f\u0923 \u2013 \u0915\u093f\u0937\u094d\u0915\u093f\u0928\u094d\u0927\u093e\u0915\u093e\u0923\u094d\u0921 \u0965\u0965 v\u0101lm\u012bki r\u0101m\u0101ya\u1e47a \u2013 ki\u1e63kindh\u0101k\u0101\u1e47\u1e0da \u0965 \u0965 \u0938\u0930\u094d\u0917-\u096c\u0966\u0965\u0965 sarga-60\u0965 \u041f\u0435\u0440\u0435\u0432\u043e\u0434 \u0441 \u0441\u0430\u043d\u0441\u043a\u0440\u0438\u0442\u0430: \u0410\u043d\u043d\u0430 \u0423\u0441\u0442\u044e\u0433\u043e\u0432\u0430 \u0924\u0924\u0938\u094d\u0924\u0926\u094d\u0926\u093e\u0930\u0941\u0923\u0902&hellip;<\/p>\n","protected":false},"author":1,"featured_media":1733,"parent":0,"menu_order":0,"comment_status":"closed","ping_status":"closed","template":"","meta":{"footnotes":""},"class_list":["post-1700","page","type-page","status-publish","has-post-thumbnail","hentry"],"_links":{"self":[{"href":"https:\/\/rama-ayana.ru\/index.php?rest_route=\/wp\/v2\/pages\/1700","targetHints":{"allow":["GET"]}}],"collection":[{"href":"https:\/\/rama-ayana.ru\/index.php?rest_route=\/wp\/v2\/pages"}],"about":[{"href":"https:\/\/rama-ayana.ru\/index.php?rest_route=\/wp\/v2\/types\/page"}],"author":[{"embeddable":true,"href":"https:\/\/rama-ayana.ru\/index.php?rest_route=\/wp\/v2\/users\/1"}],"replies":[{"embeddable":true,"href":"https:\/\/rama-ayana.ru\/index.php?rest_route=%2Fwp%2Fv2%2Fcomments&post=1700"}],"version-history":[{"count":10,"href":"https:\/\/rama-ayana.ru\/index.php?rest_route=\/wp\/v2\/pages\/1700\/revisions"}],"predecessor-version":[{"id":1735,"href":"https:\/\/rama-ayana.ru\/index.php?rest_route=\/wp\/v2\/pages\/1700\/revisions\/1735"}],"wp:featuredmedia":[{"embeddable":true,"href":"https:\/\/rama-ayana.ru\/index.php?rest_route=\/wp\/v2\/media\/1733"}],"wp:attachment":[{"href":"https:\/\/rama-ayana.ru\/index.php?rest_route=%2Fwp%2Fv2%2Fmedia&parent=1700"}],"curies":[{"name":"wp","href":"https:\/\/api.w.org\/{rel}","templated":true}]}}