{"id":1479,"date":"2024-10-16T06:50:18","date_gmt":"2024-10-16T06:50:18","guid":{"rendered":"https:\/\/rama-ayana.ru\/?page_id=1479"},"modified":"2025-10-07T18:06:10","modified_gmt":"2025-10-07T16:06:10","slug":"04-ki%e1%b9%a3kindhaka%e1%b9%87%e1%b8%8da-%e0%a4%b8%e0%a4%b0%e0%a5%8d%e0%a4%97%e0%a4%83-%e0%a5%aa%e0%a5%ac","status":"publish","type":"page","link":"https:\/\/rama-ayana.ru\/?page_id=1479","title":{"rendered":"04-Ki\u1e63kindh\u0101k\u0101\u1e47\u1e0da-\u0938\u0930\u094d\u0917\u0903 \u096a\u096c"},"content":{"rendered":"\n<p>\u0965 \u0935\u093e\u0932\u094d\u092e\u0940\u0915\u093f \u0930\u093e\u092e\u093e\u092f\u0923 \u2013 \u0915\u093f\u0937\u094d\u0915\u093f\u0928\u094d\u0927\u093e\u0915\u093e\u0923\u094d\u0921 \u0965<br>\u0965 v\u0101lm\u012bki r\u0101m\u0101ya\u1e47a \u2013 ki\u1e63kindh\u0101k\u0101\u1e47\u1e0da \u0965<\/p>\n\n\n\n<p>\u041f\u0435\u0440\u0435\u0432\u043e\u0434 \u0441 \u0441\u0430\u043d\u0441\u043a\u0440\u0438\u0442\u0430: \u0410\u043d\u043d\u0430 \u0423\u0441\u0442\u044e\u0433\u043e\u0432\u0430<\/p>\n\n\n\n<p>\u0965 \u0938\u0930\u094d\u0917-\u096a\u096c\u0965<br>\u0965 sarga-46\u0965<\/p>\n\n\n\n<p>\u0926\u0930\u094d\u0936\u0928\u093e\u0930\u094d\u0925\u0902 \u0924\u0941 \u0935\u0948\u0926\u0947\u0939\u094d\u092f\u093e\u0903 \u0938\u0930\u094d\u0935\u0924\u0903 \u0915\u092a\u093f\u092f\u0942\u0925\u092a\u093e\u0903 \u0964<br>\u0935\u094d\u092f\u093e\u0926\u093f\u0937\u094d\u091f\u093e\u0903 \u0915\u092a\u093f\u0930\u093e\u091c\u0947\u0928 \u092f\u0925\u094b\u0915\u094d\u0924\u0902 \u091c\u0917\u094d\u092e\u0941\u0930\u091e\u094d\u091c\u0938\u093e \u0965\u0967\u0965<br>dar\u015ban\u0101rtha\u1e43 tu vaidehy\u0101\u1e25 sarvata\u1e25 kapiy\u016bthap\u0101\u1e25<br>vy\u0101di\u1e63\u1e6d\u0101\u1e25 kapir\u0101jena yathokta\u1e43 jagmura\u00f1jas\u0101<br>\u0420\u0430\u0434\u0438 \u0432\u0438\u0434\u0435\u043d\u0438\u044f \u0412\u0430\u0439\u0434\u0435\u0445\u0438 (\u0421\u0438\u0442\u044b), \u043f\u043e\u0432\u0441\u044e\u0434\u0443 \u0432\u043e\u0436\u0430\u043a\u0438 \u043e\u0431\u0435\u0437\u044c\u044f\u043d, \u043d\u0430\u043f\u0440\u0430\u0432\u043b\u0435\u043d\u043d\u044b\u0435 \u043e\u0431\u0435\u0437\u044c\u044f\u043d\u044c\u0438\u043c \u0446\u0430\u0440\u0435\u043c, \u043a\u0430\u043a \u0441\u043a\u0430\u0437\u0430\u043d\u043e \u0432\u044b\u0448\u0435, \u0448\u043b\u0438 \u0431\u044b\u0441\u0442\u0440\u043e.<\/p>\n\n\n\n<p>\u0938\u0930\u093e\u0902\u0938\u093f \u0938\u0930\u093f\u0924\u0903 \u0915\u0915\u094d\u0937\u093e\u0928\u093e\u0915\u093e\u0936\u0902 \u0928\u0917\u0930\u093e\u0923\u093f \u091a \u0964<br>\u0928\u0926\u0940\u0926\u0941\u0930\u094d\u0917\u093e\u0902\u0938\u094d\u0924\u0925\u093e \u0936\u0948\u0932\u093e\u0928\u094d\u0935\u093f\u091a\u093f\u0928\u094d\u0935\u0928\u094d\u0924\u093f \u0938\u092e\u0928\u094d\u0924\u0924\u0903 \u0965\u0968\u0965<br>sar\u0101\u1e43si sarita\u1e25 kak\u1e63\u0101n\u0101k\u0101\u015ba\u1e43 nagar\u0101\u1e47i ca<br>nad\u012bdurg\u0101\u1e43stath\u0101 \u015bail\u0101nvicinvanti samantata\u1e25<br>\u041e\u0437\u0451\u0440\u0430, \u0440\u0435\u043a\u0438, \u043f\u043e\u0442\u0430\u0451\u043d\u043d\u044b\u0435 \u043c\u0435\u0441\u0442\u0430, \u0432\u043e\u0437\u0434\u0443\u0448\u043d\u043e\u0435 \u043f\u0440\u043e\u0441\u0442\u0440\u0430\u043d\u0441\u0442\u0432\u043e \u0438 \u0433\u043e\u0440\u043e\u0434\u0430, \u0442\u0430\u043a\u0436\u0435 \u0433\u043e\u0440\u044b \u0441 \u0442\u0440\u0443\u0434\u043d\u043e\u0434\u043e\u0441\u0442\u0443\u043f\u043d\u044b\u043c\u0438 \u0440\u0435\u043a\u0430\u043c\u0438 \u043e\u0431\u044b\u0441\u043a\u0438\u0432\u0430\u044e\u0442 \u0441\u043e \u0432\u0441\u0435\u0445 \u0441\u0442\u043e\u0440\u043e\u043d.<\/p>\n\n\n\n<p>\u0938\u0941\u0917\u094d\u0930\u0940\u0935\u0947\u0923 \u0938\u092e\u093e\u0916\u094d\u092f\u093e\u0924\u093e\u0928\u094d\u0938\u0930\u094d\u0935\u0947 \u0935\u093e\u0928\u0930\u092f\u0942\u0925\u092a\u093e\u0903 \u0964<br>\u092a\u094d\u0930\u0926\u0947\u0936\u093e\u0928\u094d\u092a\u094d\u0930\u0935\u093f\u091a\u093f\u0928\u094d\u0935\u0928\u094d\u0924\u093f \u0938\u0936\u0948\u0932\u0935\u0928\u0915\u093e\u0928\u0928\u093e\u0928\u094d \u0965\u0969\u0965<br>sugr\u012bve\u1e47a sam\u0101khy\u0101t\u0101nsarve v\u0101naray\u016bthap\u0101\u1e25<br>prade\u015b\u0101npravicinvanti sa\u015bailavanak\u0101nan\u0101n<br>\u0421\u0443\u0433\u0440\u0438\u0432\u043e\u0439 \u043d\u0430\u0437\u0432\u0430\u043d\u043d\u044b\u0435 \u043c\u0435\u0441\u0442\u0430 \u0432\u0441\u0435 \u043e\u0431\u0435\u0437\u044c\u044f\u043d\u044c\u0438 \u0432\u043e\u0436\u0430\u043a\u0438 \u043e\u0431\u044b\u0441\u043a\u0438\u0432\u0430\u044e\u0442, \u0433\u043e\u0440\u044b, \u043b\u0435\u0441\u0430, \u0440\u043e\u0449\u0438.<\/p>\n\n\n\n<p>\u0935\u093f\u091a\u093f\u0924\u094d\u092f \u0926\u093f\u0935\u0938\u0902 \u0938\u0930\u094d\u0935\u0947 \u0938\u0940\u0924\u093e\u0927\u093f\u0917\u092e\u0928\u0947 \u0927\u0943\u0924\u093e\u0903 \u0964<br>\u0938\u092e\u093e\u092f\u093e\u0928\u094d\u0924\u093f \u0938\u094d\u092e \u092e\u0947\u0926\u093f\u0928\u094d\u092f\u093e\u0902 \u0928\u093f\u0936\u093e\u0915\u093e\u0932\u0947\u0937\u0941 \u0935\u093e\u0928\u0930\u093e\u0903 \u0965\u096a\u0965<br>vicitya divasa\u1e43 sarve s\u012bt\u0101dhigamane dh\u1e5bt\u0101\u1e25<br>sam\u0101y\u0101nti sma mediny\u0101\u1e43 ni\u015b\u0101k\u0101le\u1e63u v\u0101nar\u0101\u1e25<br>\u041e\u0431\u044b\u0441\u043a\u0430\u0432 \u0434\u043d\u0451\u043c, \u0432\u0441\u0435 \u0443\u043f\u043e\u0440\u043d\u044b\u0435 \u0432 \u041d\u0430\u0445\u043e\u0434\u043a\u0435 \u0441\u0438\u0442\u044b \u043e\u0431\u0435\u0437\u044c\u044f\u043d\u044b \u043d\u043e\u0447\u044c\u044e \u0440\u0430\u0441\u043f\u043e\u043b\u0430\u0433\u0430\u043b\u0438\u0441\u044c \u043d\u0430 \u0437\u0435\u043c\u043b\u0435.<\/p>\n\n\n\n<p>\u0938\u0930\u094d\u0935\u0930\u094d\u0924\u0941\u0915\u093e\u0902\u0936\u094d\u091a \u0926\u0947\u0936\u0947\u0937\u0941 \u0935\u093e\u0928\u0930\u093e\u0903 \u0938\u092b\u0932\u093e\u0928\u094d\u0926\u094d\u0930\u0941\u092e\u093e\u0928\u094d \u0964<br>\u0906\u0938\u093e\u0926\u094d\u092f \u0930\u091c\u0928\u0940\u0902 \u0936\u092f\u094d\u092f\u093e\u0902 \u091a\u0915\u094d\u0930\u0941\u0903 \u0938\u0930\u094d\u0935\u0947\u0937\u094d\u0935\u0939\u0903\u0938\u0941 \u0924\u0947 \u0965\u096b\u0965<br>sarvartuk\u0101\u1e43\u015bca de\u015be\u1e63u v\u0101nar\u0101\u1e25 saphal\u0101ndrum\u0101n<br>\u0101s\u0101dya rajan\u012b\u1e43 \u015bayy\u0101\u1e43 cakru\u1e25 sarve\u1e63vaha\u1e25su te<br>\u0412 \u043c\u0435\u0441\u0442\u043d\u043e\u0441\u0442\u044f\u0445 \u0442\u0435 \u043e\u0431\u0435\u0437\u044c\u044f\u043d\u044b, \u0432\u0441\u0435 \u0441\u0435\u0437\u043e\u043d\u043d\u044b\u0435 \u043f\u043b\u043e\u0434\u043e\u043d\u043e\u0441\u043d\u044b\u0435 \u0434\u0435\u0440\u0435\u0432\u044c\u044f \u0434\u043e\u0441\u0442\u0438\u0433\u043d\u0443\u0432. \u0434\u0435\u043b\u0430\u043b\u0438 \u043d\u043e\u0447\u043d\u043e\u0439 \u0441\u043e\u043d \u0435\u0436\u0435\u0434\u043d\u0435\u0432\u043d\u043e.<\/p>\n\n\n\n<p>\u0924\u0926\u0939\u0903 \u092a\u094d\u0930\u0925\u092e\u0902 \u0915\u0943\u0924\u094d\u0935\u093e \u092e\u093e\u0938\u0947 \u092a\u094d\u0930\u0938\u094d\u0930\u0935\u0923\u0902 \u0917\u0924\u093e\u0903 \u0964<br>\u0915\u092a\u093f\u0930\u093e\u091c\u0947\u0928 \u0938\u0919\u094d\u0917\u092e\u094d\u092f \u0928\u093f\u0930\u093e\u0936\u093e\u0903 \u0915\u092a\u093f\u092f\u0942\u0925\u092a\u093e\u0903 \u0965\u096c\u0965<br>tadaha\u1e25 prathama\u1e43 k\u1e5btv\u0101 m\u0101se prasrava\u1e47a\u1e43 gat\u0101\u1e25<br>kapir\u0101jena sa\u1e45gamya nir\u0101\u015b\u0101\u1e25 kapiy\u016bthap\u0101\u1e25<br>\u0421\u0447\u0438\u0442\u0430\u044f \u0442\u043e\u0442 \u0434\u0435\u043d\u044c \u0437\u0430 \u043f\u0435\u0440\u0432\u044b\u0439, \u0437\u0430 \u043c\u0435\u0441\u044f\u0446 \u043f\u0440\u0438\u0448\u0435\u0434\u0448\u0438\u0435 \u043d\u0430 \u041f\u0440\u0430\u0441\u0440\u0430\u0432\u0430\u043d\u0443, \u0432\u0441\u0442\u0440\u0435\u0442\u0438\u0432\u0448\u0438\u0441\u044c \u0441 \u043e\u0431\u0435\u0437\u044c\u044f\u043d\u044c\u0438\u043c \u0446\u0430\u0440\u0435\u043c, \u043e\u0442\u0447\u0430\u044f\u0432\u0448\u0438\u0441\u044c, \u043e\u0431\u0435\u0437\u044c\u044f\u043d\u044c\u0438 \u0432\u043e\u0436\u0430\u043a\u0438.<\/p>\n\n\n\n<p>\u0935\u093f\u091a\u093f\u0924\u094d\u092f \u0924\u0941 \u0926\u093f\u0936\u0902 \u092a\u0942\u0930\u094d\u0935\u093e\u0902 \u092f\u0925\u094b\u0915\u094d\u0924\u093e\u0902 \u0938\u091a\u093f\u0935\u0948\u0903 \u0938\u0939 \u0964<br>\u0905\u0926\u0943\u0937\u094d\u091f\u094d\u0935\u093e \u0935\u093f\u0928\u0924\u0903 \u0938\u0940\u0924\u093e\u092e\u093e\u091c\u0917\u093e\u092e \u092e\u0939\u093e\u092c\u0932\u0903 \u0965\u096d\u0965<br>vicitya tu di\u015ba\u1e43 p\u016brv\u0101\u1e43 yathokt\u0101\u1e43 sacivai\u1e25 saha<br>ad\u1e5b\u1e63\u1e6dv\u0101 vinata\u1e25 s\u012bt\u0101m\u0101jag\u0101ma mah\u0101bala\u1e25<br>\u041e\u0431\u044b\u0441\u043a\u0430\u0432 \u0412\u043e\u0441\u0442\u043e\u0447\u043d\u0443\u044e \u0441\u0442\u043e\u0440\u043e\u043d\u0443, \u043a\u0430\u043a \u0431\u044b\u043b\u043e \u0441\u043a\u0430\u0437\u0430\u043d\u043e \u0432\u044b\u0448\u0435, \u0432\u043c\u0435\u0441\u0442\u0435 \u0441 \u0441\u043e\u0432\u0435\u0442\u043d\u0438\u043a\u0430\u043c\u0438 \u0412\u0438\u043d\u0430\u0442\u0430 \u0432\u0435\u043b\u0438\u043a\u043e\u0441\u0438\u043b\u044c\u043d\u044b\u0439 \u043f\u0440\u0438\u0448\u0451\u043b, \u043d\u0435 \u0443\u0432\u0438\u0434\u0435\u0432 \u0421\u0438\u0442\u0443.<\/p>\n\n\n\n<p>\u0909\u0924\u094d\u0924\u0930\u093e\u0902 \u0924\u0941 \u0926\u093f\u0936\u0902 \u0938\u0930\u094d\u0935\u093e\u0902 \u0935\u093f\u091a\u093f\u0924\u094d\u092f \u0938 \u092e\u0939\u093e\u0915\u092a\u093f\u0903 \u0964<br>\u0906\u0917\u0924\u0903 \u0938\u0939 \u0938\u0948\u0928\u094d\u092f\u0947\u0928 \u0935\u0940\u0930\u0903 \u0936\u0924\u092c\u0932\u093f\u0938\u094d\u0924\u0926\u093e \u0965\u096e\u0965<br>uttar\u0101\u1e43 tu di\u015ba\u1e43 sarv\u0101\u1e43 vicitya sa mah\u0101kapi\u1e25<br>\u0101gata\u1e25 saha sainyena v\u012bra\u1e25 \u015batabalistad\u0101<br>\u0421\u0435\u0432\u0435\u0440\u043d\u0443\u044e \u0441\u0442\u043e\u0440\u043e\u043d\u0443 \u0432\u0441\u044e \u043e\u0431\u044b\u0441\u043a\u0430\u0432, \u0442\u043e\u0433\u0434\u0430 \u0442\u0430 \u0432\u0435\u043b\u0438\u043a\u0430\u044f \u043e\u0431\u0435\u0437\u044c\u044f\u043d\u0430, \u0433\u0435\u0440\u043e\u0439 \u0428\u0430\u0442\u0430\u0431\u0430\u043b\u0438 \u043f\u0440\u0438\u0448\u0451\u043b \u0432\u043c\u0435\u0441\u0442\u0435 \u0441 \u0432\u043e\u0439\u0441\u043a\u043e\u043c.<\/p>\n\n\n\n<p>\u0938\u0941\u0937\u0947\u0923\u0903 \u092a\u0936\u094d\u091a\u093f\u092e\u093e\u092e\u093e\u0936\u093e\u0902 \u0935\u093f\u091a\u093f\u0924\u094d\u092f \u0938\u0939 \u0935\u093e\u0928\u0930\u0948\u0903 \u0964<br>\u0938\u092e\u0947\u0924\u094d\u092f \u092e\u093e\u0938\u0947 \u0938\u092e\u094d\u092a\u0942\u0930\u094d\u0923\u0947 \u0938\u0941\u0917\u094d\u0930\u0940\u0935\u092e\u0941\u092a\u091a\u0915\u094d\u0930\u092e\u0947 \u0965\u096f\u0965<br>su\u1e63e\u1e47a\u1e25 pa\u015bcim\u0101m\u0101\u015b\u0101\u1e43 vicitya saha v\u0101narai\u1e25<br>sametya m\u0101se samp\u016br\u1e47e sugr\u012bvamupacakrame<br>\u0421\u0443\u0448\u0435\u043d\u0430 \u0432\u043c\u0435\u0441\u0442\u0435 \u0441 \u043e\u0431\u0435\u0437\u044c\u044f\u043d\u0430\u043c\u0438, \u0437\u0430\u043f\u0430\u0434\u043d\u0443\u044e \u0441\u0442\u043e\u0440\u043e\u043d\u0443 \u043e\u0431\u044b\u0441\u043a\u0430\u0432, \u043f\u0440\u0438\u0434\u044f \u0447\u0435\u0440\u0435\u0437 \u043c\u0435\u0441\u044f\u0446, \u043a \u0421\u0443\u0433\u0440\u0438\u0432\u0435 \u043f\u043e\u0434\u043e\u0448\u0451\u043b.<\/p>\n\n\n\n<p>\u0924\u0902 \u092a\u094d\u0930\u0938\u094d\u0930\u0935\u0923\u092a\u0943\u0937\u094d\u0920\u0938\u094d\u0925\u0902 \u0938\u092e\u093e\u0938\u093e\u0926\u094d\u092f\u093e\u092d\u093f\u0935\u093e\u0926\u094d\u092f \u091a \u0964<br>\u0906\u0938\u0940\u0928\u0902 \u0938\u0939 \u0930\u093e\u092e\u0947\u0923 \u0938\u0941\u0917\u094d\u0930\u0940\u0935\u092e\u093f\u0926\u092e\u092c\u094d\u0930\u0941\u0935\u0928\u094d \u0965\u0967\u0966\u0965<br>ta\u1e43 prasrava\u1e47ap\u1e5b\u1e63\u1e6dhastha\u1e43 sam\u0101s\u0101dy\u0101bhiv\u0101dya ca<br>\u0101s\u012bna\u1e43 saha r\u0101me\u1e47a sugr\u012bvamidamabruvan<br>\u0414\u043e\u0441\u0442\u0438\u0433\u043d\u0443\u0432 \u0438 \u043f\u043e\u043f\u0440\u0438\u0432\u0435\u0442\u0441\u0442\u0432\u043e\u0432\u0430\u0432, \u0442\u043e\u043c\u0443 \u043d\u0430\u0445\u043e\u0434\u044f\u0449\u0435\u043c\u0443\u0441\u044f \u043d\u0430 \u0433\u043e\u0440\u0435 \u041f\u0440\u0430\u0441\u0440\u0430\u0432\u0430\u043d\u0435, \u0441\u0438\u0434\u044f\u0449\u0435\u043c\u0443 \u0432\u043c\u0435\u0441\u0442\u0435 \u0441 \u0420\u0430\u043c\u043e\u0439 \u0421\u0443\u0433\u0440\u0438\u0432\u0435 \u044d\u0442\u043e \u0441\u043a\u0430\u0437\u0430\u043b\u0438:<\/p>\n\n\n\n<p>\u0935\u093f\u091a\u093f\u0924\u093e\u0903 \u092a\u0930\u094d\u0935\u0924\u093e\u0903 \u0938\u0930\u094d\u0935\u0947 \u0935\u0928\u093e\u0928\u093f \u0928\u0917\u0930\u093e\u0923\u093f \u091a \u0964<br>\u0928\u093f\u092e\u094d\u0928\u0917\u093e\u0903 \u0938\u093e\u0917\u0930\u093e\u0928\u094d\u0924\u093e\u0936\u094d\u091a \u0938\u0930\u094d\u0935\u0947 \u091c\u0928\u092a\u0926\u093e\u0938\u094d\u0924\u0925\u093e \u0965\u0967\u0967\u0965<br>vicit\u0101\u1e25 parvat\u0101\u1e25 sarve van\u0101ni nagar\u0101\u1e47i ca<br>nimnag\u0101\u1e25 s\u0101gar\u0101nt\u0101\u015bca sarve janapad\u0101stath\u0101<br>\u201c\u041e\u0431\u044b\u0441\u043a\u0430\u043d\u044b \u0432\u0441\u0435 \u0433\u043e\u0440\u044b, \u043b\u0435\u0441\u0430 \u0438 \u0433\u043e\u0440\u043e\u0434\u0430, \u0440\u0435\u043a\u0438 \u0438 \u043f\u043e\u0431\u0435\u0440\u0435\u0436\u044c\u044f \u043e\u043a\u0435\u0430\u043d\u043e\u0432, \u0432\u0441\u0435 \u0433\u043e\u0441\u0443\u0434\u0430\u0440\u0441\u0442\u0432\u0430 \u0442\u0430\u043a\u0436\u0435.<\/p>\n\n\n\n<p>\u0917\u0941\u0939\u093e\u0936\u094d\u091a \u0935\u093f\u091a\u093f\u0924\u093e\u0903 \u0938\u0930\u094d\u0935\u093e \u092f\u093e\u0938\u094d\u0924\u094d\u0935\u092f\u093e \u092a\u0930\u093f\u0915\u0940\u0930\u094d\u0924\u093f\u0924\u093e\u0903 \u0964<br>\u0935\u093f\u091a\u093f\u0924\u093e\u0936\u094d\u091a \u092e\u0939\u093e\u0917\u0941\u0932\u094d\u092e\u093e \u0932\u0924\u093e\u0935\u093f\u0924\u0924\u0938\u0928\u094d\u0924\u0924\u093e\u0903 \u0965\u0967\u0968\u0965<br>guh\u0101\u015bca vicit\u0101\u1e25 sarv\u0101 y\u0101stvay\u0101 parik\u012brtit\u0101\u1e25<br>vicit\u0101\u015bca mah\u0101gulm\u0101 lat\u0101vitatasantat\u0101\u1e25<br>\u0418 \u0432\u0441\u0435, \u043a\u043e\u0442\u043e\u0440\u044b\u0435 \u0442\u043e\u0431\u043e\u0439 \u043f\u0435\u0440\u0435\u0447\u0438\u0441\u043b\u0435\u043d\u044b, \u043f\u0435\u0449\u0435\u0440\u044b \u043e\u0431\u044b\u0441\u043a\u0430\u043d\u044b, \u0438 \u0431\u043e\u043b\u044c\u0448\u0438\u0435 \u043a\u0443\u0441\u0442\u044b, \u043f\u043e\u043a\u0440\u044b\u0442\u044b\u0435 \u043e\u0431\u0448\u0438\u0440\u043d\u044b\u043c\u0438 \u043b\u0438\u0430\u043d\u0430\u043c\u0438 \u043e\u0431\u044b\u0441\u043a\u0430\u043d\u044b.<\/p>\n\n\n\n<p>\u0917\u0939\u0928\u0947\u0937\u0941 \u091a \u0926\u0947\u0936\u0947\u0937\u0941 \u0926\u0941\u0930\u094d\u0917\u0947\u0937\u0941 \u0935\u093f\u0937\u092e\u0947\u0937\u0941 \u091a \u0964<br>\u0938\u0924\u094d\u0924\u094d\u0935\u093e\u0928\u094d\u092f\u0924\u093f\u092a\u094d\u0930\u092e\u093e\u0923\u093e\u0928\u093f \u0935\u093f\u091a\u093f\u0924\u093e\u0928\u093f \u0939\u0924\u093e\u0928\u093f \u091a \u0964<br>\u092f\u0947 \u091a\u0948\u0935 \u0917\u0939\u0928\u093e \u0926\u0947\u0936\u093e \u0935\u093f\u091a\u093f\u0924\u093e\u0938\u094d\u0924\u0947 \u092a\u0941\u0928\u0903 \u092a\u0941\u0928\u0903 \u0965\u0967\u0969\u0965<br>gahane\u1e63u ca de\u015be\u1e63u durge\u1e63u vi\u1e63ame\u1e63u ca<br>sattv\u0101nyatipram\u0101\u1e47\u0101ni vicit\u0101ni hat\u0101ni ca<br>ye caiva gahan\u0101 de\u015b\u0101 vicit\u0101ste puna\u1e25 puna\u1e25<br>\u0418 \u0432 \u0437\u0430\u0440\u043e\u0441\u0448\u0438\u0445 \u0442\u0440\u0443\u0434\u043d\u043e\u043f\u0440\u043e\u0445\u043e\u0434\u0438\u043c\u044b\u0445 \u0438 \u043d\u0435\u0440\u043e\u0432\u043d\u044b\u0445 \u043c\u0435\u0441\u0442\u043d\u043e\u0441\u0442\u044f\u0445 \u043e\u0431\u044b\u0441\u043a\u0430\u043d\u044b \u0438 \u0443\u043d\u0438\u0447\u0442\u043e\u0436\u0435\u043d\u044b \u043e\u0447\u0435\u043d\u044c \u0431\u043e\u043b\u044c\u0448\u0438\u0435 \u0436\u0438\u0432\u044b\u0435 \u0441\u0443\u0449\u0435\u0441\u0442\u0432\u0430, \u0438 \u043a\u043e\u0442\u043e\u0440\u044b\u0435 \u0436\u0435 \u0441\u043d\u043e\u0432\u0430 \u0438 \u0441\u043d\u043e\u0432\u0430 \u0437\u0430\u0440\u043e\u0441\u0448\u0438\u0435 \u043c\u0435\u0441\u0442\u0430 \u043e\u0431\u044b\u0441\u043a\u0430\u043d\u044b.<\/p>\n\n\n\n<p>\u0909\u0926\u093e\u0930\u0938\u0924\u094d\u0924\u094d\u0935\u093e\u092d\u093f\u091c\u0928\u094b \u092e\u0939\u093e\u0924\u094d\u092e\u093e \u0938 \u092e\u0948\u0925\u093f\u0932\u0940\u0902 \u0926\u094d\u0930\u0915\u094d\u0937\u094d\u092f\u0924\u093f \u0935\u093e\u0928\u0930\u0947\u0928\u094d\u0926\u094d\u0930\u0903 \u0964<br>\u0926\u093f\u0936\u0902 \u0924\u0941 \u092f\u093e\u092e\u0947\u0935 \u0917\u0924\u093e \u0924\u0941 \u0938\u0940\u0924\u093e \u0924\u093e\u092e\u093e\u0938\u094d\u0925\u093f\u0924\u094b \u0935\u093e\u092f\u0941\u0938\u0941\u0924\u094b \u0939\u0928\u0942\u092e\u093e\u0928\u094d \u0965\u0967\u096a\u0965<br>ud\u0101rasattv\u0101bhijano mah\u0101tm\u0101 sa maithil\u012b\u1e43 drak\u1e63yati v\u0101narendra\u1e25<br>di\u015ba\u1e43 tu y\u0101meva gat\u0101 tu s\u012bt\u0101 t\u0101m\u0101sthito v\u0101yusuto han\u016bm\u0101n<br>\u0411\u043b\u0430\u0433\u043e\u0440\u043e\u0434\u043d\u043e\u0433\u043e \u043f\u0440\u043e\u0438\u0441\u0445\u043e\u0436\u0434\u0435\u043d\u0438\u044f \u0442\u043e\u0442 \u041c\u0430\u0445\u0430\u0442\u043c\u0430 \u041c\u0435\u0442\u0445\u0438\u043b\u0438\u0439\u043a\u0443 \u0443\u0432\u0438\u0434\u0438\u0442, \u0418\u043d\u0434\u0440\u0430 \u0441\u0440\u0435\u0434\u0438 \u043e\u0431\u0435\u0437\u044c\u044f\u043d, \u0432 \u0441\u0442\u043e\u0440\u043e\u043d\u0443, \u043a\u043e\u0442\u043e\u0440\u0443\u044e \u0438\u043c\u0435\u043d\u043d\u043e \u043e\u0442\u043f\u0440\u0430\u0432\u0438\u043b\u0430\u0441\u044c \u0421\u0438\u0442\u0430, \u0432 \u0442\u0443 \u043e\u0442\u043f\u0440\u0430\u0432\u043b\u0435\u043d\u043d\u044b\u0439 \u0441\u044b\u043d \u0432\u0435\u0442\u0440\u0430 \u0425\u0430\u043d\u0443\u043c\u0430\u043d.<\/p>\n","protected":false},"excerpt":{"rendered":"<p>\u0965 \u0935\u093e\u0932\u094d\u092e\u0940\u0915\u093f \u0930\u093e\u092e\u093e\u092f\u0923 \u2013 \u0915\u093f\u0937\u094d\u0915\u093f\u0928\u094d\u0927\u093e\u0915\u093e\u0923\u094d\u0921 \u0965\u0965 v\u0101lm\u012bki r\u0101m\u0101ya\u1e47a \u2013 ki\u1e63kindh\u0101k\u0101\u1e47\u1e0da \u0965 \u041f\u0435\u0440\u0435\u0432\u043e\u0434 \u0441 \u0441\u0430\u043d\u0441\u043a\u0440\u0438\u0442\u0430: \u0410\u043d\u043d\u0430 \u0423\u0441\u0442\u044e\u0433\u043e\u0432\u0430 \u0965 \u0938\u0930\u094d\u0917-\u096a\u096c\u0965\u0965 sarga-46\u0965 \u0926\u0930\u094d\u0936\u0928\u093e\u0930\u094d\u0925\u0902&hellip;<\/p>\n","protected":false},"author":1,"featured_media":0,"parent":0,"menu_order":0,"comment_status":"closed","ping_status":"closed","template":"","meta":{"footnotes":""},"class_list":["post-1479","page","type-page","status-publish","hentry"],"_links":{"self":[{"href":"https:\/\/rama-ayana.ru\/index.php?rest_route=\/wp\/v2\/pages\/1479","targetHints":{"allow":["GET"]}}],"collection":[{"href":"https:\/\/rama-ayana.ru\/index.php?rest_route=\/wp\/v2\/pages"}],"about":[{"href":"https:\/\/rama-ayana.ru\/index.php?rest_route=\/wp\/v2\/types\/page"}],"author":[{"embeddable":true,"href":"https:\/\/rama-ayana.ru\/index.php?rest_route=\/wp\/v2\/users\/1"}],"replies":[{"embeddable":true,"href":"https:\/\/rama-ayana.ru\/index.php?rest_route=%2Fwp%2Fv2%2Fcomments&post=1479"}],"version-history":[{"count":7,"href":"https:\/\/rama-ayana.ru\/index.php?rest_route=\/wp\/v2\/pages\/1479\/revisions"}],"predecessor-version":[{"id":1504,"href":"https:\/\/rama-ayana.ru\/index.php?rest_route=\/wp\/v2\/pages\/1479\/revisions\/1504"}],"wp:attachment":[{"href":"https:\/\/rama-ayana.ru\/index.php?rest_route=%2Fwp%2Fv2%2Fmedia&parent=1479"}],"curies":[{"name":"wp","href":"https:\/\/api.w.org\/{rel}","templated":true}]}}