{"id":1469,"date":"2024-09-24T12:48:49","date_gmt":"2024-09-24T12:48:49","guid":{"rendered":"https:\/\/rama-ayana.ru\/?page_id=1469"},"modified":"2025-10-07T18:06:18","modified_gmt":"2025-10-07T16:06:18","slug":"04-ki%e1%b9%a3kindhaka%e1%b9%87%e1%b8%8da-%e0%a4%b8%e0%a4%b0%e0%a5%8d%e0%a4%97%e0%a4%83-%e0%a5%aa%e0%a5%ab","status":"publish","type":"page","link":"https:\/\/rama-ayana.ru\/?page_id=1469","title":{"rendered":"04-Ki\u1e63kindh\u0101k\u0101\u1e47\u1e0da-\u0938\u0930\u094d\u0917\u0903 \u096a\u096b"},"content":{"rendered":"\n<p>\u0965 \u0935\u093e\u0932\u094d\u092e\u0940\u0915\u093f \u0930\u093e\u092e\u093e\u092f\u0923 \u2013 \u0915\u093f\u0937\u094d\u0915\u093f\u0928\u094d\u0927\u093e\u0915\u093e\u0923\u094d\u0921 \u0965<br>\u0965 v\u0101lm\u012bki r\u0101m\u0101ya\u1e47a \u2013 ki\u1e63kindh\u0101k\u0101\u1e47\u1e0da \u0965<\/p>\n\n\n\n<p>\u0965 \u0938\u0930\u094d\u0917-\u096a\u096b\u0965<br>\u0965 sarga-45\u0965<\/p>\n\n\n\n<p>\u041f\u0435\u0440\u0435\u0432\u043e\u0434 \u0441 \u0441\u0430\u043d\u0441\u043a\u0440\u0438\u0442\u0430: \u0410\u043d\u043d\u0430 \u0423\u0441\u0442\u044e\u0433\u043e\u0432\u0430<\/p>\n\n\n\n<p>\u0917\u0924\u0947\u0937\u0941 \u0935\u093e\u0928\u0930\u0947\u0928\u094d\u0926\u094d\u0930\u0947\u0937\u0941 \u0930\u093e\u092e\u0903 \u0938\u0941\u0917\u094d\u0930\u0940\u0935\u092e\u092c\u094d\u0930\u0935\u0940\u0924\u094d \u0964<br>\u0915\u0925\u0902 \u092d\u0935\u093e\u0928\u094d\u0935\u093f\u091c\u093e\u0928\u0940\u0924\u0947 \u0938\u0930\u094d\u0935\u0902 \u0935\u0948 \u092e\u0923\u094d\u0921\u0932\u0902 \u092d\u0941\u0935\u0903 \u0965\u0967\u0965<br>gate\u1e63u v\u0101narendre\u1e63u r\u0101ma\u1e25 sugr\u012bvamabrav\u012bt<br>katha\u1e43 bhav\u0101nvij\u0101n\u012bte sarva\u1e43 vai ma\u1e47\u1e0dala\u1e43 bhuva\u1e25<br>\u041f\u0440\u0438 \u0448\u0435\u0434\u0448\u0438\u0445 \u043f\u043e\u0432\u0435\u043b\u0438\u0442\u0435\u043b\u044f\u0445 \u043e\u0431\u0435\u0437\u044c\u044f\u043d \u0420\u0430\u043c\u0430 \u0441\u043a\u0430\u0437\u0430\u043b C\u0443\u0433\u0440\u0438\u0432\u0435: \u201c\u041a\u0430\u043a \u0442\u044b \u0437\u043d\u0430\u0435\u0448\u044c \u0432\u0441\u0451 \u043f\u0440\u043e \u0437\u0435\u043c\u043b\u044e?\u201d<\/p>\n\n\n\n<p>\u0938\u0941\u0917\u094d\u0930\u0940\u0935\u0938\u094d\u0924\u0941 \u0924\u0924\u094b \u0930\u093e\u092e\u092e\u0941\u0935\u093e\u091a \u092a\u094d\u0930\u0923\u0924\u093e\u0924\u094d\u092e\u0935\u093e\u0928\u094d \u0964<br>\u0936\u094d\u0930\u0942\u092f\u0924\u093e\u0902 \u0938\u0930\u094d\u0935\u092e\u093e\u0916\u094d\u092f\u093e\u0938\u094d\u092f\u0947 \u0935\u093f\u0938\u094d\u0924\u0930\u0947\u0923 \u0928\u0930\u0930\u094d\u0937\u092d \u0965\u0968\u0965<br>sugr\u012bvastu tato r\u0101mamuv\u0101ca pra\u1e47at\u0101tmav\u0101n<br>\u015br\u016byat\u0101\u1e43 sarvam\u0101khy\u0101sye vistare\u1e47a narar\u1e63abha<br>\u0421\u0443\u0433\u0440\u0438\u0432\u0430, \u043f\u043e\u043a\u043b\u043e\u043d\u0438\u0432\u0448\u0438\u0439\u0441\u044f, \u0437\u0430\u0442\u0435\u043c \u0420\u0430\u043c\u0435 \u0441\u043a\u0430\u0437\u0430\u043b: \u201c\u041f\u0443\u0441\u0442\u044c \u0431\u0443\u0434\u0435\u0442 \u0443\u0441\u043b\u044b\u0448\u0430\u043d\u043e. \u0412\u0441\u0451 \u0440\u0430\u0441\u0441\u043a\u0430\u0436\u0443 \u043f\u043e\u0434\u0440\u043e\u0431\u043d\u043e, \u043e \u0431\u044b\u043a \u0441\u0440\u0435\u0434\u0438 \u043b\u044e\u0434\u0435\u0439!\u201d<\/p>\n\n\n\n<p>\u092f\u0926\u093e \u0924\u0941 \u0926\u0941\u0928\u094d\u0926\u0941\u092d\u093f\u0902 \u0928\u093e\u092e \u0926\u093e\u0928\u0935\u0902 \u092e\u0939\u093f\u0937\u093e\u0915\u0943\u0924\u093f\u092e\u094d \u0964<br>\u092a\u0930\u093f\u0915\u093e\u0932\u092f\u0924\u0947 \u0935\u093e\u0932\u0940 \u092e\u0932\u092f\u0902 \u092a\u094d\u0930\u0924\u093f \u092a\u0930\u094d\u0935\u0924\u092e\u094d \u0965\u0969\u0965<br>yad\u0101 tu dundubhi\u1e43 n\u0101ma d\u0101nava\u1e43 mahi\u1e63\u0101k\u1e5btim<br>parik\u0101layate v\u0101l\u012b malaya\u1e43 prati parvatam<br>\u041a\u043e\u0433\u0434\u0430 \u0436\u0435 \u0434\u0435\u043c\u043e\u043d\u0430, \u043f\u043e \u0432\u043d\u0435\u0448\u043d\u0435\u043c\u0443 \u0432\u0438\u0434\u0443 \u043a\u0430\u043a \u0431\u044b\u043a, \u043f\u043e \u0438\u043c\u0435\u043d\u0438 \u0414\u0443\u043d\u0434\u0443\u0431\u0445\u0438 \u043f\u0440\u0435\u0441\u043b\u0435\u0434\u0443\u0435\u0442 \u0412\u0430\u043b\u0438 \u043a \u0433\u043e\u0440\u0435 \u041c\u0430\u043b\u0430\u0439\u0435,<\/p>\n\n\n\n<p>\u0924\u0926\u093e \u0935\u093f\u0935\u0947\u0936 \u092e\u0939\u093f\u0937\u094b \u092e\u0932\u092f\u0938\u094d\u092f \u0917\u0941\u0939\u093e\u0902 \u092a\u094d\u0930\u0924\u093f \u0964<br>\u0935\u093f\u0935\u0947\u0936 \u0935\u093e\u0932\u0940 \u0924\u0924\u094d\u0930\u093e\u092a\u093f \u092e\u0932\u092f\u0902 \u0924\u091c\u094d\u091c\u093f\u0918\u093e\u0902\u0938\u092f\u093e \u0965\u096a\u0965<br>tad\u0101 vive\u015ba mahi\u1e63o malayasya guh\u0101\u1e43 prati<br>vive\u015ba v\u0101l\u012b tatr\u0101pi malaya\u1e43 tajjigh\u0101\u1e43say\u0101<br>\u0422\u043e\u0433\u0434\u0430 \u0432\u043e\u0448\u0451\u043b \u0431\u044b\u043a \u0432 \u043f\u0435\u0449\u0435\u0440\u0443 \u041c\u0430\u043b\u0430\u0439\u0438, \u0442\u0430\u043a\u0436\u0435 \u0442\u0443\u0434\u0430 \u0432 \u041c\u0430\u043b\u0430\u0439\u044e \u0432\u043e\u0448\u0451\u043b \u0432 \u0412\u0430\u043b\u0438 \u0441 \u0436\u0435\u043b\u0430\u043d\u0438\u0435\u043c \u0443\u0431\u0438\u0442\u044c \u0442\u043e\u0433\u043e.<\/p>\n\n\n\n<p>\u0924\u0924\u094b\u093d\u0939\u0902 \u0924\u0924\u094d\u0930 \u0928\u093f\u0915\u094d\u0937\u093f\u092a\u094d\u0924\u094b \u0917\u0941\u0939\u093e\u0926\u094d\u0935\u093e\u0930\u093f\u0935\u093f\u0928\u0940\u0924\u0935\u0924\u094d \u0964<br>\u0928 \u091a \u0928\u093f\u0937\u094d\u0915\u094d\u0930\u092e\u0924\u0947 \u0935\u093e\u0932\u0940 \u0924\u0926\u093e \u0938\u0902\u0935\u0924\u094d\u0938\u0930\u0947 \u0917\u0924\u0947 \u0965\u096b\u0965<br>tato&#8217;ha\u1e43 tatra nik\u1e63ipto guh\u0101dv\u0101rivin\u012btavat<br>na ca ni\u1e63kramate v\u0101l\u012b tad\u0101 sa\u1e43vatsare gate<br>\u0417\u0430\u0442\u0435\u043c \u0442\u0430\u043c \u044f \u043f\u043e\u0441\u0442\u0430\u0432\u043b\u0435\u043d \u0432\u043e \u0432\u0445\u043e\u0434\u0435 \u0432 \u043f\u0435\u0449\u0435\u0440\u0443 \u043f\u043e\u0441\u043b\u0443\u0448\u043d\u043e, \u0438 \u0442\u043e\u0433\u0434\u0430 \u043d\u0430 \u043f\u0440\u043e\u0442\u044f\u0436\u0435\u043d\u0438\u0438 \u043f\u0440\u043e\u0448\u0435\u0434\u0448\u0435\u0433\u043e \u0433\u043e\u0434\u0430 \u0412\u0430\u043b\u0438 \u043d\u0435 \u0432\u044b\u0448\u0435\u043b.<\/p>\n\n\n\n<p>\u0924\u0924\u0903 \u0915\u094d\u0937\u0924\u091c\u0935\u0947\u0917\u0947\u0928 \u0906\u092a\u0941\u092a\u0942\u0930\u0947 \u0924\u0926\u093e \u092c\u093f\u0932\u092e\u094d \u0964<br>\u0924\u0926\u0939\u0902 \u0935\u093f\u0938\u094d\u092e\u093f\u0924\u094b \u0926\u0943\u0937\u094d\u091f\u094d\u0935\u093e \u092d\u094d\u0930\u093e\u0924\u0943\u0936\u094b\u0915\u0935\u093f\u0937\u093e\u0930\u094d\u0926\u093f\u0924\u0903 \u0965\u096c\u0965<br>tata\u1e25 k\u1e63atajavegena \u0101pup\u016bre tad\u0101 bilam<br>tadaha\u1e43 vismito d\u1e5b\u1e63\u1e6dv\u0101 bhr\u0101t\u1e5b\u015bokavi\u1e63\u0101rdita\u1e25<br>\u0417\u0430\u0442\u0435\u043c \u043d\u0430\u043f\u043e\u043b\u043d\u0438\u043b\u0430\u0441\u044c \u043f\u043e\u0442\u043e\u043a\u043e\u043c \u043a\u0440\u043e\u0432\u0438 \u0442\u043e\u0433\u0434\u0430 \u043f\u0435\u0449\u0435\u0440\u0430. \u0422\u043e \u0443\u0432\u0438\u0434\u0435\u0432, \u044f \u0443\u0434\u0438\u0432\u043b\u0451\u043d\u043d\u044b\u0439 \u0441\u0442\u0430\u043b, \u043e\u043f\u0435\u0447\u0430\u043b\u0435\u043d\u043d\u044b\u0439 \u0438\u0437- \u0437\u0430 \u0431\u0440\u0430\u0442\u0430.<\/p>\n\n\n\n<p>\u0905\u0925\u093e\u0939\u0902 \u0915\u0943\u0924\u092c\u0941\u0926\u094d\u0927\u093f\u0938\u094d\u0924\u0941 \u0938\u0941\u0935\u094d\u092f\u0915\u094d\u0924\u0902 \u0928\u093f\u0939\u0924\u094b \u0917\u0941\u0930\u0941\u0903 \u0964<br>\u0936\u093f\u0932\u093e\u092a\u0930\u094d\u0935\u0924\u0938\u0919\u094d\u0915\u093e\u0936\u093e \u092c\u093f\u0932\u0926\u094d\u0935\u093e\u0930\u093f \u092e\u092f\u093e \u0915\u0943\u0924\u093e \u0964<br>\u0905\u0936\u0915\u094d\u0928\u0941\u0935\u0928\u094d\u0928\u093f\u0937\u094d\u0915\u094d\u0930\u092e\u093f\u0924\u0941\u0902 \u092e\u0939\u093f\u0937\u094b \u0935\u093f\u0928\u0936\u0947\u0926\u093f\u0924\u093f \u0965\u096d\u0965<br>ath\u0101ha\u1e43 k\u1e5btabuddhistu suvyakta\u1e43 nihato guru\u1e25<br>\u015bil\u0101parvatasa\u1e45k\u0101\u015b\u0101 biladv\u0101ri may\u0101 k\u1e5bt\u0101<br>a\u015baknuvanni\u1e63kramitu\u1e43 mahi\u1e63o vina\u015bediti<br>\u0417\u0430\u0442\u0435\u043c \u044f \u0440\u0435\u0448\u0438\u043b: \u201c\u041e\u0447\u0435\u0432\u0438\u0434\u043d\u043e, \u0441\u0442\u0430\u0440\u0448\u0438\u0439 \u0443\u0431\u0438\u0442.\u201d \u041a\u0430\u043c\u0435\u043d\u044c \u043d\u0430 \u0433\u043e\u0440\u0443 \u0432 \u043e\u0442\u0432\u0435\u0440\u0441\u0442\u0438\u0435 \u043f\u0435\u0449\u0435\u0440\u044b \u043c\u043d\u043e\u044e \u0431\u044b\u043b \u0443\u0441\u0442\u0430\u043d\u043e\u0432\u043b\u0435\u043d. \u201c\u041d\u0435\u0441\u043f\u043e\u0441\u043e\u0431\u043d\u044b \u0432\u044b\u0439\u0442\u0438 \u041c\u0430\u0445\u0438\u0448\u0430 \u043f\u043e\u0433\u0438\u0431\u043d\u0435\u0442!\u201d<\/p>\n\n\n\n<p>\u0924\u0924\u094b\u093d\u0939\u092e\u093e\u0917\u093e\u0902 \u0915\u093f\u0937\u094d\u0915\u093f\u0928\u094d\u0927\u093e\u0902 \u0928\u093f\u0930\u093e\u0936\u0938\u094d\u0924\u0938\u094d\u092f \u091c\u0940\u0935\u093f\u0924\u0947 \u0964<br>\u0930\u093e\u091c\u094d\u092f\u0902 \u091a \u0938\u0941\u092e\u0939\u0924\u094d\u092a\u094d\u0930\u093e\u092a\u094d\u0924\u0902 \u0924\u093e\u0930\u093e \u091a \u0930\u0941\u092e\u092f\u093e \u0938\u0939 \u0964<br>\u092e\u093f\u0924\u094d\u0930\u0948\u0936\u094d\u091a \u0938\u0939\u093f\u0924\u0938\u094d\u0924\u0924\u094d\u0930 \u0935\u0938\u093e\u092e\u093f \u0935\u093f\u0917\u0924\u091c\u094d\u0935\u0930\u0903 \u0965\u096e\u0965<br>tato&#8217;ham\u0101g\u0101\u1e43 ki\u1e63kindh\u0101\u1e43 nir\u0101\u015bastasya j\u012bvite<br>r\u0101jya\u1e43 ca sumahatpr\u0101pta\u1e43 t\u0101r\u0101 ca rumay\u0101 saha<br>mitrai\u015bca sahitastatra vas\u0101mi vigatajvara\u1e25<br>\u0417\u0430\u0442\u0435\u043c \u044f \u043f\u0440\u0438\u0448\u0451\u043b \u0432 \u041a\u0438\u0448\u043a\u0438\u043d\u0434\u0445\u0443 \u0431\u0435\u0437 \u043d\u0430\u0434\u0435\u0436\u0434\u044b \u0432 \u0435\u0433\u043e \u0436\u0438\u0437\u043d\u0438. \u0418 \u043e\u0447\u0435\u043d\u044c \u0431\u043e\u043b\u044c\u0448\u043e\u0435 \u0446\u0430\u0440\u0441\u0442\u0432\u043e \u0431\u044b\u043b\u043e \u043f\u043e\u043b\u0443\u0447\u0435\u043d\u043e, \u0438 \u0422\u0430\u0440\u0430 \u0441 \u0420\u0443\u043c\u043e\u0439 \u0432\u043c\u0435\u0441\u0442\u0435, \u0438 \u0434\u0440\u0443\u0437\u044c\u044f\u043c\u0438 \u0441\u043e\u043f\u0440\u043e\u0432\u043e\u0436\u0434\u0451\u043d\u043d\u044b\u0439 \u0442\u0430\u043c \u044f \u0436\u0438\u0432\u0443 \u0431\u0435\u0437\u0437\u0430\u0431\u043e\u0442\u043d\u044b\u0439.<\/p>\n\n\n\n<p>\u0906\u091c\u0917\u093e\u092e \u0924\u0924\u094b \u0935\u093e\u0932\u0940 \u0939\u0924\u094d\u0935\u093e \u0924\u0902 \u0926\u093e\u0928\u0935\u0930\u094d\u0937\u092d\u092e\u094d \u0964<br>\u0924\u0924\u094b\u093d\u0939\u092e\u0926\u0926\u093e\u0902 \u0930\u093e\u091c\u094d\u092f\u0902 \u0917\u094c\u0930\u0935\u093e\u0926\u094d\u092d\u092f\u092f\u0928\u094d\u0924\u094d\u0930\u093f\u0924\u0903 \u0965\u096f\u0965<br>\u0101jag\u0101ma tato v\u0101l\u012b hatv\u0101 ta\u1e43 d\u0101navar\u1e63abham<br>tato&#8217;hamadad\u0101\u1e43 r\u0101jya\u1e43 gaurav\u0101dbhayayantrita\u1e25<br>\u0417\u0430\u0442\u0435\u043c \u043f\u0440\u0438\u0448\u0451\u043b \u0412\u0430\u043b\u0438, \u0443\u0431\u0438\u0432 \u0442\u043e\u0433\u043e \u0431\u044b\u043a\u0430-\u0434\u0435\u043c\u043e\u043d\u0430. \u041f\u043e\u0442\u043e\u043c \u0441\u043a\u043e\u0432\u0430\u043d\u043d\u044b\u0439 \u0441\u0442\u0440\u0430\u0445\u043e\u043c \u044f \u043e\u0442\u0434\u0430\u043b \u0446\u0430\u0440\u0441\u0442\u0432\u043e \u0438\u0437-\u0437\u0430 \u0443\u0432\u0430\u0436\u0435\u043d\u0438\u044f.<\/p>\n\n\n\n<p>\u0938 \u092e\u093e\u0902 \u091c\u093f\u0918\u093e\u0902\u0938\u0941\u0930\u094d\u0926\u0941\u0937\u094d\u091f\u093e\u0924\u094d\u092e\u093e \u0935\u093e\u0932\u0940 \u092a\u094d\u0930\u0935\u094d\u092f\u0925\u093f\u0924\u0947\u0928\u094d\u0926\u094d\u0930\u093f\u092f\u0903 \u0964<br>\u092a\u0930\u093f\u0915\u093e\u0932\u092f\u0924\u0947 \u0915\u094d\u0930\u094b\u0927\u093e\u0926\u094d\u0927\u093e\u0935\u0928\u094d\u0924\u0902 \u0938\u091a\u093f\u0935\u0948\u0903 \u0938\u0939 \u0965\u0967\u0966\u0965<br>sa m\u0101\u1e43 jigh\u0101\u1e43surdu\u1e63\u1e6d\u0101tm\u0101 v\u0101l\u012b pravyathitendriya\u1e25<br>parik\u0101layate krodh\u0101ddh\u0101vanta\u1e43 sacivai\u1e25 saha<br>\u041c\u0435\u043d\u044f \u0442\u043e\u0442 \u0436\u0435\u043b\u0430\u0432\u0448\u0438\u0439 \u0443\u0431\u0438\u0442\u044c \u0441 \u043d\u0435\u0434\u043e\u0431\u0440\u043e\u0439 \u0434\u0443\u0448\u043e\u0439, \u0432\u0437\u0432\u043e\u043b\u043d\u043e\u0432\u0430\u043d\u043d\u044b\u0439 \u0412\u0430\u043b\u0438 \u043f\u0440\u0435\u0441\u043b\u0435\u0434\u0443\u044e\u0442 \u043e\u0442 \u0433\u043d\u0435\u0432\u0430, \u0431\u0435\u0433\u0443\u0449\u0435\u0433\u043e \u0432\u043c\u0435\u0441\u0442\u0435 \u0441 \u043c\u0438\u043d\u0438\u0441\u0442\u0440\u0430\u043c\u0438.<\/p>\n\n\n\n<p>\u0924\u0924\u094b\u093d\u0939\u0902 \u0935\u093e\u0932\u093f\u0928\u093e \u0924\u0947\u0928 \u0938\u093e\u0928\u0941\u092c\u0928\u094d\u0927\u0903 \u092a\u094d\u0930\u0927\u093e\u0935\u093f\u0924\u0903 \u0964<br>\u0928\u0926\u0940\u0936\u094d\u091a \u0935\u093f\u0935\u093f\u0927\u093e\u0903 \u092a\u0936\u094d\u092f\u0928\u094d\u0935\u0928\u093e\u0928\u093f \u0928\u0917\u0930\u093e\u0923\u093f \u091a \u0965\u0967\u0967\u0965<br>tato&#8217;ha\u1e43 v\u0101lin\u0101 tena s\u0101nubandha\u1e25 pradh\u0101vita\u1e25<br>nad\u012b\u015bca vividh\u0101\u1e25 pa\u015byanvan\u0101ni nagar\u0101\u1e47i ca<br>\u0417\u0430\u0442\u0435\u043c \u044f, \u0442\u0435\u043c \u0412\u0430\u043b\u0438 \u043f\u0440\u0435\u0441\u043b\u0435\u0434\u0443\u0435\u043c\u044b\u0439, \u0441\u043e \u0441\u0432\u043e\u0438\u043c\u0438 \u0432\u0435\u0449\u0430\u043c\u0438, \u043d\u0430\u0431\u043b\u044e\u0434\u0430\u043b \u0438 \u0440\u0430\u0437\u043d\u043e\u043e\u0431\u0440\u0430\u0437\u043d\u044b\u0435 \u0440\u0435\u043a\u0438, \u043b\u0435\u0441\u0430 \u0438 \u0433\u043e\u0440\u043e\u0434\u0430.<\/p>\n\n\n\n<p>\u0906\u0926\u0930\u094d\u0936\u0924\u0932\u0938\u0919\u094d\u0915\u093e\u0936\u093e \u0924\u0924\u094b \u0935\u0948 \u092a\u0943\u0925\u093f\u0935\u0940 \u092e\u092f\u093e \u0964<br>\u0905\u0932\u093e\u0924\u091a\u0915\u094d\u0930\u092a\u094d\u0930\u0924\u093f\u092e\u093e \u0926\u0943\u0937\u094d\u091f\u093e \u0917\u094b\u0937\u094d\u092a\u0926\u0935\u0924\u094d\u0924\u0926\u093e \u0965\u0967\u0968\u0965<br>\u0101dar\u015batalasa\u1e45k\u0101\u015b\u0101 tato vai p\u1e5bthiv\u012b may\u0101<br>al\u0101tacakrapratim\u0101 d\u1e5b\u1e63\u1e6d\u0101 go\u1e63padavattad\u0101<br>\u0417\u0430\u0442\u0435\u043c \u043c\u043d\u043e\u044e\u00a0 \u0443\u0432\u0438\u0434\u0435\u043d\u0430 \u043f\u043e\u0445\u043e\u0436\u0430\u044f \u043d\u0430 \u0437\u0435\u0440\u043a\u0430\u043b\u044c\u043d\u0443\u044e \u043f\u043e\u0432\u0435\u0440\u0445\u043d\u043e\u0441\u0442\u044c \u0417\u0435\u043c\u043b\u044f \u0441\u0445\u043e\u0436\u0430\u044f \u0441 \u043e\u0433\u043d\u0435\u043d\u043d\u043e\u0439 \u0433\u043e\u043b\u043e\u0432\u043d\u0451\u0439, \u043a\u043e\u0442\u043e\u0440\u0443\u044e \u043d\u043e\u0441\u044f\u0442 \u0432\u043e\u043a\u0440\u0443\u0433.<\/p>\n\n\n\n<p>\u0924\u0924\u0903 \u092a\u0942\u0930\u094d\u0935\u093e\u092e\u0939\u0902 \u0917\u0924\u094d\u0935\u093e \u0926\u0915\u094d\u0937\u093f\u0923\u093e\u092e\u0939\u092e\u093e\u0936\u094d\u0930\u093f\u0924\u0903 \u0964<br>\u0926\u093f\u0936\u0902 \u091a \u092a\u0936\u094d\u091a\u093f\u092e\u093e\u0902 \u092d\u0942\u092f\u094b \u0917\u0924\u094b\u093d\u0938\u094d\u092e\u093f \u092d\u092f\u0936\u0919\u094d\u0915\u093f\u0924\u0903 \u0964<br>\u0909\u0924\u094d\u0924\u0930\u093e\u0902 \u0924\u0941 \u0926\u093f\u0936\u0902 \u092f\u093e\u0928\u094d\u0924\u0902 \u0939\u0928\u0941\u092e\u093e\u0928\u094d\u092e\u093e\u092e\u0925\u093e\u092c\u094d\u0930\u0935\u0940\u0924\u094d \u0965\u0967\u0969\u0965<br>tata\u1e25 p\u016brv\u0101maha\u1e43 gatv\u0101 dak\u1e63i\u1e47\u0101maham\u0101\u015brita\u1e25<br>di\u015ba\u1e43 ca pa\u015bcim\u0101\u1e43 bh\u016byo gato&#8217;smi bhaya\u015ba\u1e45kita\u1e25<br>uttar\u0101\u1e43 tu di\u015ba\u1e43 y\u0101nta\u1e43 hanum\u0101nm\u0101math\u0101brav\u012bt<br>\u0417\u0430\u0442\u0435\u043c \u0412\u043e\u0441\u0442\u043e\u0447\u043d\u0443\u044e \u044f \u043f\u043e\u0439\u0434\u044f, \u043d\u0430 \u044e\u0436\u043d\u0443\u044e \u043f\u043e\u043b\u043e\u0436\u0438\u0432\u0448\u0438\u0439\u0441\u044f \u0438 \u0432 \u0441\u0442\u043e\u0440\u043e\u043d\u0443 \u0437\u0430\u043f\u0430\u0434\u043d\u0443\u044e \u0434\u0430\u043b\u044c\u0448\u0435 \u0448\u0435\u0434\u0448\u0438\u0439, \u0431\u043e\u044f\u0432\u0448\u0438\u0439\u0441\u044f \u043e\u043f\u0430\u0441\u043d\u043e\u0441\u0442\u0438; \u043c\u043d\u0435 \u0438\u0434\u0443\u0449\u0435\u043c\u0443 \u0432 \u0441\u0435\u0432\u0435\u0440\u043d\u0443\u044e \u0441\u0442\u043e\u0440\u043e\u043d\u0443 \u0425\u0430\u043d\u0443\u043c\u0430\u043d \u0442\u0430\u043a \u0441\u043a\u0430\u0437\u0430\u043b:<\/p>\n\n\n\n<p>\u0907\u0926\u093e\u0928\u0940\u0902 \u092e\u0947 \u0938\u094d\u092e\u0943\u0924\u0902 \u0930\u093e\u091c\u0928\u094d\u092f\u0925\u093e \u0935\u093e\u0932\u0940 \u0939\u0930\u0940\u0936\u094d\u0935\u0930\u0903 \u0964<br>\u092e\u0924\u0919\u094d\u0917\u0947\u0928 \u0924\u0926\u093e \u0936\u092a\u094d\u0924\u094b \u0939\u094d\u092f\u0938\u094d\u092e\u093f\u0928\u094d\u0928\u093e\u0936\u094d\u0930\u092e\u092e\u0923\u094d\u0921\u0932\u0947 \u0965\u0967\u096a\u0965<br>id\u0101n\u012b\u1e43 me sm\u1e5bta\u1e43 r\u0101janyath\u0101 v\u0101l\u012b har\u012b\u015bvara\u1e25<br>mata\u1e45gena tad\u0101 \u015bapto hyasminn\u0101\u015bramama\u1e47\u1e0dale<br>\u201c\u0422\u0435\u043f\u0435\u0440\u044c \u043c\u043d\u043e\u044e \u0432\u0441\u043f\u043e\u043c\u043d\u0435\u043d\u043e, \u043e \u0446\u0430\u0440\u044c, \u043a\u0430\u043a \u0412\u0430\u043b\u0438, \u041f\u043e\u0432\u0435\u043b\u0438\u0442\u0435\u043b\u044c \u043e\u0431\u0435\u0437\u044c\u044f\u043d, \u041c\u0430\u0442\u0430\u043d\u0433\u043e\u0439 \u0442\u043e\u0433\u0434\u0430 \u043f\u0440\u043e\u043a\u043b\u044f\u0442\u044b\u0439 \u0432 \u0442\u0443 \u0433\u0440\u0443\u043f\u043f\u0443 \u0430\u0448\u0440\u0430\u043c\u043e\u0432<\/p>\n\n\n\n<p>\u092a\u094d\u0930\u0935\u093f\u0936\u0947\u0926\u094d\u092f\u0926\u093f \u0935\u093e \u0935\u093e\u0932\u0940 \u092e\u0942\u0930\u094d\u0927\u093e\u0938\u094d\u092f \u0936\u0924\u0927\u093e \u092d\u0935\u0947\u0924\u094d \u0964<br>\u0924\u0924\u094d\u0930 \u0935\u093e\u0938\u0903 \u0938\u0941\u0916\u094b\u093d\u0938\u094d\u092e\u093e\u0915\u0902 \u0928\u093f\u0930\u0941\u0926\u094d\u0935\u093f\u0917\u094d\u0928\u094b \u092d\u0935\u093f\u0937\u094d\u092f\u0924\u093f \u0965\u0967\u096b\u0965<br>pravi\u015bedyadi v\u0101 v\u0101l\u012b m\u016brdh\u0101sya \u015batadh\u0101 bhavet<br>tatra v\u0101sa\u1e25 sukho&#8217;sm\u0101ka\u1e43 nirudvigno bhavi\u1e63yati<br>\u0435\u0441\u043b\u0438 \u0432\u043e\u0439\u0434\u0451\u0442 \u0412\u0430\u043b\u0438, \u0435\u0433\u043e \u0433\u043e\u043b\u043e\u0432\u0430 \u0441\u0442\u0430\u043d\u0435\u0442 100 \u0447\u0430\u0441\u0442\u043d\u043e\u0439. \u0422\u0430\u043c \u0443 \u043d\u0430\u0441 \u0436\u0438\u043b\u0438\u0449\u0435 \u0431\u0443\u0434\u0435\u0442 \u0443\u0434\u043e\u0431\u043d\u043e\u0435 \u0438 \u0431\u0435\u0437\u043e\u043f\u0430\u0441\u043d\u043e\u0435.\u201d<\/p>\n\n\n\n<p>\u0924\u0924\u0903 \u092a\u0930\u094d\u0935\u0924\u092e\u093e\u0938\u093e\u0926\u094d\u092f \u090b\u0936\u094d\u092f\u092e\u0942\u0915\u0902 \u0928\u0943\u092a\u093e\u0924\u094d\u092e\u091c \u0964<br>\u0928 \u0935\u093f\u0935\u0947\u0936 \u0924\u0926\u093e \u0935\u093e\u0932\u0940 \u092e\u0924\u0919\u094d\u0917\u0938\u094d\u092f \u092d\u092f\u093e\u0924\u094d\u0924\u0926\u093e \u0965\u0967\u096c\u0965<br>tata\u1e25 parvatam\u0101s\u0101dya \u1e5b\u015byam\u016bka\u1e43 n\u1e5bp\u0101tmaja<br>na vive\u015ba tad\u0101 v\u0101l\u012b mata\u1e45gasya bhay\u0101ttad\u0101<br>\u0417\u0430\u0442\u0435\u043c, \u0434\u043e\u0441\u0442\u0438\u0433\u043d\u0443\u0432 \u0433\u043e\u0440\u044b \u0420\u0438\u0448\u044c\u044f\u043c\u0443\u043a\u0445\u0438, \u043e \u0426\u0430\u0440\u0441\u043a\u0438\u0439 \u0441\u044b\u043d, \u0442\u043e\u0433\u0434\u0430 \u0412\u0430\u043b\u0438 \u043d\u0435 \u0432\u043e\u0448\u0451\u043b \u0438\u0437-\u0437\u0430 \u0441\u0442\u0440\u0430\u0445\u0430 \u041c\u0430\u0442\u0430\u043d\u0433\u0438.<\/p>\n\n\n\n<p>\u090f\u0935\u0902 \u092e\u092f\u093e \u0924\u0926\u093e \u0930\u093e\u091c\u0928\u094d\u092a\u094d\u0930\u0924\u094d\u092f\u0915\u094d\u0937\u092e\u0941\u092a\u0932\u0915\u094d\u0937\u093f\u0924\u092e\u094d \u0964<br>\u092a\u0943\u0925\u093f\u0935\u0940\u092e\u0923\u094d\u0921\u0932\u0902 \u0915\u0943\u0924\u094d\u0938\u094d\u0928\u0902 \u0917\u0941\u0939\u093e\u092e\u0938\u094d\u092e\u094d\u092f\u093e\u0917\u0924\u0938\u094d\u0924\u0924\u0903 \u0965\u0967\u096d\u0965<br>eva\u1e43 may\u0101 tad\u0101 r\u0101janpratyak\u1e63amupalak\u1e63itam<br>p\u1e5bthiv\u012bma\u1e47\u1e0dala\u1e43 k\u1e5btsna\u1e43 guh\u0101masmy\u0101gatastata\u1e25<br>\u0422\u0430\u043a \u043c\u043d\u043e\u044e \u0442\u043e\u0433\u0434\u0430, \u043e \u0446\u0430\u0440\u044c, \u0432\u043e\u043e\u0447\u0438\u044e \u0432\u043e\u0441\u043f\u0440\u0438\u043d\u044f\u0442 \u043f\u043e\u043b\u043d\u044b\u0439 \u041a\u0440\u0443\u0433 \u0417\u0435\u043c\u043b\u0438. \u0417\u0430\u0442\u0435\u043c \u044f \u043e\u0442\u043f\u0440\u0430\u0432\u0438\u043b\u0441\u044f \u0432 \u043f\u0435\u0449\u0435\u0440\u0443.<\/p>\n","protected":false},"excerpt":{"rendered":"<p>\u0965 \u0935\u093e\u0932\u094d\u092e\u0940\u0915\u093f \u0930\u093e\u092e\u093e\u092f\u0923 \u2013 \u0915\u093f\u0937\u094d\u0915\u093f\u0928\u094d\u0927\u093e\u0915\u093e\u0923\u094d\u0921 \u0965\u0965 v\u0101lm\u012bki r\u0101m\u0101ya\u1e47a \u2013 ki\u1e63kindh\u0101k\u0101\u1e47\u1e0da \u0965 \u0965 \u0938\u0930\u094d\u0917-\u096a\u096b\u0965\u0965 sarga-45\u0965 \u041f\u0435\u0440\u0435\u0432\u043e\u0434 \u0441 \u0441\u0430\u043d\u0441\u043a\u0440\u0438\u0442\u0430: \u0410\u043d\u043d\u0430 \u0423\u0441\u0442\u044e\u0433\u043e\u0432\u0430 \u0917\u0924\u0947\u0937\u0941&hellip;<\/p>\n","protected":false},"author":1,"featured_media":0,"parent":0,"menu_order":0,"comment_status":"closed","ping_status":"closed","template":"","meta":{"footnotes":""},"class_list":["post-1469","page","type-page","status-publish","hentry"],"_links":{"self":[{"href":"https:\/\/rama-ayana.ru\/index.php?rest_route=\/wp\/v2\/pages\/1469","targetHints":{"allow":["GET"]}}],"collection":[{"href":"https:\/\/rama-ayana.ru\/index.php?rest_route=\/wp\/v2\/pages"}],"about":[{"href":"https:\/\/rama-ayana.ru\/index.php?rest_route=\/wp\/v2\/types\/page"}],"author":[{"embeddable":true,"href":"https:\/\/rama-ayana.ru\/index.php?rest_route=\/wp\/v2\/users\/1"}],"replies":[{"embeddable":true,"href":"https:\/\/rama-ayana.ru\/index.php?rest_route=%2Fwp%2Fv2%2Fcomments&post=1469"}],"version-history":[{"count":7,"href":"https:\/\/rama-ayana.ru\/index.php?rest_route=\/wp\/v2\/pages\/1469\/revisions"}],"predecessor-version":[{"id":1502,"href":"https:\/\/rama-ayana.ru\/index.php?rest_route=\/wp\/v2\/pages\/1469\/revisions\/1502"}],"wp:attachment":[{"href":"https:\/\/rama-ayana.ru\/index.php?rest_route=%2Fwp%2Fv2%2Fmedia&parent=1469"}],"curies":[{"name":"wp","href":"https:\/\/api.w.org\/{rel}","templated":true}]}}