{"id":1453,"date":"2024-09-11T06:56:32","date_gmt":"2024-09-11T06:56:32","guid":{"rendered":"https:\/\/rama-ayana.ru\/?page_id=1453"},"modified":"2025-10-07T18:06:35","modified_gmt":"2025-10-07T16:06:35","slug":"04-ki%e1%b9%a3kindhaka%e1%b9%87%e1%b8%8da-%e0%a4%b8%e0%a4%b0%e0%a5%8d%e0%a4%97%e0%a4%83-%e0%a5%aa%e0%a5%aa","status":"publish","type":"page","link":"https:\/\/rama-ayana.ru\/?page_id=1453","title":{"rendered":"04-Ki\u1e63kindh\u0101k\u0101\u1e47\u1e0da-\u0938\u0930\u094d\u0917\u0903 \u096a\u096a"},"content":{"rendered":"\n<p>\u0965 \u0935\u093e\u0932\u094d\u092e\u0940\u0915\u093f \u0930\u093e\u092e\u093e\u092f\u0923 \u2013 \u0915\u093f\u0937\u094d\u0915\u093f\u0928\u094d\u0927\u093e\u0915\u093e\u0923\u094d\u0921 \u0965<br>\u0965 v\u0101lm\u012bki r\u0101m\u0101ya\u1e47a \u2013 ki\u1e63kindh\u0101k\u0101\u1e47\u1e0da \u0965<\/p>\n\n\n\n<p>\u0965 \u0938\u0930\u094d\u0917-\u096a\u096a\u0965<br>\u0965 sarga-44\u0965<\/p>\n\n\n\n<p>\u041f\u0435\u0440\u0435\u0432\u043e\u0434 \u0441 \u0441\u0430\u043d\u0441\u043a\u0440\u0438\u0442\u0430: \u0410\u043d\u043d\u0430 \u0423\u0441\u0442\u044e\u0433\u043e\u0432\u0430<\/p>\n\n\n\n<p>\u0924\u0926\u0941\u0917\u094d\u0930\u0936\u093e\u0938\u0928\u0902 \u092d\u0930\u094d\u0924\u0941\u0930\u094d\u0935\u093f\u091c\u094d\u091e\u093e\u092f \u0939\u0930\u093f\u092a\u0941\u0919\u094d\u0917\u0935\u093e\u0903 \u0964<br>\u0936\u0932\u092d\u093e \u0907\u0935 \u0938\u091e\u094d\u091a\u093e\u0926\u094d\u092f \u092e\u0947\u0926\u093f\u0928\u0940\u0902 \u0938\u092e\u094d\u092a\u094d\u0930\u0924\u0938\u094d\u0925\u093f\u0930\u0947 \u0965\u0967\u0965<br>tadugra\u015b\u0101sana\u1e43 bharturvij\u00f1\u0101ya haripu\u1e45gav\u0101\u1e25<br>\u015balabh\u0101 iva sa\u00f1c\u0101dya medin\u012b\u1e43 sampratasthire<br>\u0422\u043e\u0442 \u0441\u0442\u0440\u043e\u0433\u0438\u0439 \u043f\u0440\u0438\u043a\u0430\u0437 \u043f\u043e\u0432\u0435\u043b\u0438\u0442\u0435\u043b\u044f \u0443\u0437\u043d\u0430\u0432, \u043e\u0431\u0435\u0437\u044c\u044f\u043d\u044c\u0438 \u0433\u0435\u0440\u043e\u0438, \u043a\u0430\u043a \u0441\u0430\u0440\u0430\u043d\u0447\u0430, \u043f\u043e\u043a\u0440\u044b\u0432, \u0437\u0435\u043c\u043b\u044e \u043e\u0442\u043f\u0440\u0430\u0432\u0438\u043b\u0438\u0441\u044c \u0432 \u043f\u0443\u0442\u044c.<\/p>\n\n\n\n<p>\u0930\u093e\u092e\u0903 \u092a\u094d\u0930\u0938\u094d\u0930\u0935\u0923\u0947 \u0924\u0938\u094d\u092e\u093f\u0928\u094d\u0928\u094d\u092f\u0935\u0938\u0924\u094d\u0938\u0939\u0932\u0915\u094d\u0937\u094d\u092e\u0923\u0903 \u0964<br>\u092a\u094d\u0930\u0924\u0940\u0915\u094d\u0937\u092e\u093e\u0923\u0938\u094d\u0924\u0902 \u092e\u093e\u0938\u0902 \u092f\u0903 \u0938\u0940\u0924\u093e\u0927\u093f\u0917\u092e\u0947 \u0915\u0943\u0924\u0903 \u0965\u0968\u0965<br>r\u0101ma\u1e25 prasrava\u1e47e tasminnyavasatsahalak\u1e63ma\u1e47a\u1e25<br>prat\u012bk\u1e63am\u0101\u1e47asta\u1e43 m\u0101sa\u1e43 ya\u1e25 s\u012bt\u0101dhigame k\u1e5bta\u1e25<br>\u0420\u0430\u043c\u0430 \u043e\u0436\u0438\u0434\u0430\u044e\u0449\u0438\u0439 \u0432\u043c\u0435\u0441\u0442\u0435 \u0441 \u041b\u0430\u043a\u0448\u043c\u0430\u043d\u043e\u043c \u0436\u0438\u043b \u043d\u0430 \u044d\u0442\u043e\u0439 \u041f\u0440\u0430\u0441\u0440\u0430\u0432\u0430\u043d\u0435 (\u0433\u043e\u0440\u0435) \u0442\u043e\u0442 \u043c\u0435\u0441\u044f\u0446, \u043a\u043e\u0442\u043e\u0440\u044b\u0439 \u0441\u0434\u0435\u043b\u0430\u043d \u0432 \u0434\u043e\u0441\u0442\u0438\u0436\u0435\u043d\u0438\u0438 \u0421\u0438\u0442\u044b.<\/p>\n\n\n\n<p>\u0909\u0924\u094d\u0924\u0930\u093e\u0902 \u0924\u0941 \u0926\u093f\u0936\u0902 \u0930\u092e\u094d\u092f\u093e\u0902 \u0917\u093f\u0930\u093f\u0930\u093e\u091c\u0938\u092e\u093e\u0935\u0943\u0924\u093e\u092e\u094d \u0964<br>\u092a\u094d\u0930\u0924\u0938\u094d\u0925\u0947 \u0938\u0939\u0938\u093e \u0935\u0940\u0930\u094b \u0939\u0930\u093f\u0903 \u0936\u0924\u092c\u0932\u093f\u0938\u094d\u0924\u0926\u093e \u0965\u0969\u0965<br>uttar\u0101\u1e43 tu di\u015ba\u1e43 ramy\u0101\u1e43 girir\u0101jasam\u0101v\u1e5bt\u0101m \u0964<br>pratasthe sahas\u0101 v\u012bro hari\u1e25 \u015batabalistad\u0101<br>\u0422\u043e\u0433\u0434\u0430 \u0432 \u0441\u0435\u0432\u0435\u0440\u043d\u0443\u044e, \u043f\u0440\u0435\u043a\u0440\u0430\u0441\u043d\u0443\u044e \u0437\u0435\u043c\u043b\u044e, \u043e\u043a\u0440\u0443\u0436\u0451\u043d\u043d\u0443\u044e \u0433\u043e\u0440\u0430\u043c\u0438, \u0442\u043e\u0442\u0447\u0430\u0441 \u043e\u0442\u043f\u0440\u0430\u0432\u0438\u043b\u0441\u044f \u0433\u0435\u0440\u043e\u0439 \u043e\u0431\u0435\u0437\u044c\u044f\u043d\u0430 \u0428\u0430\u0442\u0430\u0432\u0430\u043b\u0438.<\/p>\n\n\n\n<p>\u092a\u0942\u0930\u094d\u0935\u093e\u0902 \u0926\u093f\u0936\u0902 \u092a\u094d\u0930\u0924\u093f \u092f\u092f\u094c \u0935\u093f\u0928\u0924\u094b \u0939\u0930\u093f\u092f\u0942\u0925\u092a\u0903 \u0965\u096a\u0965<br>p\u016brv\u0101\u1e43 di\u015ba\u1e43 prati yayau vinato hariy\u016bthapa\u1e25<br>\u041a \u0412\u043e\u0441\u0442\u043e\u0447\u043d\u043e\u0439 \u0437\u0435\u043c\u043b\u0435 \u043f\u043e\u0448\u0451\u043b \u043e\u0431\u0435\u0437\u044c\u044f\u043d\u0438\u0439 \u0432\u043e\u0436\u0430\u043a \u0412\u0438\u043d\u0430\u0442\u0430.<\/p>\n\n\n\n<p>\u0924\u093e\u0930\u093e\u0919\u094d\u0917\u0926\u093e\u0926\u093f\u0938\u0939\u093f\u0924\u0903 \u092a\u094d\u0932\u0935\u0917\u0903 \u092a\u0935\u0928\u093e\u0924\u094d\u092e\u091c\u0903 \u0964<br>\u0905\u0917\u0938\u094d\u0924\u094d\u092f\u091a\u0930\u093f\u0924\u093e\u092e\u093e\u0936\u093e\u0902 \u0926\u0915\u094d\u0937\u093f\u0923\u093e\u0902 \u0939\u0930\u093f\u092f\u0942\u0925\u092a\u0903 \u0965\u096b\u0965<br>t\u0101r\u0101\u1e45gad\u0101di sahita\u1e25 plavaga\u1e25 pavan\u0101tmaja\u1e25<br>agastyacarit\u0101m\u0101\u015b\u0101\u1e43 dak\u1e63i\u1e47\u0101\u1e43 hariy\u016bthapa\u1e25<br>\u041e\u0431\u0435\u0437\u044c\u044f\u043d\u0430, \u0441\u044b\u043d \u0432\u0435\u0442\u0440\u0430, \u043e\u0431\u0435\u0437\u044c\u044f\u043d\u0438\u0439 \u0432\u043e\u0436\u0430\u043a, \u0432\u043c\u0435\u0441\u0442\u0435 \u0441 \u0422\u0430\u0440\u043e\u0439, \u0410\u043d\u0433\u0430\u0434\u043e\u0439 \u0438 \u0434\u0440\u0443\u0433\u0438\u043c\u0438 \u0432 \u0441\u0442\u043e\u0440\u043e\u043d\u0443, \u0433\u0434\u0435 \u0436\u0438\u0432\u0451\u0442 \u0410\u0433\u0430\u0441\u0442\u044c\u044f, \u044e\u0436\u043d\u0443\u044e.<\/p>\n\n\n\n<p>\u092a\u0936\u094d\u091a\u093f\u092e\u093e\u0902 \u0924\u0941 \u0926\u093f\u0936\u0902 \u0918\u094b\u0930\u093e\u0902 \u0938\u0941\u0937\u0947\u0923\u0903 \u092a\u094d\u0932\u0935\u0917\u0947\u0936\u094d\u0935\u0930\u0903 \u0964<br>\u092a\u094d\u0930\u0924\u0938\u094d\u0925\u0947 \u0939\u0930\u093f\u0936\u093e\u0930\u094d\u0926\u0942\u0932\u094b \u092d\u0943\u0936\u0902 \u0935\u0930\u0941\u0923\u092a\u093e\u0932\u093f\u0924\u093e\u092e\u094d \u0965\u096c\u0965<br>pa\u015bcim\u0101\u1e43 tu di\u015ba\u1e43 ghor\u0101\u1e43 su\u1e63e\u1e47a\u1e25 plavage\u015bvara\u1e25<br>pratasthe hari\u015b\u0101rd\u016blo bh\u1e5b\u015ba\u1e43 varu\u1e47ap\u0101lit\u0101m<br>\u0412 \u0437\u0430\u043f\u0430\u0434\u043d\u0443\u044e \u0436\u0435 \u0437\u0435\u043c\u043b\u044e \u043e\u0447\u0435\u043d\u044c \u043e\u0445\u0440\u0430\u043d\u044f\u0435\u043c\u0443\u044e \u0412\u0430\u0440\u0443\u043d\u043e\u0439, \u0443\u0436\u0430\u0441\u043d\u0443\u044e, \u0421\u0443\u0448\u0435\u043d\u0430, \u043f\u043e\u0432\u0435\u043b\u0438\u0442\u0435\u043b\u044c \u043e\u0431\u0435\u0437\u044c\u044f\u043d, \u043b\u0443\u0447\u0448\u0438\u0439 \u0438\u0437 \u043e\u0431\u0435\u0437\u044c\u044f\u043d, \u043e\u0442\u043f\u0440\u0430\u0432\u0438\u043b\u0441\u044f.<\/p>\n\n\n\n<p>\u0924\u0924\u0903 \u0938\u0930\u094d\u0935\u093e \u0926\u093f\u0936\u094b \u0930\u093e\u091c\u093e \u091a\u094b\u0926\u092f\u093f\u0924\u094d\u0935\u093e \u092f\u0925\u093e\u0924\u0925\u092e\u094d \u0964<br>\u0915\u092a\u093f\u0938\u0947\u0928\u093e\u092a\u0924\u0940\u0928\u094d\u092e\u0941\u0916\u094d\u092f\u093e\u0928\u094d\u092e\u0941\u092e\u094b\u0926 \u0938\u0941\u0916\u093f\u0924\u0903 \u0938\u0941\u0916\u092e\u094d \u0965\u096d\u0965<br>tata\u1e25 sarv\u0101 di\u015bo r\u0101j\u0101 codayitv\u0101 yath\u0101tatham<br>kapisen\u0101pat\u012bnmukhy\u0101nmumoda sukhita\u1e25 sukham<br>\u0417\u0430\u0442\u0435\u043c \u0432\u043e \u0432\u0441\u0435 \u0441\u0442\u043e\u0440\u043e\u043d\u044b \u043d\u0430\u043f\u0440\u0430\u0432\u0438\u0432 \u0434\u043e\u043b\u0436\u043d\u044b\u043c \u043e\u0431\u0440\u0430\u0437\u043e\u043c \u0433\u043b\u0430\u0432\u043d\u044b\u0445 \u043f\u043e\u0432\u0435\u043b\u0438\u0442\u0435\u043b\u0435\u0439 \u043e\u0431\u0435\u0437\u044c\u044f\u043d\u044c\u0435\u0433\u043e \u0432\u043e\u0439\u0441\u043a\u0430, \u0446\u0430\u0440\u044c \u043f\u0440\u0438\u044f\u0442\u043d\u043e \u043e\u0431\u0440\u0430\u0434\u043e\u0432\u0430\u043b\u0441\u044f, \u0441\u0447\u0430\u0441\u0442\u043b\u0438\u0432\u044b\u0439.<\/p>\n\n\n\n<p>\u090f\u0935\u0902 \u0938\u091e\u094d\u091a\u094b\u0926\u093f\u0924\u093e\u0903 \u0938\u0930\u094d\u0935\u0947 \u0930\u093e\u091c\u094d\u091e\u093e \u0935\u093e\u0928\u0930\u092f\u0942\u0925\u092a\u093e\u0903 \u0964<br>\u0938\u094d\u0935\u093e\u0902 \u0938\u094d\u0935\u093e\u0902 \u0926\u093f\u0936\u092e\u092d\u093f\u092a\u094d\u0930\u0947\u0924\u094d\u092f \u0924\u094d\u0935\u0930\u093f\u0924\u093e\u0903 \u0938\u092e\u094d\u092a\u094d\u0930\u0924\u0938\u094d\u0925\u093f\u0930\u0947 \u0965\u096e\u0965<br>eva\u1e43 sa\u00f1codit\u0101\u1e25 sarve r\u0101j\u00f1\u0101 v\u0101naray\u016bthap\u0101\u1e25<br>sv\u0101\u1e43 sv\u0101\u1e43 di\u015bamabhipretya tvarit\u0101\u1e25 sampratasthire<br>\u0422\u0430\u043a \u043f\u043e\u0431\u0443\u0436\u0434\u0451\u043d\u043d\u044b\u0435 \u0446\u0430\u0440\u0451\u043c \u0432\u0441\u0435 \u043e\u0431\u0435\u0437\u044c\u044f\u043d\u044c\u0438 \u0432\u043e\u0436\u0430\u043a\u0438, \u043a\u0430\u0436\u0434\u044b\u0439 \u043a \u0441\u0432\u043e\u0435\u0439 \u0437\u0435\u043c\u043b\u0435 \u043f\u043e\u0434\u0445\u043e\u0434\u044f, \u0441\u043f\u0435\u0448\u0438\u0432\u0448\u0438\u0435, \u043e\u0442\u043f\u0440\u0430\u0432\u0438\u043b\u0438\u0441\u044c \u0432 \u043f\u0443\u0442\u044c.<\/p>\n\n\n\n<p>\u0928\u0926\u0928\u094d\u0924\u0936\u094d\u091a\u094b\u0928\u094d\u0928\u0926\u0928\u094d\u0924\u0936\u094d\u091a \u0917\u0930\u094d\u091c\u0928\u094d\u0924\u0936\u094d\u091a \u092a\u094d\u0932\u0935\u0919\u094d\u0917\u092e\u093e\u0903 \u0964<br>\u0915\u094d\u0937\u094d\u0935\u0947\u0932\u0928\u094d\u0924\u094b \u0927\u093e\u0935\u092e\u093e\u0928\u093e\u0936\u094d\u091a \u092f\u092f\u0941\u0903 \u092a\u094d\u0932\u0935\u0917\u0938\u0924\u094d\u0924\u092e\u093e\u0903 \u0964<br>\u0906\u0928\u092f\u093f\u0937\u094d\u092f\u093e\u092e\u0939\u0947 \u0938\u0940\u0924\u093e\u0902 \u0939\u0928\u093f\u0937\u094d\u092f\u093e\u092e\u0936\u094d\u091a \u0930\u093e\u0935\u0923\u092e\u094d \u0965\u096f\u0965<br>nadanta\u015bconnadanta\u015bca garjanta\u015bca plava\u1e45gam\u0101\u1e25<br>k\u1e63velanto dh\u0101vam\u0101n\u0101\u015bca yayu\u1e25 plavagasattam\u0101\u1e25<br>\u0101nayi\u1e63y\u0101mahe s\u012bt\u0101\u1e43 hani\u1e63y\u0101ma\u015bca r\u0101va\u1e47am<br>\u0418 \u0440\u0435\u0432\u0443\u0449\u0438\u0435, \u0438 \u0432\u0441\u043a\u0440\u0438\u043a\u0438\u0432\u0430\u044e\u0449\u0438\u0435, \u0438 \u0440\u044b\u0447\u0430\u0449\u0438\u0435 \u043e\u0431\u0435\u0437\u044c\u044f\u043d\u044b, \u043f\u0440\u044b\u0433\u0430\u044e\u0449\u0438\u0435 \u0438 \u0431\u0435\u0433\u0443\u0449\u0438\u0435, \u0448\u043b\u0438 \u043b\u0443\u0447\u0448\u0438\u0435 \u0438\u0437 \u043e\u0431\u0435\u0437\u044c\u044f\u043d: \u201c\u0414\u043e\u0441\u0442\u0430\u0432\u0438\u043c \u0421\u0438\u0442\u0443 \u0438 \u0443\u0431\u044c\u0451\u043c \u0420\u0430\u0432\u0430\u043d\u0443!\u201d<\/p>\n\n\n\n<p>\u0905\u0939\u092e\u0947\u0915\u094b \u0939\u0928\u093f\u0937\u094d\u092f\u093e\u092e\u093f \u092a\u094d\u0930\u093e\u092a\u094d\u0924\u0902 \u0930\u093e\u0935\u0923\u092e\u093e\u0939\u0935\u0947 \u0964<br>\u0924\u0924\u0936\u094d\u091a\u094b\u0928\u094d\u092e\u0925\u094d\u092f \u0938\u0939\u0938\u093e \u0939\u0930\u093f\u0937\u094d\u092f\u0947 \u091c\u0928\u0915\u093e\u0924\u094d\u092e\u091c\u093e\u092e\u094d \u0965\u0967\u0966\u0965<br>ahameko hani\u1e63y\u0101mi pr\u0101pta\u1e43 r\u0101va\u1e47am\u0101have<br>tata\u015bconmathya sahas\u0101 hari\u1e63ye janak\u0101tmaj\u0101m<br>\u00ab\u042f \u043e\u0434\u0438\u043d \u0443\u0431\u044c\u044e \u0434\u043e\u0441\u0442\u0438\u0433\u043d\u0443\u0442\u043e\u0433\u043e \u0420\u0430\u0432\u0430\u043d\u0443 \u0432 \u0431\u043e\u0440\u044c\u0431\u0435 \u0438 \u0437\u0430\u0442\u0435\u043c, \u0443\u0431\u0438\u0432, \u0442\u043e\u0442 \u0447\u0430\u0441 \u043f\u043e\u043b\u0443\u0447\u0443 \u0440\u043e\u0434\u043d\u0443\u044e \u0434\u043e\u0447\u044c \u0414\u0436\u0430\u043d\u0430\u043a\u0438\u00bb.<\/p>\n\n\n\n<p>\u0935\u0947\u092a\u092e\u093e\u0928\u093e\u0902 \u0936\u094d\u0930\u092e\u0947\u0923\u093e\u0926\u094d\u092f \u092d\u0935\u0926\u094d\u092d\u093f\u0903 \u0938\u094d\u0925\u0940\u092f\u0924\u093e\u092e\u093f\u0924\u093f \u0964<br>\u090f\u0915 \u090f\u0935\u093e\u0939\u0930\u093f\u0937\u094d\u092f\u093e\u092e\u093f \u092a\u093e\u0924\u093e\u0932\u093e\u0926\u092a\u093f \u091c\u093e\u0928\u0915\u0940\u092e\u094d \u0965\u0967\u0967\u0965<br>vepam\u0101n\u0101\u1e43 \u015brame\u1e47\u0101dya bhavadbhi\u1e25 sth\u012byat\u0101miti<br>eka ev\u0101hari\u1e63y\u0101mi p\u0101t\u0101l\u0101dapi j\u0101nak\u012bm<br>\u201c\u0422\u0440\u044f\u0441\u0443\u0449\u0443\u044e\u0441\u044f \u043e\u0442 \u0443\u0441\u0442\u0430\u043b\u043e\u0441\u0442\u0438 \u0414\u0436\u0430\u043d\u0430\u043a\u0438 \u0441\u0435\u0439\u0447\u0430\u0441 \u044f \u043e\u0434\u0438\u043d \u0437\u0430\u0431\u0435\u0440\u0443 \u0434\u0430\u0436\u0435 \u0438\u0437 \u041f\u0430\u0442\u0430\u043b\u044b. \u0410 \u0412\u044b \u043e\u0441\u0442\u0430\u0432\u0430\u0439\u0442\u0435\u0441\u044c!\u201d<\/p>\n\n\n\n<p>\u0935\u093f\u0927\u092e\u093f\u0937\u094d\u092f\u093e\u092e\u094d\u092f\u0939\u0902 \u0935\u0943\u0915\u094d\u0937\u093e\u0928\u094d\u0926\u093e\u0930\u092f\u093f\u0937\u094d\u092f\u093e\u092e\u094d\u092f\u0939\u0902 \u0917\u093f\u0930\u0940\u0928\u094d \u0964<br>\u0927\u0930\u0923\u0940\u0902 \u0926\u093e\u0930\u092f\u093f\u0937\u094d\u092f\u093e\u092e\u093f \u0915\u094d\u0937\u094b\u092d\u092f\u093f\u0937\u094d\u092f\u093e\u092e\u093f \u0938\u093e\u0917\u0930\u093e\u0928\u094d \u0965\u0967\u0968\u0965<br>vidhami\u1e63y\u0101myaha\u1e43 v\u1e5bk\u1e63\u0101nd\u0101rayi\u1e63y\u0101myaha\u1e43 gir\u012bn<br>dhara\u1e47\u012b\u1e43 d\u0101rayi\u1e63y\u0101mi k\u1e63obhayi\u1e63y\u0101mi s\u0101gar\u0101n<br>\u201c\u042f \u0440\u0430\u0441\u0441\u0435\u044e \u0434\u0435\u0440\u0435\u0432\u044c\u044f, \u044f \u0440\u0430\u0437\u043e\u0431\u044c\u044e \u0433\u043e\u0440\u044b, \u0437\u0435\u043c\u043b\u044e \u0440\u0430\u0437\u043e\u0431\u044c\u044e, \u0432\u0437\u0432\u043e\u043b\u043d\u0443\u044e \u043e\u043a\u0435\u0430\u043d\u044b!\u201d<\/p>\n\n\n\n<p>\u0905\u0939\u0902 \u092f\u094b\u091c\u0928\u0938\u0919\u094d\u0916\u094d\u092f\u093e\u092f\u093e\u0903 \u092a\u094d\u0932\u0935\u093f\u0924\u093e \u0928\u093e\u0924\u094d\u0930 \u0938\u0902\u0936\u092f\u0903 \u0964<br>\u0936\u0924\u0902 \u092f\u094b\u091c\u0928\u0938\u0919\u094d\u0916\u094d\u092f\u093e\u092f\u093e\u0903 \u0936\u0924\u0902 \u0938\u092e\u0927\u093f\u0915\u0902 \u0939\u094d\u092f\u0939\u092e\u094d \u0965\u0967\u0969\u0965<br>aha\u1e43 yojanasa\u1e45khy\u0101y\u0101\u1e25 plavit\u0101 n\u0101tra sa\u1e43\u015baya\u1e25<br>\u015bata\u1e43 yojanasa\u1e45khy\u0101y\u0101\u1e25 \u015bata\u1e43 samadhika\u1e43 hyaham<br>\u201c\u042f \u043f\u0440\u044b\u0433\u043d\u0443 \u043d\u0430 \u0439\u043e\u0434\u0436\u0438\u043d\u0443, \u0437\u0434\u0435\u0441\u044c \u043d\u0435\u0442 \u0441\u043e\u043c\u043d\u0435\u043d\u0438\u044f, \u043d\u0430 100 \u0439\u043e\u0434\u0436\u0438\u043d, \u044f \u0436\u0435 \u0435\u0449\u0451 \u043d\u0430 \u0441\u043e\u0442\u043d\u044e!\u201d<\/p>\n\n\n\n<p>\u092d\u0942\u0924\u0932\u0947 \u0938\u093e\u0917\u0930\u0947 \u0935\u093e\u092a\u093f \u0936\u0948\u0932\u0947\u0937\u0941 \u091a \u0935\u0928\u0947\u0937\u0941 \u091a \u0964<br>\u092a\u093e\u0924\u093e\u0932\u0938\u094d\u092f\u093e\u092a\u093f \u0935\u093e \u092e\u0927\u094d\u092f\u0947 \u0928 \u092e\u092e\u093e\u091a\u094d\u091b\u093f\u0926\u094d\u092f\u0924\u0947 \u0917\u0924\u093f\u0903 \u0965\u0967\u096a\u0965<br>bh\u016btale s\u0101gare v\u0101pi \u015baile\u1e63u ca vane\u1e63u ca<br>p\u0101t\u0101lasy\u0101pi v\u0101 madhye na mam\u0101cchidyate gati\u1e25<br>\u201c\u0417\u0435\u043c\u043b\u0451\u0439, \u043e\u043a\u0435\u0430\u043d\u043e\u043c \u0438\u043b\u0438 \u0436\u0435 \u0433\u043e\u0440\u0430\u043c\u0438, \u0438\u043b\u0438 \u043b\u0435\u0441\u0430\u043c\u0438, \u0438\u043b\u0438 \u0434\u0430\u0436\u0435 \u0432 \u0441\u0435\u0440\u0435\u0434\u0438\u043d\u043e\u0439 \u041f\u0430\u0442\u0430\u043b\u044b &#8211; \u043c\u043e\u0439 \u043f\u0443\u0442\u044c \u043d\u0435 \u043e\u0433\u0440\u0430\u043d\u0438\u0447\u0438\u0442\u0441\u044f!\u201d<\/p>\n\n\n\n<p>\u0907\u0924\u094d\u092f\u0947\u0915\u0948\u0915\u0902 \u0924\u0926\u093e \u0924\u0924\u094d\u0930 \u0935\u093e\u0928\u0930\u093e \u092c\u0932\u0926\u0930\u094d\u092a\u093f\u0924\u093e\u0903 \u0964<br>\u090a\u091a\u0941\u0936\u094d\u091a \u0935\u091a\u0928\u0902 \u0924\u0938\u094d\u092e\u093f\u0928\u094d\u0939\u0930\u093f\u0930\u093e\u091c\u0938\u094d\u092f \u0938\u0902\u0928\u093f\u0927\u094c \u0965\u0967\u096b\u0965<br>ityekaika\u1e43 tad\u0101 tatra v\u0101nar\u0101 baladarpit\u0101\u1e25<br>\u016bcu\u015bca vacana\u1e43 tasminharir\u0101jasya sa\u1e43nidhau<br>\u0422\u0430\u043a \u043e\u0434\u0438\u043d \u0437\u0430 \u0434\u0440\u0443\u0433\u0438\u043c \u0442\u043e\u0433\u0434\u0430 \u0442\u0430\u043c \u043e\u0431\u0435\u0437\u044c\u044f\u043d\u044b, \u0433\u043e\u0440\u0434\u044f\u0449\u0438\u0435\u0441\u044f \u0441\u0438\u043b\u043e\u0439, \u0441\u043a\u0430\u0437\u0430\u043b\u0438 \u0435\u043c\u0443 \u0440\u0435\u0447\u044c \u0432 \u043f\u0440\u0438\u0441\u0443\u0442\u0441\u0442\u0432\u0438\u0438 \u043e\u0431\u0435\u0437\u044c\u044f\u043d\u044c\u0435\u0433\u043e \u0446\u0430\u0440\u044f.<\/p>\n","protected":false},"excerpt":{"rendered":"<p>\u0965 \u0935\u093e\u0932\u094d\u092e\u0940\u0915\u093f \u0930\u093e\u092e\u093e\u092f\u0923 \u2013 \u0915\u093f\u0937\u094d\u0915\u093f\u0928\u094d\u0927\u093e\u0915\u093e\u0923\u094d\u0921 \u0965\u0965 v\u0101lm\u012bki r\u0101m\u0101ya\u1e47a \u2013 ki\u1e63kindh\u0101k\u0101\u1e47\u1e0da \u0965 \u0965 \u0938\u0930\u094d\u0917-\u096a\u096a\u0965\u0965 sarga-44\u0965 \u041f\u0435\u0440\u0435\u0432\u043e\u0434 \u0441 \u0441\u0430\u043d\u0441\u043a\u0440\u0438\u0442\u0430: \u0410\u043d\u043d\u0430 \u0423\u0441\u0442\u044e\u0433\u043e\u0432\u0430 \u0924\u0926\u0941\u0917\u094d\u0930\u0936\u093e\u0938\u0928\u0902&hellip;<\/p>\n","protected":false},"author":1,"featured_media":0,"parent":0,"menu_order":0,"comment_status":"closed","ping_status":"closed","template":"","meta":{"footnotes":""},"class_list":["post-1453","page","type-page","status-publish","hentry"],"_links":{"self":[{"href":"https:\/\/rama-ayana.ru\/index.php?rest_route=\/wp\/v2\/pages\/1453","targetHints":{"allow":["GET"]}}],"collection":[{"href":"https:\/\/rama-ayana.ru\/index.php?rest_route=\/wp\/v2\/pages"}],"about":[{"href":"https:\/\/rama-ayana.ru\/index.php?rest_route=\/wp\/v2\/types\/page"}],"author":[{"embeddable":true,"href":"https:\/\/rama-ayana.ru\/index.php?rest_route=\/wp\/v2\/users\/1"}],"replies":[{"embeddable":true,"href":"https:\/\/rama-ayana.ru\/index.php?rest_route=%2Fwp%2Fv2%2Fcomments&post=1453"}],"version-history":[{"count":9,"href":"https:\/\/rama-ayana.ru\/index.php?rest_route=\/wp\/v2\/pages\/1453\/revisions"}],"predecessor-version":[{"id":1478,"href":"https:\/\/rama-ayana.ru\/index.php?rest_route=\/wp\/v2\/pages\/1453\/revisions\/1478"}],"wp:attachment":[{"href":"https:\/\/rama-ayana.ru\/index.php?rest_route=%2Fwp%2Fv2%2Fmedia&parent=1453"}],"curies":[{"name":"wp","href":"https:\/\/api.w.org\/{rel}","templated":true}]}}